{"id":157142,"date":"2022-08-25T13:06:44","date_gmt":"2022-08-25T12:06:44","guid":{"rendered":"https:\/\/theinvisiblecollection.com\/?post_type=product&#038;p=157142"},"modified":"2026-05-08T04:39:57","modified_gmt":"2026-05-08T04:39:57","slug":"saved-ny-plaid-vert-a-imprime-leopard-queen","status":"publish","type":"product","link":"https:\/\/theinvisiblecollection.com\/fr\/produit\/saved-ny-plaid-vert-a-imprime-leopard-queen\/","title":{"rendered":"Plaid Vert A Imprim\u00e9 L\u00e9opard Queen"},"content":{"rendered":"<p style=\"text-align: justify;\">Ce plaid au motif l\u00e9opard, tout en cachemire et d\u00e9clin\u00e9 en trois versions, apporte un twist vraiment chic et tendance \u00e0 n&#8217;importe quel int\u00e9rieur. Il est propos\u00e9 en plusieurs dimensions.<\/p>\n","protected":false},"excerpt":{"rendered":"<ul>\n<li>Composition : 100% cachemire Mongol d&#8217;origine durable \/ tricot jacquard fin<\/li>\n<\/ul>\n","protected":false},"featured_media":1209147,"template":"","meta":{"_acf_changed":false,"content-type":"","_themeisle_gutenberg_block_has_review":false},"product_brand":[],"product_cat":[12530,19973],"product_tag":[22790],"product_designer":[],"comfabric":[],"manufacturer":[20595],"reporting_designer":[],"samplecomfabric":[],"designer_clubroom":[20507],"class_list":{"0":"post-157142","1":"product","2":"type-product","3":"status-publish","4":"has-post-thumbnail","6":"clubroom_taxonomies-gift-room","7":"product_cat-coussins-plaids","8":"product_cat-accessoires-pour-la-maison","9":"product_tag-disponible-immediatement","10":"manufacturer-saved-ny-fr","11":"clubroom_product_designer-saved-ny-fr","12":"exhibitions-paris-fr","14":"first","15":"instock","16":"taxable","17":"shipping-taxable","18":"purchasable","19":"product-type-simple"},"acf":[],"_links":{"self":[{"href":"https:\/\/theinvisiblecollection.com\/fr\/wp-json\/wp\/v2\/product\/157142","targetHints":{"allow":["GET"]}}],"collection":[{"href":"https:\/\/theinvisiblecollection.com\/fr\/wp-json\/wp\/v2\/product"}],"about":[{"href":"https:\/\/theinvisiblecollection.com\/fr\/wp-json\/wp\/v2\/types\/product"}],"wp:featuredmedia":[{"embeddable":true,"href":"https:\/\/theinvisiblecollection.com\/fr\/wp-json\/wp\/v2\/media\/1209147"}],"wp:attachment":[{"href":"https:\/\/theinvisiblecollection.com\/fr\/wp-json\/wp\/v2\/media?parent=157142"}],"wp:term":[{"taxonomy":"product_brand","embeddable":true,"href":"https:\/\/theinvisiblecollection.com\/fr\/wp-json\/wp\/v2\/product_brand?post=157142"},{"taxonomy":"product_cat","embeddable":true,"href":"https:\/\/theinvisiblecollection.com\/fr\/wp-json\/wp\/v2\/product_cat?post=157142"},{"taxonomy":"product_tag","embeddable":true,"href":"https:\/\/theinvisiblecollection.com\/fr\/wp-json\/wp\/v2\/product_tag?post=157142"},{"taxonomy":"product_designer","embeddable":true,"href":"https:\/\/theinvisiblecollection.com\/fr\/wp-json\/wp\/v2\/product_designer?post=157142"},{"taxonomy":"comfabric","embeddable":true,"href":"https:\/\/theinvisiblecollection.com\/fr\/wp-json\/wp\/v2\/comfabric?post=157142"},{"taxonomy":"manufacturer","embeddable":true,"href":"https:\/\/theinvisiblecollection.com\/fr\/wp-json\/wp\/v2\/manufacturer?post=157142"},{"taxonomy":"reporting_designer","embeddable":true,"href":"https:\/\/theinvisiblecollection.com\/fr\/wp-json\/wp\/v2\/reporting_designer?post=157142"},{"taxonomy":"samplecomfabric","embeddable":true,"href":"https:\/\/theinvisiblecollection.com\/fr\/wp-json\/wp\/v2\/samplecomfabric?post=157142"},{"taxonomy":"clubroom_product_designer","embeddable":true,"href":"https:\/\/theinvisiblecollection.com\/fr\/wp-json\/wp\/v2\/designer_clubroom?post=157142"}],"curies":[{"name":"wp","href":"https:\/\/api.w.org\/{rel}","templated":true}]}}