{"id":157152,"date":"2022-08-05T14:29:00","date_gmt":"2022-08-05T13:29:00","guid":{"rendered":"https:\/\/theinvisiblecollection.com\/?post_type=product&#038;p=157152"},"modified":"2026-05-01T07:38:44","modified_gmt":"2026-05-01T07:38:44","slug":"lobmeyr-x-tatiana-de-nicolay-set-de-6-timbales-en-cristal-garden-of-paradise","status":"publish","type":"product","link":"https:\/\/theinvisiblecollection.com\/fr\/produit\/lobmeyr-x-tatiana-de-nicolay-set-de-6-timbales-en-cristal-garden-of-paradise\/","title":{"rendered":"Set de 6 timbales en cristal Garden of Paradise"},"content":{"rendered":"<p style=\"text-align: justify;\">Gobelets peints \u00e0 la main en verre fin de Lobmeyr&#8230; Rencontrez l&#8217;univers po\u00e9tique de Tatiana de Nicolay : des oiseaux exotiques perch\u00e9s sur leurs branches profitent de la puret\u00e9 de l&#8217;eau claire.<\/p>\n","protected":false},"excerpt":{"rendered":"<ul>\n<li>Set de 6 verres<\/li>\n<li>Composition : cristal<\/li>\n<\/ul>\n","protected":false},"featured_media":1514236,"template":"","meta":{"_acf_changed":false,"content-type":"","_themeisle_gutenberg_block_has_review":false},"product_brand":[],"product_cat":[12535,19973,19981,19986],"product_tag":[22790],"product_designer":[],"comfabric":[],"manufacturer":[16795],"reporting_designer":[],"samplecomfabric":[],"designer_clubroom":[20488,20607,21578],"class_list":{"0":"post-157152","1":"product","2":"type-product","3":"status-publish","4":"has-post-thumbnail","6":"clubroom_taxonomies-gift-room","7":"product_cat-arts-de-la-table","8":"product_cat-accessoires-pour-la-maison","9":"product_cat-art-de-la-table","10":"product_cat-verres","11":"product_tag-disponible-immediatement","12":"manufacturer-j-l-lobmeyer-fr","13":"clubroom_product_designer-lobmeyr-x-tatiana-de-nicolay-fr","14":"clubroom_product_designer-tatiana-de-nicolay-fr","15":"clubroom_product_designer-lobmeyr-fr","16":"exhibitions-paris-fr","18":"first","19":"instock","20":"featured","21":"taxable","22":"shipping-taxable","23":"purchasable","24":"product-type-simple"},"acf":[],"_links":{"self":[{"href":"https:\/\/theinvisiblecollection.com\/fr\/wp-json\/wp\/v2\/product\/157152","targetHints":{"allow":["GET"]}}],"collection":[{"href":"https:\/\/theinvisiblecollection.com\/fr\/wp-json\/wp\/v2\/product"}],"about":[{"href":"https:\/\/theinvisiblecollection.com\/fr\/wp-json\/wp\/v2\/types\/product"}],"wp:featuredmedia":[{"embeddable":true,"href":"https:\/\/theinvisiblecollection.com\/fr\/wp-json\/wp\/v2\/media\/1514236"}],"wp:attachment":[{"href":"https:\/\/theinvisiblecollection.com\/fr\/wp-json\/wp\/v2\/media?parent=157152"}],"wp:term":[{"taxonomy":"product_brand","embeddable":true,"href":"https:\/\/theinvisiblecollection.com\/fr\/wp-json\/wp\/v2\/product_brand?post=157152"},{"taxonomy":"product_cat","embeddable":true,"href":"https:\/\/theinvisiblecollection.com\/fr\/wp-json\/wp\/v2\/product_cat?post=157152"},{"taxonomy":"product_tag","embeddable":true,"href":"https:\/\/theinvisiblecollection.com\/fr\/wp-json\/wp\/v2\/product_tag?post=157152"},{"taxonomy":"product_designer","embeddable":true,"href":"https:\/\/theinvisiblecollection.com\/fr\/wp-json\/wp\/v2\/product_designer?post=157152"},{"taxonomy":"comfabric","embeddable":true,"href":"https:\/\/theinvisiblecollection.com\/fr\/wp-json\/wp\/v2\/comfabric?post=157152"},{"taxonomy":"manufacturer","embeddable":true,"href":"https:\/\/theinvisiblecollection.com\/fr\/wp-json\/wp\/v2\/manufacturer?post=157152"},{"taxonomy":"reporting_designer","embeddable":true,"href":"https:\/\/theinvisiblecollection.com\/fr\/wp-json\/wp\/v2\/reporting_designer?post=157152"},{"taxonomy":"samplecomfabric","embeddable":true,"href":"https:\/\/theinvisiblecollection.com\/fr\/wp-json\/wp\/v2\/samplecomfabric?post=157152"},{"taxonomy":"clubroom_product_designer","embeddable":true,"href":"https:\/\/theinvisiblecollection.com\/fr\/wp-json\/wp\/v2\/designer_clubroom?post=157152"}],"curies":[{"name":"wp","href":"https:\/\/api.w.org\/{rel}","templated":true}]}}