{"id":157315,"date":"2025-02-21T10:57:23","date_gmt":"2025-02-21T10:57:23","guid":{"rendered":"https:\/\/theinvisiblecollection.com\/?post_type=product&#038;p=157315"},"modified":"2026-05-01T07:38:44","modified_gmt":"2026-05-01T07:38:44","slug":"noe-duchaufour-lawrance-suspension-nazare-1","status":"publish","type":"product","link":"https:\/\/theinvisiblecollection.com\/fr\/produit\/noe-duchaufour-lawrance-suspension-nazare-1\/","title":{"rendered":"Suspension Nazar\u00e9 1"},"content":{"rendered":"<p style=\"text-align: justify;\">Les lampes tubulaires Nazar\u00e9 de No\u00e9 Duchaufour-Lawrance rappellent les ondulations dor\u00e9es de la lumi\u00e8re qui scintillent \u00e0 la surface de l&#8217;oc\u00e9an. Une patine sombre sur un coquillage brut portant un tr\u00e9sor de lumi\u00e8re cach\u00e9 en son c\u0153ur. La lumi\u00e8re devient aquatique et immersive dans un jeu de dualit\u00e9 et de contraste.<\/p>\n","protected":false},"excerpt":{"rendered":"<p>\u00c9dition limit\u00e9e de 12 pi\u00e8ces<br \/>\nLampe dimmable moul\u00e9e en bronze avec une patine noire \u00e0 l&#8217;ext\u00e9rieur et une surface polie \u00e0 l&#8217;int\u00e9rieur<br \/>\nNazar\u00e9 se d\u00e9cline en deux autres styles : suspension <a href=\"https:\/\/theinvisiblecollection.com\/fr\/produit\/noe-duchaufour-lawrance-suspension-nazare-2\/\" target=\"_blank\" rel=\"noopener\"><span style=\"text-decoration: underline;\">circulaire<\/span><\/a> et oblongue<\/p>\n<p>180 cm<br \/>\nHauteur \u00e0 d\u00e9finir au moment de la commande<\/p>\n<p>Fabriqu\u00e9e \u00e0 la main \u00e0 Paris par Ateliers Fran\u00e7ois Pouenat<br \/>\nD\u00e9lais de fabrication : 14 &#8211; 16 semaines<\/p>\n<p class=\"p1\"><span style=\"text-decoration: underline;\"><span class=\"s1\"><a href=\"https:\/\/www.theinvisiblecollection.com\/fr\/demande-de-devis\/?product_id=157315\" target=\"_blank\" rel=\"noopener\">Contactez-nous pour toute demande de devis ou de renseignements<\/a><\/span><\/span><\/p>\n","protected":false},"featured_media":1008935,"template":"","meta":{"_acf_changed":false,"content-type":"","_themeisle_gutenberg_block_has_review":false},"product_brand":[],"product_cat":[8961,12507],"product_tag":[33319],"product_designer":[18423],"comfabric":[],"manufacturer":[36508],"reporting_designer":[37746],"samplecomfabric":[],"designer_clubroom":[],"class_list":{"0":"post-157315","1":"product","2":"type-product","3":"status-publish","4":"has-post-thumbnail","6":"product_cat-suspensions","7":"product_cat-luminaires","8":"product_tag-edition-limitee","9":"product_designer-noe-duchaufour-lawrance-fr","10":"manufacturer-ndl-pick-up-atelier-franois-pouenat-fr","11":"reporting_designer-noe-duchaufour-lawrance","13":"first","14":"instock","15":"featured","16":"taxable","17":"shipping-taxable","18":"purchasable","19":"product-type-simple"},"acf":[],"_links":{"self":[{"href":"https:\/\/theinvisiblecollection.com\/fr\/wp-json\/wp\/v2\/product\/157315","targetHints":{"allow":["GET"]}}],"collection":[{"href":"https:\/\/theinvisiblecollection.com\/fr\/wp-json\/wp\/v2\/product"}],"about":[{"href":"https:\/\/theinvisiblecollection.com\/fr\/wp-json\/wp\/v2\/types\/product"}],"wp:featuredmedia":[{"embeddable":true,"href":"https:\/\/theinvisiblecollection.com\/fr\/wp-json\/wp\/v2\/media\/1008935"}],"wp:attachment":[{"href":"https:\/\/theinvisiblecollection.com\/fr\/wp-json\/wp\/v2\/media?parent=157315"}],"wp:term":[{"taxonomy":"product_brand","embeddable":true,"href":"https:\/\/theinvisiblecollection.com\/fr\/wp-json\/wp\/v2\/product_brand?post=157315"},{"taxonomy":"product_cat","embeddable":true,"href":"https:\/\/theinvisiblecollection.com\/fr\/wp-json\/wp\/v2\/product_cat?post=157315"},{"taxonomy":"product_tag","embeddable":true,"href":"https:\/\/theinvisiblecollection.com\/fr\/wp-json\/wp\/v2\/product_tag?post=157315"},{"taxonomy":"product_designer","embeddable":true,"href":"https:\/\/theinvisiblecollection.com\/fr\/wp-json\/wp\/v2\/product_designer?post=157315"},{"taxonomy":"comfabric","embeddable":true,"href":"https:\/\/theinvisiblecollection.com\/fr\/wp-json\/wp\/v2\/comfabric?post=157315"},{"taxonomy":"manufacturer","embeddable":true,"href":"https:\/\/theinvisiblecollection.com\/fr\/wp-json\/wp\/v2\/manufacturer?post=157315"},{"taxonomy":"reporting_designer","embeddable":true,"href":"https:\/\/theinvisiblecollection.com\/fr\/wp-json\/wp\/v2\/reporting_designer?post=157315"},{"taxonomy":"samplecomfabric","embeddable":true,"href":"https:\/\/theinvisiblecollection.com\/fr\/wp-json\/wp\/v2\/samplecomfabric?post=157315"},{"taxonomy":"clubroom_product_designer","embeddable":true,"href":"https:\/\/theinvisiblecollection.com\/fr\/wp-json\/wp\/v2\/designer_clubroom?post=157315"}],"curies":[{"name":"wp","href":"https:\/\/api.w.org\/{rel}","templated":true}]}}