{"id":157328,"date":"2022-08-16T12:02:09","date_gmt":"2022-08-16T11:02:09","guid":{"rendered":"https:\/\/theinvisiblecollection.com\/?post_type=product&#038;p=157328"},"modified":"2026-05-01T07:38:44","modified_gmt":"2026-05-01T07:38:44","slug":"noe-duchaufour-lawrance-canape-whisper-triple-assises","status":"publish","type":"product","link":"https:\/\/theinvisiblecollection.com\/fr\/produit\/noe-duchaufour-lawrance-canape-whisper-triple-assises\/","title":{"rendered":"Canap\u00e9 Whisper Triple Assises"},"content":{"rendered":"<p style=\"text-align: justify;\"><span class=\"TextRun SCXW41183924 BCX0\" lang=\"EN-GB\" xml:lang=\"EN-GB\" data-contrast=\"auto\"><span class=\"NormalTextRun SCXW41183924 BCX0\">Le <\/span><span class=\"NormalTextRun SpellingErrorV2Themed SCXW41183924 BCX0\">canap\u00e9<\/span><span class=\"NormalTextRun SCXW41183924 BCX0\"> Whisper de No\u00e9 <\/span><span class=\"NormalTextRun SpellingErrorV2Themed SCXW41183924 BCX0\">Duchaufour<\/span><span class=\"NormalTextRun SCXW41183924 BCX0\">-Lawrance se <\/span><span class=\"NormalTextRun SpellingErrorV2Themed SCXW41183924 BCX0\">d\u00e9finit<\/span><span class=\"NormalTextRun SCXW41183924 BCX0\"> par des <\/span><span class=\"NormalTextRun SpellingErrorV2Themed SCXW41183924 BCX0\">formes<\/span> <span class=\"NormalTextRun SpellingErrorV2Themed SCXW41183924 BCX0\">courbes<\/span><span class=\"NormalTextRun SCXW41183924 BCX0\"> et <\/span><span class=\"NormalTextRun SpellingErrorV2Themed SCXW41183924 BCX0\">g\u00e9n\u00e9reuses<\/span><span class=\"NormalTextRun SCXW41183924 BCX0\">. La pi\u00e8ce <\/span><span class=\"NormalTextRun SpellingErrorV2Themed SCXW41183924 BCX0\">s\u2019inspire<\/span><span class=\"NormalTextRun SCXW41183924 BCX0\"> de la nature, <\/span><span class=\"NormalTextRun SpellingErrorV2Themed SCXW41183924 BCX0\">\u00e9voquant<\/span><span class=\"NormalTextRun SCXW41183924 BCX0\"> la <\/span><span class=\"NormalTextRun SpellingErrorV2Themed SCXW41183924 BCX0\">s\u00e9r\u00e9nit\u00e9<\/span><span class=\"NormalTextRun SCXW41183924 BCX0\"> et la <\/span><span class=\"NormalTextRun SpellingErrorV2Themed SCXW41183924 BCX0\">beaut\u00e9<\/span> <span class=\"NormalTextRun SpellingErrorV2Themed SCXW41183924 BCX0\">parfaite<\/span><span class=\"NormalTextRun SCXW41183924 BCX0\"> des <\/span><span class=\"NormalTextRun SpellingErrorV2Themed SCXW41183924 BCX0\">paysages<\/span> <span class=\"NormalTextRun SpellingErrorV2Themed SCXW41183924 BCX0\">ondulants<\/span> <span class=\"NormalTextRun SpellingErrorV2Themed SCXW41183924 BCX0\">recouverts<\/span><span class=\"NormalTextRun SCXW41183924 BCX0\"> de <\/span><span class=\"NormalTextRun SpellingErrorV2Themed SCXW41183924 BCX0\">neige<\/span><span class=\"NormalTextRun SCXW41183924 BCX0\">.<\/span><\/span><span class=\"EOP SCXW41183924 BCX0\" data-ccp-props=\"{&quot;201341983&quot;:0,&quot;335559740&quot;:259}\">\u00a0<\/span><\/p>\n","protected":false},"excerpt":{"rendered":"<p>\u00c9dition limit\u00e9e de 12 pi\u00e8ces<br \/>\nCanap\u00e9 et coussins photographi\u00e9s ici en tissu sur-mesure de Rubelli<br \/>\nCinq coussins inclus : un petit, deux moyens, deux larges<br \/>\n<a href=\"https:\/\/theinvisiblecollection.com\/wp-content\/uploads\/2022\/10\/The-Invisible-Collection-_-Noe\u0301-Duchaufour-Lawrance-_Material-Selection_Whisper.jpg\" target=\"_blank\" rel=\"noopener\"><span style=\"text-decoration: underline;\">D\u00e9couvrez la s\u00e9lection de tissus ici<\/span><\/a><\/p>\n<p>L 392 x P 101 x H 84 cm<br \/>\nHauteur d&#8217;assises : 40 cm<br \/>\nTissu requis : 26 m<br \/>\nCuir requis : 40 m<sup>2<\/sup><\/p>\n<p>Tailles des coussins :<br \/>\nPetit : 45 x 25 cm<br \/>\nMoyen : 55 x 30 cm<br \/>\nLarge : 70\u00a0 x 30 cm<\/p>\n<p>Fabriqu\u00e9 \u00e0 la main en France par Ateliers Jouffre<br \/>\nD\u00e9lais de fabrication : 16 semaines<\/p>\n<p class=\"p1\"><span style=\"text-decoration: underline;\"><span class=\"s1\"><a href=\"https:\/\/www.theinvisiblecollection.com\/fr\/demande-de-devis\/?product_id=157328\" target=\"_blank\" rel=\"noopener\">Contactez-nous pour toute demande de devis ou de renseignements<\/a><\/span><\/span><\/p>\n","protected":false},"featured_media":947399,"template":"","meta":{"_acf_changed":false,"content-type":"","_themeisle_gutenberg_block_has_review":false},"product_brand":[],"product_cat":[8976,12499],"product_tag":[7435,31474,31477,33319],"product_designer":[18423],"comfabric":[],"manufacturer":[35615],"reporting_designer":[37746],"samplecomfabric":[],"designer_clubroom":[],"class_list":{"0":"post-157328","1":"product","2":"type-product","3":"status-publish","4":"has-post-thumbnail","6":"product_cat-canapes","7":"product_cat-assises","8":"product_tag-new-in-fr","9":"product_tag-co-white-fr","10":"product_tag-st-curvy-fr","11":"product_tag-edition-limitee","12":"product_designer-noe-duchaufour-lawrance-fr","13":"manufacturer-jouffre-lyon-pick-up-no-duchaufour-lawrance-fr","14":"reporting_designer-noe-duchaufour-lawrance","16":"first","17":"instock","18":"featured","19":"taxable","20":"shipping-taxable","21":"purchasable","22":"product-type-variable"},"acf":[],"_links":{"self":[{"href":"https:\/\/theinvisiblecollection.com\/fr\/wp-json\/wp\/v2\/product\/157328","targetHints":{"allow":["GET"]}}],"collection":[{"href":"https:\/\/theinvisiblecollection.com\/fr\/wp-json\/wp\/v2\/product"}],"about":[{"href":"https:\/\/theinvisiblecollection.com\/fr\/wp-json\/wp\/v2\/types\/product"}],"wp:featuredmedia":[{"embeddable":true,"href":"https:\/\/theinvisiblecollection.com\/fr\/wp-json\/wp\/v2\/media\/947399"}],"wp:attachment":[{"href":"https:\/\/theinvisiblecollection.com\/fr\/wp-json\/wp\/v2\/media?parent=157328"}],"wp:term":[{"taxonomy":"product_brand","embeddable":true,"href":"https:\/\/theinvisiblecollection.com\/fr\/wp-json\/wp\/v2\/product_brand?post=157328"},{"taxonomy":"product_cat","embeddable":true,"href":"https:\/\/theinvisiblecollection.com\/fr\/wp-json\/wp\/v2\/product_cat?post=157328"},{"taxonomy":"product_tag","embeddable":true,"href":"https:\/\/theinvisiblecollection.com\/fr\/wp-json\/wp\/v2\/product_tag?post=157328"},{"taxonomy":"product_designer","embeddable":true,"href":"https:\/\/theinvisiblecollection.com\/fr\/wp-json\/wp\/v2\/product_designer?post=157328"},{"taxonomy":"comfabric","embeddable":true,"href":"https:\/\/theinvisiblecollection.com\/fr\/wp-json\/wp\/v2\/comfabric?post=157328"},{"taxonomy":"manufacturer","embeddable":true,"href":"https:\/\/theinvisiblecollection.com\/fr\/wp-json\/wp\/v2\/manufacturer?post=157328"},{"taxonomy":"reporting_designer","embeddable":true,"href":"https:\/\/theinvisiblecollection.com\/fr\/wp-json\/wp\/v2\/reporting_designer?post=157328"},{"taxonomy":"samplecomfabric","embeddable":true,"href":"https:\/\/theinvisiblecollection.com\/fr\/wp-json\/wp\/v2\/samplecomfabric?post=157328"},{"taxonomy":"clubroom_product_designer","embeddable":true,"href":"https:\/\/theinvisiblecollection.com\/fr\/wp-json\/wp\/v2\/designer_clubroom?post=157328"}],"curies":[{"name":"wp","href":"https:\/\/api.w.org\/{rel}","templated":true}]}}