{"id":157332,"date":"2022-08-16T13:06:38","date_gmt":"2022-08-16T12:06:38","guid":{"rendered":"https:\/\/theinvisiblecollection.com\/?post_type=product&#038;p=157332"},"modified":"2026-05-01T07:38:44","modified_gmt":"2026-05-01T07:38:44","slug":"noe-duchaufour-lawrance-lampe-balance-2","status":"publish","type":"product","link":"https:\/\/theinvisiblecollection.com\/fr\/produit\/noe-duchaufour-lawrance-lampe-balance-2\/","title":{"rendered":"Lampe Balance 2"},"content":{"rendered":"<p><span class=\"TextRun SCXW115600899 BCX0\" lang=\"EN-GB\" xml:lang=\"EN-GB\" data-contrast=\"auto\"><span class=\"NormalTextRun SCXW115600899 BCX0\">Cr\u00e9dit photo : Felipe Ribon<br \/>\n<\/span><\/span><\/p>\n<p style=\"text-align: justify;\"><span class=\"TextRun SCXW207270493 BCX0\" lang=\"FR-FR\" xml:lang=\"FR-FR\" data-contrast=\"auto\"><span class=\"NormalTextRun SCXW207270493 BCX0\">La <\/span><span class=\"NormalTextRun SpellingErrorV2Themed SCXW207270493 BCX0\">lampe<\/span><span class=\"NormalTextRun SCXW207270493 BCX0\"> Balance de No\u00e9 <\/span><span class=\"NormalTextRun SpellingErrorV2Themed SCXW207270493 BCX0\">Duchaufour-Lawr<\/span><span class=\"NormalTextRun SpellingErrorV2Themed SCXW207270493 BCX0\">a<\/span><span class=\"NormalTextRun SpellingErrorV2Themed SCXW207270493 BCX0\">nce<\/span><span class=\"NormalTextRun SCXW207270493 BCX0\"> est une pi\u00e8ce de beaut\u00e9, d\u00e9finie par des proportions parfaites et un \u00e9quilibre sublime.\u00a0\u00a0<\/span><\/span><span class=\"EOP SCXW207270493 BCX0\" data-ccp-props=\"{&quot;201341983&quot;:0,&quot;335559740&quot;:259}\">\u00a0<\/span><\/p>\n","protected":false},"excerpt":{"rendered":"<p>\u00c9dition limit\u00e9e de 12 pi\u00e8ces sans fil et 12 pi\u00e8ces avec fil \u00e9lectrique<br \/>\nLampe de table en laiton avec patine bronze<br \/>\nDisponible avec fil \u00e9lectrique<br \/>\nSans fil sur demande<br \/>\nDimmable, LED<\/p>\n<p><strong>\u00a0<\/strong>L 64 x l 10 x H 31.5 cm<\/p>\n<p>Fabriqu\u00e9e \u00e0 la main en France par Maison Pouenat<br \/>\nD\u00e9lais de fabrication : 20 weeks<\/p>\n<p class=\"p1\"><span style=\"text-decoration: underline;\"><span class=\"s1\"><a href=\"https:\/\/www.theinvisiblecollection.com\/fr\/demande-de-devis\/?product_id=157332\" target=\"_blank\" rel=\"noopener\">Contactez-nous pour toute demande de devis ou de renseignements<\/a><\/span><\/span><\/p>\n","protected":false},"featured_media":5828736,"template":"","meta":{"_acf_changed":false,"content-type":"","_themeisle_gutenberg_block_has_review":false},"product_brand":[],"product_cat":[8974,12507],"product_tag":[7435,33319],"product_designer":[18423],"comfabric":[],"manufacturer":[16800],"reporting_designer":[37746],"samplecomfabric":[],"designer_clubroom":[],"class_list":{"0":"post-157332","1":"product","2":"type-product","3":"status-publish","4":"has-post-thumbnail","6":"product_cat-lampes-de-table","7":"product_cat-luminaires","8":"product_tag-new-in-fr","9":"product_tag-edition-limitee","10":"pa_choice-avec-fil-electrique","11":"pa_choice-sans-fil","12":"product_designer-noe-duchaufour-lawrance-fr","13":"manufacturer-maison-pouenat-fr","14":"reporting_designer-noe-duchaufour-lawrance","16":"first","17":"instock","18":"featured","19":"taxable","20":"shipping-taxable","21":"purchasable","22":"product-type-variable"},"acf":[],"_links":{"self":[{"href":"https:\/\/theinvisiblecollection.com\/fr\/wp-json\/wp\/v2\/product\/157332","targetHints":{"allow":["GET"]}}],"collection":[{"href":"https:\/\/theinvisiblecollection.com\/fr\/wp-json\/wp\/v2\/product"}],"about":[{"href":"https:\/\/theinvisiblecollection.com\/fr\/wp-json\/wp\/v2\/types\/product"}],"wp:featuredmedia":[{"embeddable":true,"href":"https:\/\/theinvisiblecollection.com\/fr\/wp-json\/wp\/v2\/media\/5828736"}],"wp:attachment":[{"href":"https:\/\/theinvisiblecollection.com\/fr\/wp-json\/wp\/v2\/media?parent=157332"}],"wp:term":[{"taxonomy":"product_brand","embeddable":true,"href":"https:\/\/theinvisiblecollection.com\/fr\/wp-json\/wp\/v2\/product_brand?post=157332"},{"taxonomy":"product_cat","embeddable":true,"href":"https:\/\/theinvisiblecollection.com\/fr\/wp-json\/wp\/v2\/product_cat?post=157332"},{"taxonomy":"product_tag","embeddable":true,"href":"https:\/\/theinvisiblecollection.com\/fr\/wp-json\/wp\/v2\/product_tag?post=157332"},{"taxonomy":"product_designer","embeddable":true,"href":"https:\/\/theinvisiblecollection.com\/fr\/wp-json\/wp\/v2\/product_designer?post=157332"},{"taxonomy":"comfabric","embeddable":true,"href":"https:\/\/theinvisiblecollection.com\/fr\/wp-json\/wp\/v2\/comfabric?post=157332"},{"taxonomy":"manufacturer","embeddable":true,"href":"https:\/\/theinvisiblecollection.com\/fr\/wp-json\/wp\/v2\/manufacturer?post=157332"},{"taxonomy":"reporting_designer","embeddable":true,"href":"https:\/\/theinvisiblecollection.com\/fr\/wp-json\/wp\/v2\/reporting_designer?post=157332"},{"taxonomy":"samplecomfabric","embeddable":true,"href":"https:\/\/theinvisiblecollection.com\/fr\/wp-json\/wp\/v2\/samplecomfabric?post=157332"},{"taxonomy":"clubroom_product_designer","embeddable":true,"href":"https:\/\/theinvisiblecollection.com\/fr\/wp-json\/wp\/v2\/designer_clubroom?post=157332"}],"curies":[{"name":"wp","href":"https:\/\/api.w.org\/{rel}","templated":true}]}}