{"id":157336,"date":"2022-08-16T13:54:11","date_gmt":"2022-08-16T12:54:11","guid":{"rendered":"https:\/\/theinvisiblecollection.com\/?post_type=product&#038;p=157336"},"modified":"2026-05-01T07:38:44","modified_gmt":"2026-05-01T07:38:44","slug":"noe-duchaufour-lawrance-lampadaire-balance-1","status":"publish","type":"product","link":"https:\/\/theinvisiblecollection.com\/fr\/produit\/noe-duchaufour-lawrance-lampadaire-balance-1\/","title":{"rendered":"Lampadaire Balance"},"content":{"rendered":"<p style=\"text-align: justify;\"><span class=\"TextRun SCXW233265406 BCX0\" lang=\"FR-FR\" xml:lang=\"FR-FR\" data-contrast=\"auto\"><span class=\"NormalTextRun SCXW233265406 BCX0\">La <\/span><span class=\"NormalTextRun SCXW233265406 BCX0\">lampe <\/span><span class=\"NormalTextRun SCXW233265406 BCX0\">Balance de No\u00e9 <\/span><span class=\"NormalTextRun SpellingErrorV2Themed SCXW233265406 BCX0\">Duchaufour-Lawr<\/span><span class=\"NormalTextRun SpellingErrorV2Themed SCXW233265406 BCX0\">a<\/span><span class=\"NormalTextRun SpellingErrorV2Themed SCXW233265406 BCX0\">nce<\/span><span class=\"NormalTextRun SCXW233265406 BCX0\"> est une pi\u00e8ce de beaut\u00e9, d\u00e9finie par des proportions parfaites et un \u00e9quilibre sublime.\u00a0\u00a0<\/span><\/span><span class=\"EOP SCXW233265406 BCX0\" data-ccp-props=\"{&quot;201341983&quot;:0,&quot;335559740&quot;:259}\">\u00a0<\/span><\/p>\n","protected":false},"excerpt":{"rendered":"<p>\u00c9dition limit\u00e9e de 12 pi\u00e8ces<br \/>\nLampadaire en laiton avec patine bronze<br \/>\nDimmable, LED<\/p>\n<p>L 52.5 x l 18 x H 135 cm<\/p>\n<p>Fabriqu\u00e9e \u00e0 la main en France par Maison Pouenat<br \/>\nD\u00e9lais de fabrication : 20 weeks<\/p>\n<p class=\"p1\"><span style=\"text-decoration: underline;\"><span class=\"s1\"><a href=\"https:\/\/www.theinvisiblecollection.com\/fr\/demande-de-devis\/?product_id=157336\" target=\"_blank\" rel=\"noopener\">Contactez-nous pour toute demande de devis ou de renseignements<\/a><\/span><\/span><\/p>\n","protected":false},"featured_media":5828740,"template":"","meta":{"_acf_changed":false,"content-type":"","_themeisle_gutenberg_block_has_review":false},"product_brand":[],"product_cat":[8966,12507],"product_tag":[7435,33319],"product_designer":[18423],"comfabric":[],"manufacturer":[16800],"reporting_designer":[37745],"samplecomfabric":[],"designer_clubroom":[],"class_list":{"0":"post-157336","1":"product","2":"type-product","3":"status-publish","4":"has-post-thumbnail","6":"product_cat-lampes-sur-pied","7":"product_cat-luminaires","8":"product_tag-new-in-fr","9":"product_tag-edition-limitee","10":"product_designer-noe-duchaufour-lawrance-fr","11":"manufacturer-maison-pouenat-fr","12":"reporting_designer-noe-duchaufour-lawrance","14":"first","15":"instock","16":"featured","17":"taxable","18":"shipping-taxable","19":"purchasable","20":"product-type-variable"},"acf":[],"_links":{"self":[{"href":"https:\/\/theinvisiblecollection.com\/fr\/wp-json\/wp\/v2\/product\/157336","targetHints":{"allow":["GET"]}}],"collection":[{"href":"https:\/\/theinvisiblecollection.com\/fr\/wp-json\/wp\/v2\/product"}],"about":[{"href":"https:\/\/theinvisiblecollection.com\/fr\/wp-json\/wp\/v2\/types\/product"}],"wp:featuredmedia":[{"embeddable":true,"href":"https:\/\/theinvisiblecollection.com\/fr\/wp-json\/wp\/v2\/media\/5828740"}],"wp:attachment":[{"href":"https:\/\/theinvisiblecollection.com\/fr\/wp-json\/wp\/v2\/media?parent=157336"}],"wp:term":[{"taxonomy":"product_brand","embeddable":true,"href":"https:\/\/theinvisiblecollection.com\/fr\/wp-json\/wp\/v2\/product_brand?post=157336"},{"taxonomy":"product_cat","embeddable":true,"href":"https:\/\/theinvisiblecollection.com\/fr\/wp-json\/wp\/v2\/product_cat?post=157336"},{"taxonomy":"product_tag","embeddable":true,"href":"https:\/\/theinvisiblecollection.com\/fr\/wp-json\/wp\/v2\/product_tag?post=157336"},{"taxonomy":"product_designer","embeddable":true,"href":"https:\/\/theinvisiblecollection.com\/fr\/wp-json\/wp\/v2\/product_designer?post=157336"},{"taxonomy":"comfabric","embeddable":true,"href":"https:\/\/theinvisiblecollection.com\/fr\/wp-json\/wp\/v2\/comfabric?post=157336"},{"taxonomy":"manufacturer","embeddable":true,"href":"https:\/\/theinvisiblecollection.com\/fr\/wp-json\/wp\/v2\/manufacturer?post=157336"},{"taxonomy":"reporting_designer","embeddable":true,"href":"https:\/\/theinvisiblecollection.com\/fr\/wp-json\/wp\/v2\/reporting_designer?post=157336"},{"taxonomy":"samplecomfabric","embeddable":true,"href":"https:\/\/theinvisiblecollection.com\/fr\/wp-json\/wp\/v2\/samplecomfabric?post=157336"},{"taxonomy":"clubroom_product_designer","embeddable":true,"href":"https:\/\/theinvisiblecollection.com\/fr\/wp-json\/wp\/v2\/designer_clubroom?post=157336"}],"curies":[{"name":"wp","href":"https:\/\/api.w.org\/{rel}","templated":true}]}}