{"id":157366,"date":"2022-08-16T15:45:27","date_gmt":"2022-08-16T14:45:27","guid":{"rendered":"https:\/\/theinvisiblecollection.com\/?post_type=product&#038;p=157366"},"modified":"2026-05-01T07:38:44","modified_gmt":"2026-05-01T07:38:44","slug":"noe-duchaufour-lawrance-table-basse-mineral-flower","status":"publish","type":"product","link":"https:\/\/theinvisiblecollection.com\/fr\/produit\/noe-duchaufour-lawrance-table-basse-mineral-flower\/","title":{"rendered":"Table Basse Mineral Flower"},"content":{"rendered":"<p style=\"text-align: justify;\"><span class=\"TextRun SCXW87686899 BCX0\" lang=\"EN-GB\" xml:lang=\"EN-GB\" data-contrast=\"auto\"><span class=\"NormalTextRun SCXW87686899 BCX0\">La <\/span><span class=\"NormalTextRun SpellingErrorV2Themed SCXW87686899 BCX0\">table basse<\/span><span class=\"NormalTextRun SCXW87686899 BCX0\"> Mineral Flower de No\u00e9 <\/span><span class=\"NormalTextRun SpellingErrorV2Themed SCXW87686899 BCX0\">Duchaufour<\/span><span class=\"NormalTextRun SCXW87686899 BCX0\">-Lawrance <\/span><span class=\"NormalTextRun SpellingErrorV2Themed SCXW87686899 BCX0\">est<\/span><span class=\"NormalTextRun SCXW87686899 BCX0\"> un meuble <\/span><span class=\"NormalTextRun SpellingErrorV2Themed SCXW87686899 BCX0\">saisissant<\/span> <span class=\"NormalTextRun SpellingErrorV2Themed SCXW87686899 BCX0\">sculpt\u00e9<\/span><span class=\"NormalTextRun SCXW87686899 BCX0\"> \u00e0 la main dans un <\/span><span class=\"NormalTextRun SpellingErrorV2Themed SCXW87686899 BCX0\">seul<\/span><span class=\"NormalTextRun SCXW87686899 BCX0\"> bloc de <\/span><span class=\"NormalTextRun SpellingErrorV2Themed SCXW87686899 BCX0\">marbre<\/span><span class=\"NormalTextRun SCXW87686899 BCX0\">, <\/span><span class=\"NormalTextRun SpellingErrorV2Themed SCXW87686899 BCX0\">comme<\/span> <span class=\"NormalTextRun SpellingErrorV2Themed SCXW87686899 BCX0\">s&#8217;il<\/span> <span class=\"NormalTextRun SpellingErrorV2Themed SCXW87686899 BCX0\">s&#8217;agissait<\/span> <span class=\"NormalTextRun SpellingErrorV2Themed SCXW87686899 BCX0\">d&#8217;une<\/span> <span class=\"NormalTextRun SpellingErrorV2Themed SCXW87686899 BCX0\">pierre<\/span> <span class=\"NormalTextRun SpellingErrorV2Themed SCXW87686899 BCX0\">pr\u00e9cieuse<\/span> <span class=\"NormalTextRun SpellingErrorV2Themed SCXW87686899 BCX0\">extraite<\/span><span class=\"NormalTextRun SCXW87686899 BCX0\"> du <\/span><span class=\"NormalTextRun SpellingErrorV2Themed SCXW87686899 BCX0\">c\u0153ur<\/span><span class=\"NormalTextRun SCXW87686899 BCX0\"> de la <\/span><span class=\"NormalTextRun SpellingErrorV2Themed SCXW87686899 BCX0\">pierre<\/span><span class=\"NormalTextRun SCXW87686899 BCX0\">. Des <\/span><span class=\"NormalTextRun SpellingErrorV2Themed SCXW87686899 BCX0\">formes<\/span> <span class=\"NormalTextRun SpellingErrorV2Themed SCXW87686899 BCX0\">ac\u00e9r\u00e9es<\/span> <span class=\"NormalTextRun SpellingErrorV2Themed SCXW87686899 BCX0\">interagissent<\/span><span class=\"NormalTextRun SCXW87686899 BCX0\"> pour <\/span><span class=\"NormalTextRun SpellingErrorV2Themed SCXW87686899 BCX0\">s&#8217;ouvrir<\/span> <span class=\"NormalTextRun SpellingErrorV2Themed SCXW87686899 BCX0\">gracieusement<\/span> <span class=\"NormalTextRun SpellingErrorV2Themed SCXW87686899 BCX0\">en<\/span> <span class=\"NormalTextRun SpellingErrorV2Themed SCXW87686899 BCX0\">p\u00e9tales<\/span><span class=\"NormalTextRun SCXW87686899 BCX0\"> de <\/span><span class=\"NormalTextRun SpellingErrorV2Themed SCXW87686899 BCX0\">marbre<\/span><span class=\"NormalTextRun SCXW87686899 BCX0\">, <\/span><span class=\"NormalTextRun SpellingErrorV2Themed SCXW87686899 BCX0\">r\u00e9v\u00e9lant<\/span><span class=\"NormalTextRun SCXW87686899 BCX0\"> des sculptures <\/span><span class=\"NormalTextRun SpellingErrorV2Themed SCXW87686899 BCX0\">\u00e9tonnamment<\/span> <span class=\"NormalTextRun SpellingErrorV2Themed SCXW87686899 BCX0\">l\u00e9g\u00e8res<\/span><span class=\"NormalTextRun SCXW87686899 BCX0\">.<\/span><\/span><span class=\"EOP SCXW87686899 BCX0\" data-ccp-props=\"{&quot;201341983&quot;:0,&quot;335559740&quot;:259}\">\u00a0<\/span><\/p>\n","protected":false},"excerpt":{"rendered":"<p>\u00c9dition limit\u00e9e de 12 pi\u00e8ces<br \/>\nTable basse sculpt\u00e9e dans un seul bloc de marbre<br \/>\nPhotographi\u00e9e ici en marbre Palissandre Bleuet, disponible sur demande<br \/>\nPhotographi\u00e9e ici in situ en marbre Verde Sempaio<br \/>\n<a href=\"https:\/\/theinvisiblecollection.com\/wp-content\/uploads\/2022\/09\/The-Invisible-Collection-_-Noe\u0301-Duchaufour-Lawrance-_-Material-Selection.jpg\" target=\"_blank\" rel=\"noopener\"><span style=\"text-decoration: underline;\">D\u00e9couvrez la s\u00e9lection de marbres ici<\/span><\/a><\/p>\n<div class=\"acf-field acf-field-wysiwyg acf-field-5e4e8a99eb1ba\" data-name=\"sizes\" data-type=\"wysiwyg\" data-key=\"field_5e4e8a99eb1ba\">\n<div class=\"acf-input\">\n<div class=\"wpml_acf_original_value\">L 121 x l 114.5 x H 46.5 cm<br \/>\nHauteur de table : 40 cm<\/div>\n<\/div>\n<\/div>\n<div class=\"acf-field acf-field-wysiwyg acf-field-5e4e8aa6eb1bb\" data-name=\"manufacturing\" data-type=\"wysiwyg\" data-key=\"field_5e4e8aa6eb1bb\">\n<div class=\"acf-label\"><\/div>\n<\/div>\n<p>Fabriqu\u00e9e \u00e0 la main en Europe<br \/>\nD\u00e9lais de fabrication : 12 semaines<\/p>\n<p class=\"p1\"><span style=\"text-decoration: underline;\"><span class=\"s1\"><a href=\"https:\/\/www.theinvisiblecollection.com\/fr\/demande-de-devis\/?product_id=157366\" target=\"_blank\" rel=\"noopener\">Contactez-nous pour toute demande de devis ou de renseignements<\/a><\/span><\/span><\/p>\n","protected":false},"featured_media":1091152,"template":"","meta":{"_acf_changed":false,"content-type":"","_themeisle_gutenberg_block_has_review":false},"product_brand":[],"product_cat":[7509,12503],"product_tag":[7435,31474,31477,33319],"product_designer":[18423],"comfabric":[],"manufacturer":[18489],"reporting_designer":[37745],"samplecomfabric":[],"designer_clubroom":[],"class_list":{"0":"post-157366","1":"product","2":"type-product","3":"status-publish","4":"has-post-thumbnail","6":"product_cat-tables-basses-dappoint","7":"product_cat-tables-fr","8":"product_tag-new-in-fr","9":"product_tag-co-white-fr","10":"product_tag-st-curvy-fr","11":"product_tag-edition-limitee","12":"product_designer-noe-duchaufour-lawrance-fr","13":"manufacturer-gargula-gotica-fr","14":"reporting_designer-noe-duchaufour-lawrance","15":"exhibitions-new-york-fr","17":"first","18":"instock","19":"featured","20":"taxable","21":"shipping-taxable","22":"purchasable","23":"product-type-variable"},"acf":[],"_links":{"self":[{"href":"https:\/\/theinvisiblecollection.com\/fr\/wp-json\/wp\/v2\/product\/157366","targetHints":{"allow":["GET"]}}],"collection":[{"href":"https:\/\/theinvisiblecollection.com\/fr\/wp-json\/wp\/v2\/product"}],"about":[{"href":"https:\/\/theinvisiblecollection.com\/fr\/wp-json\/wp\/v2\/types\/product"}],"wp:featuredmedia":[{"embeddable":true,"href":"https:\/\/theinvisiblecollection.com\/fr\/wp-json\/wp\/v2\/media\/1091152"}],"wp:attachment":[{"href":"https:\/\/theinvisiblecollection.com\/fr\/wp-json\/wp\/v2\/media?parent=157366"}],"wp:term":[{"taxonomy":"product_brand","embeddable":true,"href":"https:\/\/theinvisiblecollection.com\/fr\/wp-json\/wp\/v2\/product_brand?post=157366"},{"taxonomy":"product_cat","embeddable":true,"href":"https:\/\/theinvisiblecollection.com\/fr\/wp-json\/wp\/v2\/product_cat?post=157366"},{"taxonomy":"product_tag","embeddable":true,"href":"https:\/\/theinvisiblecollection.com\/fr\/wp-json\/wp\/v2\/product_tag?post=157366"},{"taxonomy":"product_designer","embeddable":true,"href":"https:\/\/theinvisiblecollection.com\/fr\/wp-json\/wp\/v2\/product_designer?post=157366"},{"taxonomy":"comfabric","embeddable":true,"href":"https:\/\/theinvisiblecollection.com\/fr\/wp-json\/wp\/v2\/comfabric?post=157366"},{"taxonomy":"manufacturer","embeddable":true,"href":"https:\/\/theinvisiblecollection.com\/fr\/wp-json\/wp\/v2\/manufacturer?post=157366"},{"taxonomy":"reporting_designer","embeddable":true,"href":"https:\/\/theinvisiblecollection.com\/fr\/wp-json\/wp\/v2\/reporting_designer?post=157366"},{"taxonomy":"samplecomfabric","embeddable":true,"href":"https:\/\/theinvisiblecollection.com\/fr\/wp-json\/wp\/v2\/samplecomfabric?post=157366"},{"taxonomy":"clubroom_product_designer","embeddable":true,"href":"https:\/\/theinvisiblecollection.com\/fr\/wp-json\/wp\/v2\/designer_clubroom?post=157366"}],"curies":[{"name":"wp","href":"https:\/\/api.w.org\/{rel}","templated":true}]}}