{"id":157372,"date":"2022-08-16T16:18:37","date_gmt":"2022-08-16T15:18:37","guid":{"rendered":"https:\/\/theinvisiblecollection.com\/?post_type=product&#038;p=157372"},"modified":"2026-05-01T07:38:44","modified_gmt":"2026-05-01T07:38:44","slug":"noe-duchaufour-lawrance-table-basse-soft-rock","status":"publish","type":"product","link":"https:\/\/theinvisiblecollection.com\/fr\/produit\/noe-duchaufour-lawrance-table-basse-soft-rock\/","title":{"rendered":"Table Basse Soft Rock"},"content":{"rendered":"<p style=\"text-align: justify;\"><span class=\"TextRun SCXW14807535 BCX0\" lang=\"EN-GB\" xml:lang=\"EN-GB\" data-contrast=\"auto\"><span class=\"NormalTextRun SCXW14807535 BCX0\">La table basse <\/span><span class=\"NormalTextRun ContextualSpellingAndGrammarErrorV2Themed SCXW14807535 BCX0\">Soft<\/span><span class=\"NormalTextRun SCXW14807535 BCX0\"> rock de No\u00e9 <\/span><span class=\"NormalTextRun SpellingErrorV2Themed SpellingErrorHighlight SCXW14807535 BCX0\">Duchaufour<\/span><span class=\"NormalTextRun SCXW14807535 BCX0\">-Lawr<\/span><span class=\"NormalTextRun SCXW14807535 BCX0\">a<\/span><span class=\"NormalTextRun SCXW14807535 BCX0\">nce<\/span> <span class=\"NormalTextRun SpellingErrorV2Themed SCXW14807535 BCX0\">est<\/span><span class=\"NormalTextRun SCXW14807535 BCX0\"> un <\/span><span class=\"NormalTextRun SpellingErrorV2Themed SCXW14807535 BCX0\">objet<\/span><span class=\"NormalTextRun SCXW14807535 BCX0\"> de <\/span><span class=\"NormalTextRun SpellingErrorV2Themed SCXW14807535 BCX0\">dichotomie<\/span> <span class=\"NormalTextRun SpellingErrorV2Themed SCXW14807535 BCX0\">sensuelle<\/span><span class=\"NormalTextRun SCXW14807535 BCX0\">. Les roches dures conservent leurs aspects naturels et uniques, soulign\u00e9s par des courbes douces. Des entit\u00e9s ind\u00e9pendantes fusionnent dans une convergence harmonieuse. Les formes s&#8217;assemblent comme si elles s&#8217;enveloppaient et se prot\u00e9geaient mutuellement.<\/span><\/span><span class=\"EOP SCXW14807535 BCX0\" data-ccp-props=\"{&quot;201341983&quot;:0,&quot;335559740&quot;:259}\">\u00a0<\/span><\/p>\n","protected":false},"excerpt":{"rendered":"<p>\u00c9dition limit\u00e9e de 12 pi\u00e8ces<br \/>\nTable basse photographi\u00e9e ici en marbre Verde Serpa<br \/>\n<a href=\"https:\/\/theinvisiblecollection.com\/wp-content\/uploads\/2022\/09\/The-Invisible-Collection-_-Noe\u0301-Duchaufour-Lawrance-_-Material-Selection.jpg\" target=\"_blank\" rel=\"noopener\"><span style=\"text-decoration: underline;\">D\u00e9couvrez la s\u00e9lection de marbres ici<\/span><\/a><br \/>\nDisponible en deux tailles<br \/>\nTaille petite avec deux modules<br \/>\nTaille grande avec trois modules<\/p>\n<div class=\"acf-field acf-field-wysiwyg acf-field-5e4e8a99eb1ba\" data-name=\"sizes\" data-type=\"wysiwyg\" data-key=\"field_5e4e8a99eb1ba\">\n<div class=\"acf-input\">\n<div class=\"wpml_acf_original_value\">Petite : L 130 x l 105 x H 40 cm<br \/>\nGrande : L 161 x l 115 x H 40 cm<\/div>\n<\/div>\n<\/div>\n<div class=\"acf-field acf-field-wysiwyg acf-field-5e4e8aa6eb1bb\" data-name=\"manufacturing\" data-type=\"wysiwyg\" data-key=\"field_5e4e8aa6eb1bb\">\n<div class=\"acf-label\"><\/div>\n<\/div>\n<p>Fabriqu\u00e9e \u00e0 la main en Europe<br \/>\nD\u00e9lais de production : 6 semaines<\/p>\n<p class=\"p1\"><span style=\"text-decoration: underline;\"><span class=\"s1\"><a href=\"https:\/\/www.theinvisiblecollection.com\/fr\/demande-de-devis\/?product_id=157372\" target=\"_blank\" rel=\"noopener\">Contactez-nous pour toute demande de devis ou de renseignements<\/a><\/span><\/span><\/p>\n","protected":false},"featured_media":951081,"template":"","meta":{"_acf_changed":false,"content-type":"","_themeisle_gutenberg_block_has_review":false},"product_brand":[],"product_cat":[7509,12503],"product_tag":[7435,31474,31477,33319],"product_designer":[18423],"comfabric":[],"manufacturer":[18493],"reporting_designer":[37745],"samplecomfabric":[],"designer_clubroom":[],"class_list":{"0":"post-157372","1":"product","2":"type-product","3":"status-publish","4":"has-post-thumbnail","6":"product_cat-tables-basses-dappoint","7":"product_cat-tables-fr","8":"product_tag-new-in-fr","9":"product_tag-co-white-fr","10":"product_tag-st-curvy-fr","11":"product_tag-edition-limitee","12":"pa_size-grand-fr","13":"pa_size-petit-fr","14":"product_designer-noe-duchaufour-lawrance-fr","15":"manufacturer-adriano-vicente-filhos-lda-fr","16":"reporting_designer-noe-duchaufour-lawrance","18":"first","19":"instock","20":"featured","21":"taxable","22":"shipping-taxable","23":"purchasable","24":"product-type-variable"},"acf":[],"_links":{"self":[{"href":"https:\/\/theinvisiblecollection.com\/fr\/wp-json\/wp\/v2\/product\/157372","targetHints":{"allow":["GET"]}}],"collection":[{"href":"https:\/\/theinvisiblecollection.com\/fr\/wp-json\/wp\/v2\/product"}],"about":[{"href":"https:\/\/theinvisiblecollection.com\/fr\/wp-json\/wp\/v2\/types\/product"}],"wp:featuredmedia":[{"embeddable":true,"href":"https:\/\/theinvisiblecollection.com\/fr\/wp-json\/wp\/v2\/media\/951081"}],"wp:attachment":[{"href":"https:\/\/theinvisiblecollection.com\/fr\/wp-json\/wp\/v2\/media?parent=157372"}],"wp:term":[{"taxonomy":"product_brand","embeddable":true,"href":"https:\/\/theinvisiblecollection.com\/fr\/wp-json\/wp\/v2\/product_brand?post=157372"},{"taxonomy":"product_cat","embeddable":true,"href":"https:\/\/theinvisiblecollection.com\/fr\/wp-json\/wp\/v2\/product_cat?post=157372"},{"taxonomy":"product_tag","embeddable":true,"href":"https:\/\/theinvisiblecollection.com\/fr\/wp-json\/wp\/v2\/product_tag?post=157372"},{"taxonomy":"product_designer","embeddable":true,"href":"https:\/\/theinvisiblecollection.com\/fr\/wp-json\/wp\/v2\/product_designer?post=157372"},{"taxonomy":"comfabric","embeddable":true,"href":"https:\/\/theinvisiblecollection.com\/fr\/wp-json\/wp\/v2\/comfabric?post=157372"},{"taxonomy":"manufacturer","embeddable":true,"href":"https:\/\/theinvisiblecollection.com\/fr\/wp-json\/wp\/v2\/manufacturer?post=157372"},{"taxonomy":"reporting_designer","embeddable":true,"href":"https:\/\/theinvisiblecollection.com\/fr\/wp-json\/wp\/v2\/reporting_designer?post=157372"},{"taxonomy":"samplecomfabric","embeddable":true,"href":"https:\/\/theinvisiblecollection.com\/fr\/wp-json\/wp\/v2\/samplecomfabric?post=157372"},{"taxonomy":"clubroom_product_designer","embeddable":true,"href":"https:\/\/theinvisiblecollection.com\/fr\/wp-json\/wp\/v2\/designer_clubroom?post=157372"}],"curies":[{"name":"wp","href":"https:\/\/api.w.org\/{rel}","templated":true}]}}