{"id":157689,"date":"2022-08-17T15:56:16","date_gmt":"2022-08-17T14:56:16","guid":{"rendered":"https:\/\/theinvisiblecollection.com\/?post_type=product&#038;p=157689"},"modified":"2026-05-01T07:38:41","modified_gmt":"2026-05-01T07:38:41","slug":"noe-duchauffour-lawrence-table-dappoint-dangle-mousse","status":"publish","type":"product","link":"https:\/\/theinvisiblecollection.com\/fr\/produit\/noe-duchauffour-lawrence-table-dappoint-dangle-mousse\/","title":{"rendered":"Table d&#8217;Appoint Mousse"},"content":{"rendered":"<p style=\"text-align: justify;\">La table d&#8217;appoint Mousse de No\u00e9 Duchaufour-Lawrance a \u00e9t\u00e9 con\u00e7ue \u00e0 l&#8217;origine comme un \u00e9l\u00e9ment compl\u00e9mentaire de la collection de canap\u00e9s et de fauteuils Mousse. Sa structure reprend l&#8217;esth\u00e9tique d&#8217;inspiration japonaise de la collection, avec une base en bois recouverte de raphia. Il peut \u00eatre utilis\u00e9 seul ou comme un module qui s&#8217;embo\u00eete avec d&#8217;autres \u00e9l\u00e9ments de si\u00e8ges dispos\u00e9s comme une section.<\/p>\n","protected":false},"excerpt":{"rendered":"<p>\u00c9dition limit\u00e9e de 12 pi\u00e8ces<br \/>\nGrande table d&#8217;appoint, table d&#8217;appoint d&#8217;angle ou petite table d&#8217;appoint<br \/>\nStructure en noyer et raphia, vernis mat ou satin\u00e9 ou huile de tung<br \/>\n<span style=\"text-decoration: underline;\"><a href=\"https:\/\/cdn.theinvisiblecollection.com\/wp-content\/uploads\/2022\/10\/TheInvisibleCollection_Noe%CC%81_Duchaufour_Lawrance_Wood_selection.pdf\" target=\"_blank\" rel=\"noopener\">D\u00e9couvrez la s\u00e9lection de bois ici<\/a><\/span><br \/>\nBase \u00e9galement disponible en cuir<br \/>\nPlateau de table photographi\u00e9 ici en marbre travertino romano<br \/>\n<a href=\"https:\/\/theinvisiblecollection.com\/wp-content\/uploads\/2022\/10\/The-Invisible-Collection-_-Noe\u0301-Duchaufour-Lawrance-_Material-Selection_MousseSideTables.jpg\" target=\"_blank\" rel=\"noopener\"><span style=\"text-decoration: underline;\">D\u00e9couvrez la s\u00e9lection de marbres ici<\/span><\/a><br \/>\nDoit \u00eatre assembl\u00e9e avec un autre \u00e9l\u00e9ment de la <a href=\"https:\/\/theinvisiblecollection.com\/fr\/produits-categorie\/designer\/noe-duchaufour-lawrance-fr\/?query=no%C3%A9%20duchaufour-lawrance%20mousse\" target=\"_blank\" rel=\"noopener\">collection<\/a><\/p>\n<p>Grande table d&#8217;appoint ou table d&#8217;appoint d&#8217;angle :<br \/>\nL 83.5 x l 83.5 x H 58 cm<br \/>\nCuir requis pour la base : 2 m<sup>2<\/sup><br \/>\nPetite table d&#8217;appoint :<br \/>\nL 35 x l 79.5 x H 58 cm<br \/>\nCuir requis pour la base : 1 m<sup>2<\/sup><\/p>\n<p>Fabriqu\u00e9e \u00e0 la main en France<br \/>\nD\u00e9lais de fabrication : 14 semaines<\/p>\n<p class=\"p1\"><span style=\"text-decoration: underline;\"><span class=\"s1\"><a href=\"https:\/\/www.theinvisiblecollection.com\/fr\/demande-de-devis\/?product_id=157689\" target=\"_blank\" rel=\"noopener\">Contactez-nous pour toute demande de devis ou de renseignements<\/a><\/span><\/span><\/p>\n","protected":false},"featured_media":401224,"template":"","meta":{"_acf_changed":false,"content-type":"","_themeisle_gutenberg_block_has_review":false},"product_brand":[],"product_cat":[12332,12501,12503,12514],"product_tag":[7435,31474,31477,33319],"product_designer":[18423],"comfabric":[],"manufacturer":[18495],"reporting_designer":[37745],"samplecomfabric":[],"designer_clubroom":[],"class_list":{"0":"post-157689","1":"product","2":"type-product","3":"status-publish","4":"has-post-thumbnail","6":"product_cat-tables-dappoint","7":"product_cat-chambre-a-coucher","8":"product_cat-tables-fr","9":"product_cat-tables-de-chevet","10":"product_tag-new-in-fr","11":"product_tag-co-white-fr","12":"product_tag-st-curvy-fr","13":"product_tag-edition-limitee","14":"pa_choice-grande-table-dappoint","15":"pa_choice-petite-table-dappoint","16":"pa_choice-table-dappoint-dangle","17":"pa_size-grande-table-dappoint","18":"pa_size-petite-table-dappoint","19":"pa_size-table-dappoint-dangle","20":"pa_tabletop-marbre-rosa-veios-verdes","21":"pa_tabletop-marbre-verde-sempaio","22":"pa_tabletop-marbre-verde-serpa","23":"pa_tabletop-quartz-san-bernardino","24":"pa_wood-chene-fr","25":"pa_wood-noyer-de-france-fr","26":"product_designer-noe-duchaufour-lawrance-fr","27":"manufacturer-siegeair-fr","28":"reporting_designer-noe-duchaufour-lawrance","29":"exhibitions-new-york-fr","31":"first","32":"instock","33":"featured","34":"taxable","35":"shipping-taxable","36":"purchasable","37":"product-type-variable"},"acf":[],"_links":{"self":[{"href":"https:\/\/theinvisiblecollection.com\/fr\/wp-json\/wp\/v2\/product\/157689","targetHints":{"allow":["GET"]}}],"collection":[{"href":"https:\/\/theinvisiblecollection.com\/fr\/wp-json\/wp\/v2\/product"}],"about":[{"href":"https:\/\/theinvisiblecollection.com\/fr\/wp-json\/wp\/v2\/types\/product"}],"wp:featuredmedia":[{"embeddable":true,"href":"https:\/\/theinvisiblecollection.com\/fr\/wp-json\/wp\/v2\/media\/401224"}],"wp:attachment":[{"href":"https:\/\/theinvisiblecollection.com\/fr\/wp-json\/wp\/v2\/media?parent=157689"}],"wp:term":[{"taxonomy":"product_brand","embeddable":true,"href":"https:\/\/theinvisiblecollection.com\/fr\/wp-json\/wp\/v2\/product_brand?post=157689"},{"taxonomy":"product_cat","embeddable":true,"href":"https:\/\/theinvisiblecollection.com\/fr\/wp-json\/wp\/v2\/product_cat?post=157689"},{"taxonomy":"product_tag","embeddable":true,"href":"https:\/\/theinvisiblecollection.com\/fr\/wp-json\/wp\/v2\/product_tag?post=157689"},{"taxonomy":"product_designer","embeddable":true,"href":"https:\/\/theinvisiblecollection.com\/fr\/wp-json\/wp\/v2\/product_designer?post=157689"},{"taxonomy":"comfabric","embeddable":true,"href":"https:\/\/theinvisiblecollection.com\/fr\/wp-json\/wp\/v2\/comfabric?post=157689"},{"taxonomy":"manufacturer","embeddable":true,"href":"https:\/\/theinvisiblecollection.com\/fr\/wp-json\/wp\/v2\/manufacturer?post=157689"},{"taxonomy":"reporting_designer","embeddable":true,"href":"https:\/\/theinvisiblecollection.com\/fr\/wp-json\/wp\/v2\/reporting_designer?post=157689"},{"taxonomy":"samplecomfabric","embeddable":true,"href":"https:\/\/theinvisiblecollection.com\/fr\/wp-json\/wp\/v2\/samplecomfabric?post=157689"},{"taxonomy":"clubroom_product_designer","embeddable":true,"href":"https:\/\/theinvisiblecollection.com\/fr\/wp-json\/wp\/v2\/designer_clubroom?post=157689"}],"curies":[{"name":"wp","href":"https:\/\/api.w.org\/{rel}","templated":true}]}}