{"id":157699,"date":"2022-08-17T16:36:20","date_gmt":"2022-08-17T15:36:20","guid":{"rendered":"https:\/\/theinvisiblecollection.com\/?post_type=product&#038;p=157699"},"modified":"2026-05-01T07:38:41","modified_gmt":"2026-05-01T07:38:41","slug":"noe-duchaufour-lawrance-meridienne-mousse","status":"publish","type":"product","link":"https:\/\/theinvisiblecollection.com\/fr\/produit\/noe-duchaufour-lawrance-meridienne-mousse\/","title":{"rendered":"M\u00e9ridienne Mousse"},"content":{"rendered":"<p style=\"text-align: justify;\"><span class=\"TextRun SCXW156750883 BCX0\" lang=\"FR-FR\" xml:lang=\"FR-FR\" data-contrast=\"auto\"><span class=\"NormalTextRun SCXW156750883 BCX0\">La <\/span><span class=\"NormalTextRun SCXW156750883 BCX0\">m\u00e9ridienne <\/span><span class=\"NormalTextRun SCXW156750883 BCX0\">Mousse de No\u00e9 <\/span><span class=\"NormalTextRun SpellingErrorV2Themed SCXW156750883 BCX0\">Duchaufour-Lawr<\/span><span class=\"NormalTextRun SpellingErrorV2Themed SCXW156750883 BCX0\">a<\/span><span class=\"NormalTextRun SpellingErrorV2Themed SCXW156750883 BCX0\">nce<\/span><span class=\"NormalTextRun SCXW156750883 BCX0\"> est d\u00e9finie par des formes anthropomorphes qui livrent la sensation d&#8217;une \u00e9treinte maternelle rassurante : un dos enveloppant soutient un ventre rond et porteur de vie.<\/span> <\/span><span class=\"TextRun SCXW156750883 BCX0\" lang=\"EN-GB\" xml:lang=\"EN-GB\" data-contrast=\"auto\"><span class=\"NormalTextRun SCXW156750883 BCX0\">La base <\/span><span class=\"NormalTextRun SpellingErrorV2Themed SCXW156750883 BCX0\">en<\/span> <span class=\"NormalTextRun SpellingErrorV2Themed SCXW156750883 BCX0\">bois<\/span><span class=\"NormalTextRun SCXW156750883 BCX0\"> &#8211; <\/span><span class=\"NormalTextRun SpellingErrorV2Themed SCXW156750883 BCX0\">comme<\/span> <span class=\"NormalTextRun SpellingErrorV2Themed SCXW156750883 BCX0\">une<\/span> <span class=\"NormalTextRun SpellingErrorV2Themed SCXW156750883 BCX0\">porte<\/span><span class=\"NormalTextRun SCXW156750883 BCX0\"> de temple &#8211; <\/span><span class=\"NormalTextRun SpellingErrorV2Themed SCXW156750883 BCX0\">cr\u00e9e<\/span> <span class=\"NormalTextRun SpellingErrorV2Themed SCXW156750883 BCX0\">une<\/span> <span class=\"NormalTextRun SpellingErrorV2Themed SCXW156750883 BCX0\">dichotomie<\/span><span class=\"NormalTextRun SCXW156750883 BCX0\"> qui <\/span><span class=\"NormalTextRun SpellingErrorV2Themed SCXW156750883 BCX0\">ajoute<\/span><span class=\"NormalTextRun SCXW156750883 BCX0\"> \u00e0 <\/span><span class=\"NormalTextRun SpellingErrorV2Themed SCXW156750883 BCX0\">l&#8217;esth\u00e9tique<\/span> <span class=\"NormalTextRun SpellingErrorV2Themed SCXW156750883 BCX0\">d&#8217;inspiration<\/span> <span class=\"NormalTextRun SpellingErrorV2Themed SCXW156750883 BCX0\">japonaise<\/span><span class=\"NormalTextRun SCXW156750883 BCX0\"> de la pi\u00e8ce.<\/span><\/span><span class=\"EOP SCXW156750883 BCX0\" data-ccp-props=\"{&quot;201341983&quot;:0,&quot;335559740&quot;:259}\">\u00a0<\/span><\/p>\n","protected":false},"excerpt":{"rendered":"<p>\u00c9dition limit\u00e9e de 12 pi\u00e8ces<br \/>\nM\u00e9ridienne photographi\u00e9e ici en tissu sur-mesure Rubelli<br \/>\nDeux coussins recommand\u00e9s (un grand et un petit), non inclus<br \/>\n<a href=\"https:\/\/theinvisiblecollection.com\/wp-content\/uploads\/2022\/11\/The-Invisible-Collection-_-Noe\u0301-Duchaufour-Lawrance_FabricSelection_Mousse.jpg\" target=\"_blank\" rel=\"noopener\"><span style=\"text-decoration: underline;\">D\u00e9couvrez la s\u00e9lection de tissus ici<\/span><\/a><br \/>\nStructure en noyer et raphia, vernis mat ou satin\u00e9 ou huile de tung<br \/>\n<span style=\"text-decoration: underline;\"><a href=\"https:\/\/cdn.theinvisiblecollection.com\/wp-content\/uploads\/2022\/10\/TheInvisibleCollection_Noe%CC%81_Duchaufour_Lawrance_Wood_selection.pdf\" target=\"_blank\" rel=\"noopener\">D\u00e9couvrez la s\u00e9lection de bois ici<\/a><\/span><br \/>\nBase \u00e9galement disponible en cuir<br \/>\nPeut \u00eatre assembl\u00e9 avec les autres \u00e9l\u00e9ments de la collection sur demande<\/p>\n<p>L 192 x P 84.5 x H 80.5 cm<br \/>\nHauteur d&#8217;assise : 40 cm<br \/>\nTissu requis : 12 m<\/p>\n<p>Fabriqu\u00e9e \u00e0 la main en France<br \/>\nD\u00e9lais de fabrication : 14 semaines<\/p>\n<p class=\"p1\"><span style=\"text-decoration: underline;\"><span class=\"s1\"><a href=\"https:\/\/www.theinvisiblecollection.com\/fr\/demande-de-devis\/?product_id=157699\" target=\"_blank\" rel=\"noopener\">Contactez-nous pour toute demande de devis ou de renseignements<\/a><\/span><\/span><\/p>\n","protected":false},"featured_media":3840706,"template":"","meta":{"_acf_changed":false,"content-type":"","_themeisle_gutenberg_block_has_review":false},"product_brand":[],"product_cat":[8947,8973,8976,12499,12501],"product_tag":[7435,31474,31477,33319],"product_designer":[18423],"comfabric":[],"manufacturer":[18495],"reporting_designer":[37746],"samplecomfabric":[],"designer_clubroom":[],"class_list":{"0":"post-157699","1":"product","2":"type-product","3":"status-publish","4":"has-post-thumbnail","6":"product_cat-bancs","7":"product_cat-canapes-lits","8":"product_cat-canapes","9":"product_cat-assises","10":"product_cat-chambre-a-coucher","11":"product_tag-new-in-fr","12":"product_tag-co-white-fr","13":"product_tag-st-curvy-fr","14":"product_tag-edition-limitee","15":"pa_wood-chene-fr","16":"pa_wood-chene-fume-fr","17":"pa_wood-noyer-europeen","18":"product_designer-noe-duchaufour-lawrance-fr","19":"manufacturer-siegeair-fr","20":"reporting_designer-noe-duchaufour-lawrance","21":"exhibitions-new-york-fr","23":"first","24":"instock","25":"featured","26":"taxable","27":"shipping-taxable","28":"purchasable","29":"product-type-variable"},"acf":[],"_links":{"self":[{"href":"https:\/\/theinvisiblecollection.com\/fr\/wp-json\/wp\/v2\/product\/157699","targetHints":{"allow":["GET"]}}],"collection":[{"href":"https:\/\/theinvisiblecollection.com\/fr\/wp-json\/wp\/v2\/product"}],"about":[{"href":"https:\/\/theinvisiblecollection.com\/fr\/wp-json\/wp\/v2\/types\/product"}],"wp:featuredmedia":[{"embeddable":true,"href":"https:\/\/theinvisiblecollection.com\/fr\/wp-json\/wp\/v2\/media\/3840706"}],"wp:attachment":[{"href":"https:\/\/theinvisiblecollection.com\/fr\/wp-json\/wp\/v2\/media?parent=157699"}],"wp:term":[{"taxonomy":"product_brand","embeddable":true,"href":"https:\/\/theinvisiblecollection.com\/fr\/wp-json\/wp\/v2\/product_brand?post=157699"},{"taxonomy":"product_cat","embeddable":true,"href":"https:\/\/theinvisiblecollection.com\/fr\/wp-json\/wp\/v2\/product_cat?post=157699"},{"taxonomy":"product_tag","embeddable":true,"href":"https:\/\/theinvisiblecollection.com\/fr\/wp-json\/wp\/v2\/product_tag?post=157699"},{"taxonomy":"product_designer","embeddable":true,"href":"https:\/\/theinvisiblecollection.com\/fr\/wp-json\/wp\/v2\/product_designer?post=157699"},{"taxonomy":"comfabric","embeddable":true,"href":"https:\/\/theinvisiblecollection.com\/fr\/wp-json\/wp\/v2\/comfabric?post=157699"},{"taxonomy":"manufacturer","embeddable":true,"href":"https:\/\/theinvisiblecollection.com\/fr\/wp-json\/wp\/v2\/manufacturer?post=157699"},{"taxonomy":"reporting_designer","embeddable":true,"href":"https:\/\/theinvisiblecollection.com\/fr\/wp-json\/wp\/v2\/reporting_designer?post=157699"},{"taxonomy":"samplecomfabric","embeddable":true,"href":"https:\/\/theinvisiblecollection.com\/fr\/wp-json\/wp\/v2\/samplecomfabric?post=157699"},{"taxonomy":"clubroom_product_designer","embeddable":true,"href":"https:\/\/theinvisiblecollection.com\/fr\/wp-json\/wp\/v2\/designer_clubroom?post=157699"}],"curies":[{"name":"wp","href":"https:\/\/api.w.org\/{rel}","templated":true}]}}