{"id":157870,"date":"2022-08-19T11:10:31","date_gmt":"2022-08-19T10:10:31","guid":{"rendered":"https:\/\/theinvisiblecollection.com\/?post_type=product&#038;p=157870"},"modified":"2026-05-01T07:38:41","modified_gmt":"2026-05-01T07:38:41","slug":"noe-duchaufour-lawrance-console-ancrage","status":"publish","type":"product","link":"https:\/\/theinvisiblecollection.com\/fr\/produit\/noe-duchaufour-lawrance-console-ancrage\/","title":{"rendered":"Console Ancrage"},"content":{"rendered":"<p style=\"text-align: justify;\">La Console\u00a0Ancrage de No\u00e9 Duchaufour-Lawrance exprime l\u2019harmonie g\u00e9om\u00e9trique. Les lignes verticales et horizontales se connectent dans des intersections soulign\u00e9es. La clart\u00e9 radicale de leur conception rend un hommage subtil \u00e0 Rietveld et au brutalisme.<\/p>\n","protected":false},"excerpt":{"rendered":"<p>\u00c9dition limit\u00e9e de 12 pi\u00e8ces<br \/>\nAncrage se d\u00e9cline en diff\u00e9rents styles : deux tables basses, une table d&#8217;appoint et une console<br \/>\nConsole sculpt\u00e9e en marbre<br \/>\nPhotographi\u00e9e ici en marbre Verde Antigua<br \/>\nDisponible dans diff\u00e9rentes pierres<br \/>\n<span style=\"text-decoration: underline;\"><a href=\"https:\/\/theinvisiblecollection.com\/wp-content\/uploads\/2022\/10\/The-Invisible-Collection-_-Noe\u0301-Duchaufour-Lawrance-_Material-Selection_AncrageConsole.jpg\" target=\"_blank\" rel=\"noopener\">D\u00e9couvrez la s\u00e9lection de pierres ici<\/a><\/span><\/p>\n<div class=\"acf-field acf-field-wysiwyg acf-field-5e4e8a99eb1ba\" data-name=\"sizes\" data-type=\"wysiwyg\" data-key=\"field_5e4e8a99eb1ba\">\n<div class=\"acf-input\">\n<div class=\"wpml_acf_original_value\">L 164.5 x l 42.5 x H 97 cm<br \/>\nHauteur du plateau : 95 cm<\/div>\n<\/div>\n<\/div>\n<div class=\"acf-field acf-field-wysiwyg acf-field-5e4e8aa6eb1bb\" data-name=\"manufacturing\" data-type=\"wysiwyg\" data-key=\"field_5e4e8aa6eb1bb\">\n<div class=\"acf-label\"><\/div>\n<\/div>\n<p>Fabriqu\u00e9e \u00e0 la main en France par Ateliers Saint Jacques<br \/>\nD\u00e9lais de fabrication : 10 &#8211; 12 semaines<\/p>\n<p class=\"p1\"><span style=\"text-decoration: underline;\"><span class=\"s1\"><a href=\"https:\/\/www.theinvisiblecollection.com\/fr\/demande-de-devis\/?product_id=157870\" target=\"_blank\" rel=\"noopener\">Contactez-nous pour toute demande de devis ou de renseignements<\/a><\/span><\/span><\/p>\n","protected":false},"featured_media":5826095,"template":"","meta":{"_acf_changed":false,"content-type":"","_themeisle_gutenberg_block_has_review":false},"product_brand":[],"product_cat":[7675,12503],"product_tag":[31474,33319],"product_designer":[18423],"comfabric":[],"manufacturer":[16842],"reporting_designer":[37745],"samplecomfabric":[],"designer_clubroom":[],"class_list":{"0":"post-157870","1":"product","2":"type-product","3":"status-publish","4":"has-post-thumbnail","6":"product_cat-consoles-fr","7":"product_cat-tables-fr","8":"product_tag-co-white-fr","9":"product_tag-edition-limitee","10":"product_designer-noe-duchaufour-lawrance-fr","11":"manufacturer-ateliers-saint-jacques-fonderie-de-coubertin-fr","12":"reporting_designer-noe-duchaufour-lawrance","14":"first","15":"instock","16":"featured","17":"taxable","18":"shipping-taxable","19":"purchasable","20":"product-type-variable"},"acf":[],"_links":{"self":[{"href":"https:\/\/theinvisiblecollection.com\/fr\/wp-json\/wp\/v2\/product\/157870","targetHints":{"allow":["GET"]}}],"collection":[{"href":"https:\/\/theinvisiblecollection.com\/fr\/wp-json\/wp\/v2\/product"}],"about":[{"href":"https:\/\/theinvisiblecollection.com\/fr\/wp-json\/wp\/v2\/types\/product"}],"wp:featuredmedia":[{"embeddable":true,"href":"https:\/\/theinvisiblecollection.com\/fr\/wp-json\/wp\/v2\/media\/5826095"}],"wp:attachment":[{"href":"https:\/\/theinvisiblecollection.com\/fr\/wp-json\/wp\/v2\/media?parent=157870"}],"wp:term":[{"taxonomy":"product_brand","embeddable":true,"href":"https:\/\/theinvisiblecollection.com\/fr\/wp-json\/wp\/v2\/product_brand?post=157870"},{"taxonomy":"product_cat","embeddable":true,"href":"https:\/\/theinvisiblecollection.com\/fr\/wp-json\/wp\/v2\/product_cat?post=157870"},{"taxonomy":"product_tag","embeddable":true,"href":"https:\/\/theinvisiblecollection.com\/fr\/wp-json\/wp\/v2\/product_tag?post=157870"},{"taxonomy":"product_designer","embeddable":true,"href":"https:\/\/theinvisiblecollection.com\/fr\/wp-json\/wp\/v2\/product_designer?post=157870"},{"taxonomy":"comfabric","embeddable":true,"href":"https:\/\/theinvisiblecollection.com\/fr\/wp-json\/wp\/v2\/comfabric?post=157870"},{"taxonomy":"manufacturer","embeddable":true,"href":"https:\/\/theinvisiblecollection.com\/fr\/wp-json\/wp\/v2\/manufacturer?post=157870"},{"taxonomy":"reporting_designer","embeddable":true,"href":"https:\/\/theinvisiblecollection.com\/fr\/wp-json\/wp\/v2\/reporting_designer?post=157870"},{"taxonomy":"samplecomfabric","embeddable":true,"href":"https:\/\/theinvisiblecollection.com\/fr\/wp-json\/wp\/v2\/samplecomfabric?post=157870"},{"taxonomy":"clubroom_product_designer","embeddable":true,"href":"https:\/\/theinvisiblecollection.com\/fr\/wp-json\/wp\/v2\/designer_clubroom?post=157870"}],"curies":[{"name":"wp","href":"https:\/\/api.w.org\/{rel}","templated":true}]}}