{"id":157934,"date":"2022-08-19T15:23:06","date_gmt":"2022-08-19T14:23:06","guid":{"rendered":"https:\/\/theinvisiblecollection.com\/?post_type=product&#038;p=157934"},"modified":"2026-05-01T07:38:41","modified_gmt":"2026-05-01T07:38:41","slug":"noe-duchaufour-lawrance-tapis-brumes-3","status":"publish","type":"product","link":"https:\/\/theinvisiblecollection.com\/fr\/produit\/noe-duchaufour-lawrance-tapis-brumes-3\/","title":{"rendered":"Tapis Brumes 3"},"content":{"rendered":"<p style=\"text-align: justify;\"><span class=\"TextRun SCXW219298517 BCX0\" lang=\"FR-FR\" xml:lang=\"FR-FR\" data-contrast=\"auto\"><span class=\"NormalTextRun SCXW219298517 BCX0\">Le <\/span><span class=\"NormalTextRun SCXW219298517 BCX0\">t<\/span><span class=\"NormalTextRun SCXW219298517 BCX0\">apis Brumes 3 de No\u00e9 <\/span><span class=\"NormalTextRun SpellingErrorV2Themed SCXW219298517 BCX0\">Duchaufour-Lawr<\/span><span class=\"NormalTextRun SpellingErrorV2Themed SCXW219298517 BCX0\">a<\/span><span class=\"NormalTextRun SpellingErrorV2Themed SCXW219298517 BCX0\">nce<\/span><span class=\"NormalTextRun SCXW219298517 BCX0\"> est n\u00e9 des encres de No\u00e9 sur papier. <\/span><span class=\"NormalTextRun SCXW219298517 BCX0\">Gr\u00e2ce au travail d&#8217;interpr\u00e9tation magistral du tisserand de tapis, les riches couleurs s&#8217;\u00e9coulent librement et deviennent des brins migrateurs qui se r\u00e9pandent et remplissent la toile. <\/span><\/span><span class=\"TextRun SCXW219298517 BCX0\" lang=\"EN-GB\" xml:lang=\"EN-GB\" data-contrast=\"auto\"><span class=\"NormalTextRun SCXW219298517 BCX0\">Chaque<\/span><span class=\"NormalTextRun SCXW219298517 BCX0\"> tapis <\/span><span class=\"NormalTextRun SpellingErrorV2Themed SCXW219298517 BCX0\">est<\/span><span class=\"NormalTextRun SCXW219298517 BCX0\"> unique.<\/span><\/span><span class=\"EOP SCXW219298517 BCX0\" data-ccp-props=\"{&quot;201341983&quot;:0,&quot;335559740&quot;:259}\">\u00a0<\/span><\/p>\n","protected":false},"excerpt":{"rendered":"<p>\u00c9dition limit\u00e9e de 12 pi\u00e8ces<br \/>\nTapis tuft\u00e9 \u00e0 la main<br \/>\n75 % laine et 25 % soie<br \/>\nCouleurs et dimensions sur-mesure sur demande<\/p>\n<div class=\"acf-field acf-field-wysiwyg acf-field-5e4e8a99eb1ba\" data-name=\"sizes\" data-type=\"wysiwyg\" data-key=\"field_5e4e8a99eb1ba\">\n<div class=\"acf-input\">\n<div class=\"wpml_acf_original_value\">270 x 260 cm<br \/>\n130 x 100 cm<\/div>\n<\/div>\n<\/div>\n<div class=\"acf-field acf-field-wysiwyg acf-field-5e4e8aa6eb1bb\" data-name=\"manufacturing\" data-type=\"wysiwyg\" data-key=\"field_5e4e8aa6eb1bb\">\n<div class=\"acf-label\"><\/div>\n<\/div>\n<p>D\u00e9lais de fabrication : 12 semaines<\/p>\n<p class=\"p1\"><span style=\"text-decoration: underline;\"><span class=\"s1\"><a href=\"https:\/\/www.theinvisiblecollection.com\/fr\/demande-de-devis\/?product_id=157934\" target=\"_blank\" rel=\"noopener\">Contactez-nous pour toute demande de devis ou de renseignements<\/a><\/span><\/span><\/p>\n","protected":false},"featured_media":966876,"template":"","meta":{"_acf_changed":false,"content-type":"","_themeisle_gutenberg_block_has_review":false},"product_brand":[],"product_cat":[12540,12541],"product_tag":[31477,33319],"product_designer":[18423],"comfabric":[],"manufacturer":[20744],"reporting_designer":[37745],"samplecomfabric":[],"designer_clubroom":[],"class_list":{"0":"post-157934","1":"product","2":"type-product","3":"status-publish","4":"has-post-thumbnail","6":"product_cat-tapis-fr","7":"product_cat-tufte-a-la-main","8":"product_tag-st-curvy-fr","9":"product_tag-edition-limitee","10":"pa_size-dimensions-standards","11":"pa_size-dimensions-sur-mesure-fr","12":"product_designer-noe-duchaufour-lawrance-fr","13":"manufacturer-tai-ping-fr","14":"reporting_designer-noe-duchaufour-lawrance","16":"first","17":"instock","18":"featured","19":"taxable","20":"shipping-taxable","21":"purchasable","22":"product-type-variable"},"acf":[],"_links":{"self":[{"href":"https:\/\/theinvisiblecollection.com\/fr\/wp-json\/wp\/v2\/product\/157934","targetHints":{"allow":["GET"]}}],"collection":[{"href":"https:\/\/theinvisiblecollection.com\/fr\/wp-json\/wp\/v2\/product"}],"about":[{"href":"https:\/\/theinvisiblecollection.com\/fr\/wp-json\/wp\/v2\/types\/product"}],"wp:featuredmedia":[{"embeddable":true,"href":"https:\/\/theinvisiblecollection.com\/fr\/wp-json\/wp\/v2\/media\/966876"}],"wp:attachment":[{"href":"https:\/\/theinvisiblecollection.com\/fr\/wp-json\/wp\/v2\/media?parent=157934"}],"wp:term":[{"taxonomy":"product_brand","embeddable":true,"href":"https:\/\/theinvisiblecollection.com\/fr\/wp-json\/wp\/v2\/product_brand?post=157934"},{"taxonomy":"product_cat","embeddable":true,"href":"https:\/\/theinvisiblecollection.com\/fr\/wp-json\/wp\/v2\/product_cat?post=157934"},{"taxonomy":"product_tag","embeddable":true,"href":"https:\/\/theinvisiblecollection.com\/fr\/wp-json\/wp\/v2\/product_tag?post=157934"},{"taxonomy":"product_designer","embeddable":true,"href":"https:\/\/theinvisiblecollection.com\/fr\/wp-json\/wp\/v2\/product_designer?post=157934"},{"taxonomy":"comfabric","embeddable":true,"href":"https:\/\/theinvisiblecollection.com\/fr\/wp-json\/wp\/v2\/comfabric?post=157934"},{"taxonomy":"manufacturer","embeddable":true,"href":"https:\/\/theinvisiblecollection.com\/fr\/wp-json\/wp\/v2\/manufacturer?post=157934"},{"taxonomy":"reporting_designer","embeddable":true,"href":"https:\/\/theinvisiblecollection.com\/fr\/wp-json\/wp\/v2\/reporting_designer?post=157934"},{"taxonomy":"samplecomfabric","embeddable":true,"href":"https:\/\/theinvisiblecollection.com\/fr\/wp-json\/wp\/v2\/samplecomfabric?post=157934"},{"taxonomy":"clubroom_product_designer","embeddable":true,"href":"https:\/\/theinvisiblecollection.com\/fr\/wp-json\/wp\/v2\/designer_clubroom?post=157934"}],"curies":[{"name":"wp","href":"https:\/\/api.w.org\/{rel}","templated":true}]}}