{"id":157946,"date":"2022-08-19T15:59:06","date_gmt":"2022-08-19T14:59:06","guid":{"rendered":"https:\/\/theinvisiblecollection.com\/?post_type=product&#038;p=157946"},"modified":"2026-05-08T04:39:55","modified_gmt":"2026-05-08T04:39:55","slug":"noe-duchaufour-lawrance-lampe-plume","status":"publish","type":"product","link":"https:\/\/theinvisiblecollection.com\/fr\/produit\/noe-duchaufour-lawrance-lampe-plume\/","title":{"rendered":"Lampe Plume"},"content":{"rendered":"<p style=\"text-align: justify;\">La lampe Plume de No\u00e9 Duchaufour-Lawrance est une ode \u00e0 Brancusi, silhouette profil\u00e9e d\u00e9fiant la gravit\u00e9. Une fl\u00e8che \u00e9lanc\u00e9e en noyer est magiquement \u00e9quilibr\u00e9e sur une base tot\u00e9mique en marbre ; la coupole suspendue en laiton martel\u00e9 \u00e0 la main renferme un tr\u00e9sor. Trois mat\u00e9riaux sublim\u00e9s par un savoir-faire d\u2019exception transform\u00e9s en une pi\u00e8ce d&#8217;une \u00e9l\u00e9gance saisissante.<\/p>\n","protected":false},"excerpt":{"rendered":"<p>Lampe en laiton, bois et marbre<br \/>\nPhotographi\u00e9e ici en noyer europ\u00e9en et marbre calacatta super white<br \/>\nDisponible en ch\u00eane, ch\u00eane fum\u00e9, noyer europ\u00e9en et diff\u00e9rents marbres<br \/>\n<span style=\"text-decoration: underline;\"><a href=\"https:\/\/theinvisiblecollection.com\/wp-content\/uploads\/2022\/08\/TheInvisibleCollection_Noe\u0301_Duchaufour_Lawrance_Wood_selection.pdf\" target=\"_blank\" rel=\"noopener\">D\u00e9couvrez la s\u00e9lection de bois ici<\/a><\/span><br \/>\n<a href=\"https:\/\/theinvisiblecollection.com\/wp-content\/uploads\/2022\/11\/The-Invisible-Collection-_-Noe\u0301-Duchaufour-Lawrance-_StoneSelection_FeatherLamp.jpg\" target=\"_blank\" rel=\"noopener\"><span style=\"text-decoration: underline;\">D\u00e9couvrez la s\u00e9lection de marbres ici<\/span><\/a><br \/>\nLED dimmable<\/p>\n<p>L 223 x l 60 x H 195 cm<\/p>\n<p>Fabriqu\u00e9e \u00e0 la main en France par Ateliers Saint Jacques<br \/>\nD\u00e9lais de fabrication : 20 semaines<\/p>\n<p class=\"p1\"><span style=\"text-decoration: underline;\"><span class=\"s1\"><a href=\"https:\/\/www.theinvisiblecollection.com\/fr\/demande-de-devis\/?product_id=157946\" target=\"_blank\" rel=\"noopener\">Contactez-nous pour toute demande de devis ou de renseignements<\/a><\/span><\/span><\/p>\n","protected":false},"featured_media":952884,"template":"","meta":{"_acf_changed":false,"content-type":"","_themeisle_gutenberg_block_has_review":false},"product_brand":[],"product_cat":[8966,12507],"product_tag":[31474,31477],"product_designer":[18423],"comfabric":[],"manufacturer":[16842],"reporting_designer":[37745],"samplecomfabric":[],"designer_clubroom":[],"class_list":{"0":"post-157946","1":"product","2":"type-product","3":"status-publish","4":"has-post-thumbnail","6":"product_cat-lampes-sur-pied","7":"product_cat-luminaires","8":"product_tag-co-white-fr","9":"product_tag-st-curvy-fr","10":"pa_wood-chene-fr","11":"pa_wood-noyer-europeen","12":"product_designer-noe-duchaufour-lawrance-fr","13":"manufacturer-ateliers-saint-jacques-fonderie-de-coubertin-fr","14":"reporting_designer-noe-duchaufour-lawrance","16":"first","17":"instock","18":"featured","19":"taxable","20":"shipping-taxable","21":"purchasable","22":"product-type-variable"},"acf":[],"_links":{"self":[{"href":"https:\/\/theinvisiblecollection.com\/fr\/wp-json\/wp\/v2\/product\/157946","targetHints":{"allow":["GET"]}}],"collection":[{"href":"https:\/\/theinvisiblecollection.com\/fr\/wp-json\/wp\/v2\/product"}],"about":[{"href":"https:\/\/theinvisiblecollection.com\/fr\/wp-json\/wp\/v2\/types\/product"}],"wp:featuredmedia":[{"embeddable":true,"href":"https:\/\/theinvisiblecollection.com\/fr\/wp-json\/wp\/v2\/media\/952884"}],"wp:attachment":[{"href":"https:\/\/theinvisiblecollection.com\/fr\/wp-json\/wp\/v2\/media?parent=157946"}],"wp:term":[{"taxonomy":"product_brand","embeddable":true,"href":"https:\/\/theinvisiblecollection.com\/fr\/wp-json\/wp\/v2\/product_brand?post=157946"},{"taxonomy":"product_cat","embeddable":true,"href":"https:\/\/theinvisiblecollection.com\/fr\/wp-json\/wp\/v2\/product_cat?post=157946"},{"taxonomy":"product_tag","embeddable":true,"href":"https:\/\/theinvisiblecollection.com\/fr\/wp-json\/wp\/v2\/product_tag?post=157946"},{"taxonomy":"product_designer","embeddable":true,"href":"https:\/\/theinvisiblecollection.com\/fr\/wp-json\/wp\/v2\/product_designer?post=157946"},{"taxonomy":"comfabric","embeddable":true,"href":"https:\/\/theinvisiblecollection.com\/fr\/wp-json\/wp\/v2\/comfabric?post=157946"},{"taxonomy":"manufacturer","embeddable":true,"href":"https:\/\/theinvisiblecollection.com\/fr\/wp-json\/wp\/v2\/manufacturer?post=157946"},{"taxonomy":"reporting_designer","embeddable":true,"href":"https:\/\/theinvisiblecollection.com\/fr\/wp-json\/wp\/v2\/reporting_designer?post=157946"},{"taxonomy":"samplecomfabric","embeddable":true,"href":"https:\/\/theinvisiblecollection.com\/fr\/wp-json\/wp\/v2\/samplecomfabric?post=157946"},{"taxonomy":"clubroom_product_designer","embeddable":true,"href":"https:\/\/theinvisiblecollection.com\/fr\/wp-json\/wp\/v2\/designer_clubroom?post=157946"}],"curies":[{"name":"wp","href":"https:\/\/api.w.org\/{rel}","templated":true}]}}