{"id":157966,"date":"2022-08-19T16:43:39","date_gmt":"2022-08-19T15:43:39","guid":{"rendered":"https:\/\/theinvisiblecollection.com\/?post_type=product&#038;p=157966"},"modified":"2026-05-01T07:38:41","modified_gmt":"2026-05-01T07:38:41","slug":"noe-duchaufour-lawrance-tables-cimes","status":"publish","type":"product","link":"https:\/\/theinvisiblecollection.com\/fr\/produit\/noe-duchaufour-lawrance-tables-cimes\/","title":{"rendered":"Tables Cimes"},"content":{"rendered":"<p style=\"text-align: justify;\"><span class=\"TextRun SCXW134358386 BCX0\" lang=\"FR-FR\" xml:lang=\"FR-FR\" data-contrast=\"auto\"><span class=\"NormalTextRun SCXW134358386 BCX0\">L<\/span><span class=\"NormalTextRun SCXW134358386 BCX0\">a table <\/span><span class=\"NormalTextRun SCXW134358386 BCX0\">Cimes de No\u00e9 <\/span><span class=\"NormalTextRun SpellingErrorV2Themed SCXW134358386 BCX0\">Duchaufour-Lawr<\/span><span class=\"NormalTextRun SpellingErrorV2Themed SCXW134358386 BCX0\">a<\/span><span class=\"NormalTextRun SpellingErrorV2Themed SCXW134358386 BCX0\">nce<\/span><\/span><span class=\"TextRun SCXW134358386 BCX0\" lang=\"FR-FR\" xml:lang=\"FR-FR\" data-contrast=\"auto\"><span class=\"NormalTextRun SCXW134358386 BCX0\"> \u00e9voque la fragilit\u00e9 des grandes for\u00eats. <\/span><\/span><span class=\"TextRun SCXW134358386 BCX0\" lang=\"FR-FR\" xml:lang=\"FR-FR\" data-contrast=\"auto\"><span class=\"NormalTextRun SCXW134358386 BCX0\">La structure en bois se d\u00e9ploie dans la partie sup\u00e9rieure horizontale, rappelant les troncs verticaux qui se ramifient \u00e9l\u00e9gamment en auvents forestiers. Les \u00e9l\u00e9ments modulaires se connectent et forment un cercle parfait.\u00a0<\/span><\/span><span class=\"EOP SCXW134358386 BCX0\" data-ccp-props=\"{&quot;201341983&quot;:0,&quot;335559740&quot;:259}\">\u00a0<\/span><\/p>\n","protected":false},"excerpt":{"rendered":"<p>\u00c9dition limit\u00e9e de 12 pi\u00e8ces<br \/>\nTables modulables photographi\u00e9es ici avec un plateau en travertin argent\u00e9 et des pieds en noyer, vernis mat ou satin\u00e9<br \/>\n<a href=\"https:\/\/theinvisiblecollection.com\/wp-content\/uploads\/2022\/09\/TheInvisibleCollection_Noe\u0301DuchaufourLawrance_StoneSelection.jpg\" target=\"_blank\" rel=\"noopener\"><span style=\"text-decoration: underline;\">D\u00e9couvrez la s\u00e9lection de marbres ici<\/span><\/a><br \/>\n<a href=\"https:\/\/theinvisiblecollection.com\/wp-content\/uploads\/2022\/09\/TheInvisibleCollection_Noe\u0301DuchaufourLawrance_WoodSelection.jpg\" target=\"_blank\" rel=\"noopener\"><span style=\"text-decoration: underline;\">D\u00e9couvrez la s\u00e9lection de bois ici<\/span><\/a><br \/>\nComposition de cinq tables avec diff\u00e9rentes combinaisons possibles<\/p>\n<div class=\"acf-field acf-field-wysiwyg acf-field-5e4e8a99eb1ba\" data-name=\"sizes\" data-type=\"wysiwyg\" data-key=\"field_5e4e8a99eb1ba\">\n<div class=\"acf-input\">\n<div class=\"wpml_acf_original_value\">Dimensions assembl\u00e9es :<br \/>\n\u00d8 300 x H 75 cm<\/div>\n<\/div>\n<\/div>\n<div class=\"acf-field acf-field-wysiwyg acf-field-5e4e8aa6eb1bb\" data-name=\"manufacturing\" data-type=\"wysiwyg\" data-key=\"field_5e4e8aa6eb1bb\">\n<div class=\"acf-label\"><\/div>\n<\/div>\n<p>Fabriqu\u00e9es \u00e0 la main en France<br \/>\nD\u00e9lais de fabrication : 14 semaines<\/p>\n<p class=\"p1\"><span style=\"text-decoration: underline;\"><span class=\"s1\"><a href=\"https:\/\/www.theinvisiblecollection.com\/fr\/demande-de-devis\/?product_id=157966\" target=\"_blank\" rel=\"noopener\">Contactez-nous pour toute demande de devis ou de renseignements<\/a><\/span><\/span><\/p>\n","protected":false},"featured_media":1008162,"template":"","meta":{"_acf_changed":false,"content-type":"","_themeisle_gutenberg_block_has_review":false},"product_brand":[],"product_cat":[8977,12503],"product_tag":[7435,33319],"product_designer":[18423],"comfabric":[],"manufacturer":[19753],"reporting_designer":[37745],"samplecomfabric":[],"designer_clubroom":[],"class_list":{"0":"post-157966","1":"product","2":"type-product","3":"status-publish","4":"has-post-thumbnail","6":"product_cat-tables-salle-a-manger","7":"product_cat-tables-fr","8":"product_tag-new-in-fr","9":"product_tag-edition-limitee","10":"pa_tabletop-material-marbre-rosa-veios-verdes","11":"pa_tabletop-material-marbre-verde-sempaio","12":"pa_tabletop-material-marbre-verde-serpa","13":"pa_tabletop-material-quartz-san-bernardino","14":"pa_tabletop-material-travertin-argent","15":"product_designer-noe-duchaufour-lawrance-fr","16":"manufacturer-lallier-fr","17":"reporting_designer-noe-duchaufour-lawrance","19":"first","20":"instock","21":"featured","22":"taxable","23":"shipping-taxable","24":"purchasable","25":"product-type-variable"},"acf":[],"_links":{"self":[{"href":"https:\/\/theinvisiblecollection.com\/fr\/wp-json\/wp\/v2\/product\/157966","targetHints":{"allow":["GET"]}}],"collection":[{"href":"https:\/\/theinvisiblecollection.com\/fr\/wp-json\/wp\/v2\/product"}],"about":[{"href":"https:\/\/theinvisiblecollection.com\/fr\/wp-json\/wp\/v2\/types\/product"}],"wp:featuredmedia":[{"embeddable":true,"href":"https:\/\/theinvisiblecollection.com\/fr\/wp-json\/wp\/v2\/media\/1008162"}],"wp:attachment":[{"href":"https:\/\/theinvisiblecollection.com\/fr\/wp-json\/wp\/v2\/media?parent=157966"}],"wp:term":[{"taxonomy":"product_brand","embeddable":true,"href":"https:\/\/theinvisiblecollection.com\/fr\/wp-json\/wp\/v2\/product_brand?post=157966"},{"taxonomy":"product_cat","embeddable":true,"href":"https:\/\/theinvisiblecollection.com\/fr\/wp-json\/wp\/v2\/product_cat?post=157966"},{"taxonomy":"product_tag","embeddable":true,"href":"https:\/\/theinvisiblecollection.com\/fr\/wp-json\/wp\/v2\/product_tag?post=157966"},{"taxonomy":"product_designer","embeddable":true,"href":"https:\/\/theinvisiblecollection.com\/fr\/wp-json\/wp\/v2\/product_designer?post=157966"},{"taxonomy":"comfabric","embeddable":true,"href":"https:\/\/theinvisiblecollection.com\/fr\/wp-json\/wp\/v2\/comfabric?post=157966"},{"taxonomy":"manufacturer","embeddable":true,"href":"https:\/\/theinvisiblecollection.com\/fr\/wp-json\/wp\/v2\/manufacturer?post=157966"},{"taxonomy":"reporting_designer","embeddable":true,"href":"https:\/\/theinvisiblecollection.com\/fr\/wp-json\/wp\/v2\/reporting_designer?post=157966"},{"taxonomy":"samplecomfabric","embeddable":true,"href":"https:\/\/theinvisiblecollection.com\/fr\/wp-json\/wp\/v2\/samplecomfabric?post=157966"},{"taxonomy":"clubroom_product_designer","embeddable":true,"href":"https:\/\/theinvisiblecollection.com\/fr\/wp-json\/wp\/v2\/designer_clubroom?post=157966"}],"curies":[{"name":"wp","href":"https:\/\/api.w.org\/{rel}","templated":true}]}}