{"id":158001,"date":"2022-08-22T09:10:19","date_gmt":"2022-08-22T08:10:19","guid":{"rendered":"https:\/\/theinvisiblecollection.com\/?post_type=product&#038;p=158001"},"modified":"2026-05-01T07:38:41","modified_gmt":"2026-05-01T07:38:41","slug":"noe-duchaufour-lawrance-fauteuil-cil","status":"publish","type":"product","link":"https:\/\/theinvisiblecollection.com\/fr\/produit\/noe-duchaufour-lawrance-fauteuil-cil\/","title":{"rendered":"Fauteuil Cil"},"content":{"rendered":"<p style=\"text-align: justify;\"><span class=\"TextRun SCXW157658498 BCX0\" lang=\"FR-FR\" xml:lang=\"FR-FR\" data-contrast=\"auto\"><span class=\"NormalTextRun SCXW157658498 BCX0\">Le <\/span><span class=\"NormalTextRun SpellingErrorV2Themed SCXW157658498 BCX0\">fauteuil<\/span><span class=\"NormalTextRun SCXW157658498 BCX0\"> Cil de No\u00e9 <\/span><span class=\"NormalTextRun SpellingErrorV2Themed SCXW157658498 BCX0\">Duchaufour-Lawr<\/span><span class=\"NormalTextRun SpellingErrorV2Themed SCXW157658498 BCX0\">a<\/span><span class=\"NormalTextRun SpellingErrorV2Themed SCXW157658498 BCX0\">nce<\/span><span class=\"NormalTextRun SCXW157658498 BCX0\"> est d\u00e9fini par un minimalisme singulier. <\/span><span class=\"NormalTextRun SCXW157658498 BCX0\">Une ligne souple encadre le meuble avec l\u00e9g\u00e8ret\u00e9. Les mat\u00e9riaux et les finitions se conjuguent dans un champ visuel doux.<\/span><\/span><span class=\"EOP SCXW157658498 BCX0\" data-ccp-props=\"{&quot;201341983&quot;:0,&quot;335559740&quot;:259}\">\u00a0<\/span><\/p>\n","protected":false},"excerpt":{"rendered":"<p>\u00c9dition limit\u00e9e de 12 pi\u00e8ces<br \/>\nFauteuil avec une structure en bois recouverte de tissu ou de cuir.<br \/>\nTapiss\u00e9 ici en Bruder Oum<br \/>\nDisponible en diff\u00e9rents tissus ou cuirs<br \/>\n<a href=\"https:\/\/theinvisiblecollection.com\/wp-content\/uploads\/2022\/08\/The-Invisible-Collection-_-Noe\u0301-Duchaufour-Lawrance-_-FabricSelection.pdf\" target=\"_blank\" rel=\"noopener\"><span style=\"text-decoration: underline;\">D\u00e9couvrez la s\u00e9lection de tissus ici<\/span><\/a><br \/>\n<a href=\"https:\/\/theinvisiblecollection.com\/wp-content\/uploads\/2022\/08\/The-Invisible-Collection-_-Noe\u0301-Duchaufour-Lawrance-_-4-Leather-Selection.pdf\" target=\"_blank\" rel=\"noopener\"><span style=\"text-decoration: underline;\">D\u00e9couvrez la s\u00e9lection de cuirs ici<\/span><\/a><br \/>\nPeut \u00eatre associ\u00e9 avec le <a href=\"https:\/\/theinvisiblecollection.com\/fr\/produit\/noe-duchaufour-lawrance-canape-cil\/\" target=\"_blank\" rel=\"noopener\"><span style=\"text-decoration: underline;\">canap\u00e9 Cil<\/span><\/a><\/p>\n<p>L 112.5 x P 91 x H 85 cm<br \/>\nHauteur d&#8217;assise : 40 cm<\/p>\n<p>Fabriqu\u00e9 \u00e0 la main en France par Ateliers Jouffre<br \/>\nD\u00e9lais de fabrication : 18 semaines<\/p>\n<p class=\"p1\"><span style=\"text-decoration: underline;\"><span class=\"s1\"><a href=\"https:\/\/www.theinvisiblecollection.com\/fr\/demande-de-devis\/?product_id=158001\" target=\"_blank\" rel=\"noopener\">Contactez-nous pour toute demande de devis ou de renseignements<\/a><\/span><\/span><\/p>\n","protected":false},"featured_media":1049901,"template":"","meta":{"_acf_changed":false,"content-type":"","_themeisle_gutenberg_block_has_review":false},"product_brand":[],"product_cat":[8945,12499],"product_tag":[9150,31477,33319],"product_designer":[18423],"comfabric":[],"manufacturer":[16822],"reporting_designer":[37745],"samplecomfabric":[],"designer_clubroom":[],"class_list":{"0":"post-158001","1":"product","2":"type-product","3":"status-publish","4":"has-post-thumbnail","6":"product_cat-fauteuils","7":"product_cat-assises","8":"product_tag-fauteuil-fr-2","9":"product_tag-st-curvy-fr","10":"product_tag-edition-limitee","11":"pa_wood-chene-fr","12":"pa_wood-noyer-damerique-fr","13":"pa_wood-noyer-europeen","14":"product_designer-noe-duchaufour-lawrance-fr","15":"manufacturer-atelier-jouffre-lyon-fr","16":"reporting_designer-noe-duchaufour-lawrance","18":"first","19":"instock","20":"featured","21":"taxable","22":"shipping-taxable","23":"purchasable","24":"product-type-variable"},"acf":[],"_links":{"self":[{"href":"https:\/\/theinvisiblecollection.com\/fr\/wp-json\/wp\/v2\/product\/158001","targetHints":{"allow":["GET"]}}],"collection":[{"href":"https:\/\/theinvisiblecollection.com\/fr\/wp-json\/wp\/v2\/product"}],"about":[{"href":"https:\/\/theinvisiblecollection.com\/fr\/wp-json\/wp\/v2\/types\/product"}],"wp:featuredmedia":[{"embeddable":true,"href":"https:\/\/theinvisiblecollection.com\/fr\/wp-json\/wp\/v2\/media\/1049901"}],"wp:attachment":[{"href":"https:\/\/theinvisiblecollection.com\/fr\/wp-json\/wp\/v2\/media?parent=158001"}],"wp:term":[{"taxonomy":"product_brand","embeddable":true,"href":"https:\/\/theinvisiblecollection.com\/fr\/wp-json\/wp\/v2\/product_brand?post=158001"},{"taxonomy":"product_cat","embeddable":true,"href":"https:\/\/theinvisiblecollection.com\/fr\/wp-json\/wp\/v2\/product_cat?post=158001"},{"taxonomy":"product_tag","embeddable":true,"href":"https:\/\/theinvisiblecollection.com\/fr\/wp-json\/wp\/v2\/product_tag?post=158001"},{"taxonomy":"product_designer","embeddable":true,"href":"https:\/\/theinvisiblecollection.com\/fr\/wp-json\/wp\/v2\/product_designer?post=158001"},{"taxonomy":"comfabric","embeddable":true,"href":"https:\/\/theinvisiblecollection.com\/fr\/wp-json\/wp\/v2\/comfabric?post=158001"},{"taxonomy":"manufacturer","embeddable":true,"href":"https:\/\/theinvisiblecollection.com\/fr\/wp-json\/wp\/v2\/manufacturer?post=158001"},{"taxonomy":"reporting_designer","embeddable":true,"href":"https:\/\/theinvisiblecollection.com\/fr\/wp-json\/wp\/v2\/reporting_designer?post=158001"},{"taxonomy":"samplecomfabric","embeddable":true,"href":"https:\/\/theinvisiblecollection.com\/fr\/wp-json\/wp\/v2\/samplecomfabric?post=158001"},{"taxonomy":"clubroom_product_designer","embeddable":true,"href":"https:\/\/theinvisiblecollection.com\/fr\/wp-json\/wp\/v2\/designer_clubroom?post=158001"}],"curies":[{"name":"wp","href":"https:\/\/api.w.org\/{rel}","templated":true}]}}