{"id":158021,"date":"2022-08-22T09:29:00","date_gmt":"2022-08-22T08:29:00","guid":{"rendered":"https:\/\/theinvisiblecollection.com\/?post_type=product&#038;p=158021"},"modified":"2026-05-01T07:38:41","modified_gmt":"2026-05-01T07:38:41","slug":"noe-duchaufour-lawrance-lit-le-baiser","status":"publish","type":"product","link":"https:\/\/theinvisiblecollection.com\/fr\/produit\/noe-duchaufour-lawrance-lit-le-baiser\/","title":{"rendered":"Lit Le Baiser"},"content":{"rendered":"<p style=\"text-align: justify;\">Le lit Le Baiser de No\u00e9 Duchaufour-Lawrance est n\u00e9 de la fusion de deux formes superpos\u00e9es. Le petit p\u00e9tale s\u2019enroule tendrement dans le grand p\u00e9tale, cr\u00e9ant une forme qui \u00e9voque la silhouette d\u2019un nuage, comme une promesse de r\u00eaves enchant\u00e9s.<\/p>\n","protected":false},"excerpt":{"rendered":"<p>\u00c9dition limit\u00e9e de 12 pi\u00e8ces<br \/>\nLit photographi\u00e9 ici en tissu Viggo de Pierre Frey<br \/>\n<a href=\"https:\/\/theinvisiblecollection.com\/wp-content\/uploads\/2022\/10\/The-Invisible-Collection-_-Noe\u0301-Duchaufour-Lawrance-_-Material-Selection_LeBaiserBed.jpg\" target=\"_blank\" rel=\"noopener\"><span style=\"text-decoration: underline;\">D\u00e9couvrez la s\u00e9lection de tissus ici<\/span><\/a><br \/>\nMatelas King size non inclus<br \/>\nDimensions sur-mesure sur demande<\/p>\n<p>L 226 x l 263 x H 129 cm<br \/>\nMatelas taille King US : 193 x 203 cm<br \/>\nHauteur d&#8217;assise (sans matelas) : 40 cm<br \/>\nTissu requis : 7 m<\/p>\n<p>Fabriqu\u00e9 \u00e0 la main en France<br \/>\nD\u00e9lais de fabrication : 12 semaines<\/p>\n<p class=\"p1\"><span style=\"text-decoration: underline;\"><span class=\"s1\"><a href=\"https:\/\/www.theinvisiblecollection.com\/fr\/demande-de-devis\/?product_id=158021\" target=\"_blank\" rel=\"noopener\">Contactez-nous pour toute demande de devis ou de renseignements<\/a><\/span><\/span><\/p>\n","protected":false},"featured_media":947651,"template":"","meta":{"_acf_changed":false,"content-type":"","_themeisle_gutenberg_block_has_review":false},"product_brand":[],"product_cat":[7909,12501],"product_tag":[7435,31474,31477,33319],"product_designer":[18423],"comfabric":[],"manufacturer":[18495],"reporting_designer":[37745],"samplecomfabric":[],"designer_clubroom":[],"class_list":{"0":"post-158021","1":"product","2":"type-product","3":"status-publish","4":"has-post-thumbnail","6":"product_cat-lits","7":"product_cat-chambre-a-coucher","8":"product_tag-new-in-fr","9":"product_tag-co-white-fr","10":"product_tag-st-curvy-fr","11":"product_tag-edition-limitee","12":"product_designer-noe-duchaufour-lawrance-fr","13":"manufacturer-siegeair-fr","14":"reporting_designer-noe-duchaufour-lawrance","16":"first","17":"instock","18":"featured","19":"taxable","20":"shipping-taxable","21":"purchasable","22":"product-type-variable"},"acf":[],"_links":{"self":[{"href":"https:\/\/theinvisiblecollection.com\/fr\/wp-json\/wp\/v2\/product\/158021","targetHints":{"allow":["GET"]}}],"collection":[{"href":"https:\/\/theinvisiblecollection.com\/fr\/wp-json\/wp\/v2\/product"}],"about":[{"href":"https:\/\/theinvisiblecollection.com\/fr\/wp-json\/wp\/v2\/types\/product"}],"wp:featuredmedia":[{"embeddable":true,"href":"https:\/\/theinvisiblecollection.com\/fr\/wp-json\/wp\/v2\/media\/947651"}],"wp:attachment":[{"href":"https:\/\/theinvisiblecollection.com\/fr\/wp-json\/wp\/v2\/media?parent=158021"}],"wp:term":[{"taxonomy":"product_brand","embeddable":true,"href":"https:\/\/theinvisiblecollection.com\/fr\/wp-json\/wp\/v2\/product_brand?post=158021"},{"taxonomy":"product_cat","embeddable":true,"href":"https:\/\/theinvisiblecollection.com\/fr\/wp-json\/wp\/v2\/product_cat?post=158021"},{"taxonomy":"product_tag","embeddable":true,"href":"https:\/\/theinvisiblecollection.com\/fr\/wp-json\/wp\/v2\/product_tag?post=158021"},{"taxonomy":"product_designer","embeddable":true,"href":"https:\/\/theinvisiblecollection.com\/fr\/wp-json\/wp\/v2\/product_designer?post=158021"},{"taxonomy":"comfabric","embeddable":true,"href":"https:\/\/theinvisiblecollection.com\/fr\/wp-json\/wp\/v2\/comfabric?post=158021"},{"taxonomy":"manufacturer","embeddable":true,"href":"https:\/\/theinvisiblecollection.com\/fr\/wp-json\/wp\/v2\/manufacturer?post=158021"},{"taxonomy":"reporting_designer","embeddable":true,"href":"https:\/\/theinvisiblecollection.com\/fr\/wp-json\/wp\/v2\/reporting_designer?post=158021"},{"taxonomy":"samplecomfabric","embeddable":true,"href":"https:\/\/theinvisiblecollection.com\/fr\/wp-json\/wp\/v2\/samplecomfabric?post=158021"},{"taxonomy":"clubroom_product_designer","embeddable":true,"href":"https:\/\/theinvisiblecollection.com\/fr\/wp-json\/wp\/v2\/designer_clubroom?post=158021"}],"curies":[{"name":"wp","href":"https:\/\/api.w.org\/{rel}","templated":true}]}}