{"id":158033,"date":"2022-08-22T09:43:31","date_gmt":"2022-08-22T08:43:31","guid":{"rendered":"https:\/\/theinvisiblecollection.com\/?post_type=product&#038;p=158033"},"modified":"2026-05-01T07:38:41","modified_gmt":"2026-05-01T07:38:41","slug":"noe-duchaufour-lawrance-canape-nomad","status":"publish","type":"product","link":"https:\/\/theinvisiblecollection.com\/fr\/produit\/noe-duchaufour-lawrance-canape-nomad\/","title":{"rendered":"Canap\u00e9 Nomad"},"content":{"rendered":"<p style=\"text-align: justify;\">Lov\u00e9 dans un \u00e9crin en cuir aux formes s\u00e9v\u00e8res, les formes rebondies des assises gain\u00e9es de tissu du canap\u00e9 Nomad dessin\u00e9 par No\u00e9 Duchaufour-Lawrance s\u2019\u00e9panouissent avec g\u00e9n\u00e9rosit\u00e9. Le canap\u00e9 se joue des contrastes et des antagonismes, des mati\u00e8res entre cuir et tissu, et des formes, \u00e2pres de dos, voluptueuses de face. Clin d\u2019oeil aux tentes des nomades qui opposent confort int\u00e9rieur et rudesse ext\u00e9rieure.<\/p>\n","protected":false},"excerpt":{"rendered":"<p>\u00c9dition limit\u00e9e de 12 pi\u00e8ces<br \/>\nTapiss\u00e9 ici en Rogers &amp; Goffigon Juta (Porcelain Berry)<br \/>\nDisponible en diff\u00e9rents tissus et cuirs<br \/>\n<a href=\"https:\/\/theinvisiblecollection.com\/wp-content\/uploads\/2022\/11\/The-Invisible-Collection-_-Noe\u0301-Duchaufour-Lawrance-_FabircSelection_NomadSofa.jpg\" target=\"_blank\" rel=\"noopener\"><span style=\"text-decoration: underline;\">D\u00e9couvrez la s\u00e9lection de tissus ici<\/span><\/a><br \/>\n<a href=\"https:\/\/theinvisiblecollection.com\/wp-content\/uploads\/2022\/08\/The-Invisible-Collection-_-Noe\u0301-Duchaufour-Lawrance-_-4-Leather-SelectionNomad.pdf\" target=\"_blank\" rel=\"noopener\"><span style=\"text-decoration: underline;\">D\u00e9couvrez la s\u00e9lection de cuirs ici<\/span><\/a><br \/>\nPeut \u00eatre associ\u00e9 avec d&#8217;autres \u00e9l\u00e9ments de la <a href=\"https:\/\/theinvisiblecollection.com\/fr\/produits\/?a_search=nomad+no%C3%A9+duchaufour-lawrance&#038;query=nomad+no%C3%A9+duchaufour-lawrance\" target=\"_blank\" rel=\"noopener\"><span style=\"text-decoration: underline;\">collection<\/span><\/a><\/p>\n<p>L 224.5 x P 87.5 x H 88.2 cm<br \/>\nHauteur d&#8217;assise : 40 cm<\/p>\n<p>Fabriqu\u00e9 \u00e0 la main en France<br \/>\nD\u00e9lais de fabrication : 10 &#8211; 12 semaines<\/p>\n<p class=\"p1\"><span style=\"text-decoration: underline;\"><span class=\"s1\"><a href=\"https:\/\/www.theinvisiblecollection.com\/fr\/demande-de-devis\/?product_id=158033\" target=\"_blank\" rel=\"noopener\">Contactez-nous pour toute demande de devis ou de renseignements<\/a><\/span><\/span><\/p>\n","protected":false},"featured_media":1047298,"template":"","meta":{"_acf_changed":false,"content-type":"","_themeisle_gutenberg_block_has_review":false},"product_brand":[],"product_cat":[8976,12499],"product_tag":[31474,31477,33319],"product_designer":[18423],"comfabric":[],"manufacturer":[18497],"reporting_designer":[37745],"samplecomfabric":[],"designer_clubroom":[],"class_list":{"0":"post-158033","1":"product","2":"type-product","3":"status-publish","4":"has-post-thumbnail","6":"product_cat-canapes","7":"product_cat-assises","8":"product_tag-co-white-fr","9":"product_tag-st-curvy-fr","10":"product_tag-edition-limitee","11":"pa_wood-chene-fr","12":"pa_wood-noyer-europeen","13":"product_designer-noe-duchaufour-lawrance-fr","14":"manufacturer-laval-fr","15":"reporting_designer-noe-duchaufour-lawrance","17":"first","18":"instock","19":"featured","20":"taxable","21":"shipping-taxable","22":"purchasable","23":"product-type-variable"},"acf":[],"_links":{"self":[{"href":"https:\/\/theinvisiblecollection.com\/fr\/wp-json\/wp\/v2\/product\/158033","targetHints":{"allow":["GET"]}}],"collection":[{"href":"https:\/\/theinvisiblecollection.com\/fr\/wp-json\/wp\/v2\/product"}],"about":[{"href":"https:\/\/theinvisiblecollection.com\/fr\/wp-json\/wp\/v2\/types\/product"}],"wp:featuredmedia":[{"embeddable":true,"href":"https:\/\/theinvisiblecollection.com\/fr\/wp-json\/wp\/v2\/media\/1047298"}],"wp:attachment":[{"href":"https:\/\/theinvisiblecollection.com\/fr\/wp-json\/wp\/v2\/media?parent=158033"}],"wp:term":[{"taxonomy":"product_brand","embeddable":true,"href":"https:\/\/theinvisiblecollection.com\/fr\/wp-json\/wp\/v2\/product_brand?post=158033"},{"taxonomy":"product_cat","embeddable":true,"href":"https:\/\/theinvisiblecollection.com\/fr\/wp-json\/wp\/v2\/product_cat?post=158033"},{"taxonomy":"product_tag","embeddable":true,"href":"https:\/\/theinvisiblecollection.com\/fr\/wp-json\/wp\/v2\/product_tag?post=158033"},{"taxonomy":"product_designer","embeddable":true,"href":"https:\/\/theinvisiblecollection.com\/fr\/wp-json\/wp\/v2\/product_designer?post=158033"},{"taxonomy":"comfabric","embeddable":true,"href":"https:\/\/theinvisiblecollection.com\/fr\/wp-json\/wp\/v2\/comfabric?post=158033"},{"taxonomy":"manufacturer","embeddable":true,"href":"https:\/\/theinvisiblecollection.com\/fr\/wp-json\/wp\/v2\/manufacturer?post=158033"},{"taxonomy":"reporting_designer","embeddable":true,"href":"https:\/\/theinvisiblecollection.com\/fr\/wp-json\/wp\/v2\/reporting_designer?post=158033"},{"taxonomy":"samplecomfabric","embeddable":true,"href":"https:\/\/theinvisiblecollection.com\/fr\/wp-json\/wp\/v2\/samplecomfabric?post=158033"},{"taxonomy":"clubroom_product_designer","embeddable":true,"href":"https:\/\/theinvisiblecollection.com\/fr\/wp-json\/wp\/v2\/designer_clubroom?post=158033"}],"curies":[{"name":"wp","href":"https:\/\/api.w.org\/{rel}","templated":true}]}}