{"id":158043,"date":"2022-08-22T10:08:18","date_gmt":"2022-08-22T09:08:18","guid":{"rendered":"https:\/\/theinvisiblecollection.com\/?post_type=product&#038;p=158043"},"modified":"2026-05-08T04:39:55","modified_gmt":"2026-05-08T04:39:55","slug":"noe-duchaufour-lawrance-table-basse-nomad-2","status":"publish","type":"product","link":"https:\/\/theinvisiblecollection.com\/fr\/produit\/noe-duchaufour-lawrance-table-basse-nomad-2\/","title":{"rendered":"Table Basse Nomad 2"},"content":{"rendered":"","protected":false},"excerpt":{"rendered":"<p>\u00c9dition limit\u00e9e de 12 pi\u00e8ces<br \/>\nTable basse en bois, laiton avec plateau en marbre<br \/>\nPhotographi\u00e9e ici en marbre palissandre bleuet et bois noyer am\u00e9ricain<br \/>\nDisponible en diff\u00e9rents bois et pierres<br \/>\n<a href=\"https:\/\/theinvisiblecollection.com\/wp-content\/uploads\/2022\/08\/TheInvisibleCollection_Noe\u0301_Duchaufour_Lawrance_Wood_selection.pdf\" target=\"_blank\" rel=\"noopener\"><span style=\"text-decoration: underline;\">D\u00e9couvrez la s\u00e9lection de bois ici<\/span><\/a><br \/>\n<a href=\"https:\/\/theinvisiblecollection.com\/wp-content\/uploads\/2022\/08\/TheInvisibleCollection_Noe\u0301_Duchaufour_Lawrance-_-stone_selection.pdf\" target=\"_blank\" rel=\"noopener\"><span style=\"text-decoration: underline;\">D\u00e9couvrez la s\u00e9lection de marbres ici<\/span><\/a><br \/>\nPeut \u00eatre associ\u00e9 avec d&#8217;autres \u00e9l\u00e9ments de la <a href=\"https:\/\/theinvisiblecollection.com\/fr\/produits\/?a_search=nomad+no%C3%A9+duchaufour-lawrance&#038;query=nomad+no%C3%A9+duchaufour-lawrance\" target=\"_blank\" rel=\"noopener\"><span style=\"text-decoration: underline;\">collection<\/span><\/a><\/p>\n<p>L 87.5 x l 87.5 x H 60 cm<\/p>\n<p>Fabriqu\u00e9e \u00e0 la main en France<br \/>\nD\u00e9lais de fabrication : 10 &#8211; 12 semaines<\/p>\n<p class=\"p1\"><span style=\"text-decoration: underline;\"><span class=\"s1\"><a href=\"https:\/\/www.theinvisiblecollection.com\/fr\/demande-de-devis\/?product_id=158043\" target=\"_blank\" rel=\"noopener\">Contactez-nous pour toute demande de devis ou de renseignements<\/a><\/span><\/span><\/p>\n","protected":false},"featured_media":1047313,"template":"","meta":{"_acf_changed":false,"content-type":"","_themeisle_gutenberg_block_has_review":false},"product_brand":[],"product_cat":[7509,12503],"product_tag":[33319],"product_designer":[18423],"comfabric":[],"manufacturer":[18497],"reporting_designer":[37745],"samplecomfabric":[],"designer_clubroom":[],"class_list":{"0":"post-158043","1":"product","2":"type-product","3":"status-publish","4":"has-post-thumbnail","6":"product_cat-tables-basses-dappoint","7":"product_cat-tables-fr","8":"product_tag-edition-limitee","9":"pa_material-marbre-palissandre-bleuet","10":"pa_material-palissandro-fr","11":"product_designer-noe-duchaufour-lawrance-fr","12":"manufacturer-laval-fr","13":"reporting_designer-noe-duchaufour-lawrance","15":"first","16":"instock","17":"featured","18":"taxable","19":"shipping-taxable","20":"purchasable","21":"product-type-variable"},"acf":[],"_links":{"self":[{"href":"https:\/\/theinvisiblecollection.com\/fr\/wp-json\/wp\/v2\/product\/158043","targetHints":{"allow":["GET"]}}],"collection":[{"href":"https:\/\/theinvisiblecollection.com\/fr\/wp-json\/wp\/v2\/product"}],"about":[{"href":"https:\/\/theinvisiblecollection.com\/fr\/wp-json\/wp\/v2\/types\/product"}],"wp:featuredmedia":[{"embeddable":true,"href":"https:\/\/theinvisiblecollection.com\/fr\/wp-json\/wp\/v2\/media\/1047313"}],"wp:attachment":[{"href":"https:\/\/theinvisiblecollection.com\/fr\/wp-json\/wp\/v2\/media?parent=158043"}],"wp:term":[{"taxonomy":"product_brand","embeddable":true,"href":"https:\/\/theinvisiblecollection.com\/fr\/wp-json\/wp\/v2\/product_brand?post=158043"},{"taxonomy":"product_cat","embeddable":true,"href":"https:\/\/theinvisiblecollection.com\/fr\/wp-json\/wp\/v2\/product_cat?post=158043"},{"taxonomy":"product_tag","embeddable":true,"href":"https:\/\/theinvisiblecollection.com\/fr\/wp-json\/wp\/v2\/product_tag?post=158043"},{"taxonomy":"product_designer","embeddable":true,"href":"https:\/\/theinvisiblecollection.com\/fr\/wp-json\/wp\/v2\/product_designer?post=158043"},{"taxonomy":"comfabric","embeddable":true,"href":"https:\/\/theinvisiblecollection.com\/fr\/wp-json\/wp\/v2\/comfabric?post=158043"},{"taxonomy":"manufacturer","embeddable":true,"href":"https:\/\/theinvisiblecollection.com\/fr\/wp-json\/wp\/v2\/manufacturer?post=158043"},{"taxonomy":"reporting_designer","embeddable":true,"href":"https:\/\/theinvisiblecollection.com\/fr\/wp-json\/wp\/v2\/reporting_designer?post=158043"},{"taxonomy":"samplecomfabric","embeddable":true,"href":"https:\/\/theinvisiblecollection.com\/fr\/wp-json\/wp\/v2\/samplecomfabric?post=158043"},{"taxonomy":"clubroom_product_designer","embeddable":true,"href":"https:\/\/theinvisiblecollection.com\/fr\/wp-json\/wp\/v2\/designer_clubroom?post=158043"}],"curies":[{"name":"wp","href":"https:\/\/api.w.org\/{rel}","templated":true}]}}