{"id":158055,"date":"2022-08-22T11:33:30","date_gmt":"2022-08-22T10:33:30","guid":{"rendered":"https:\/\/theinvisiblecollection.com\/?post_type=product&#038;p=158055"},"modified":"2026-05-01T07:38:41","modified_gmt":"2026-05-01T07:38:41","slug":"noe-duchaufour-lawrance-tables-phenix","status":"publish","type":"product","link":"https:\/\/theinvisiblecollection.com\/fr\/produit\/noe-duchaufour-lawrance-tables-phenix\/","title":{"rendered":"Tables Phenix"},"content":{"rendered":"<p style=\"text-align: justify;\">Les tables d\u2019appoint Ph\u00e9nix de No\u00e9 Duchaufour-Lawrance se d\u00e9voilent dans une harmonie subtile entre brutalisme et volupt\u00e9 et cr\u00e9ent une sensation d\u2019apesanteur. Fa\u00e7onn\u00e9s par des ar\u00eates vives, les socles des tables Ph\u00e9nix accueillent les plateaux, pos\u00e9s en \u00e9quilibre \u00e0 leur sommet. Massifs, les socles semblent tout juste extraits de la carri\u00e8re, contrari\u00e9s par les disques fins qui opposent leur douceur.<\/p>\n","protected":false},"excerpt":{"rendered":"<p>\u00c9dition limit\u00e9e de 12 pi\u00e8ces<br \/>\nTables assembl\u00e9es en marbre<br \/>\nPhotographi\u00e9es ici en calacatta super white marbre et sarrancolin<br \/>\nDisponibles en diff\u00e9rents marbres<br \/>\n<a href=\"https:\/\/theinvisiblecollection.com\/wp-content\/uploads\/2022\/08\/TheInvisibleCollection_Noe\u0301_Duchaufour_Lawrance-_-stone_selection.pdfhttps:\/\/theinvisiblecollection.com\/wp-content\/uploads\/2022\/08\/TheInvisibleCollection_Noe\u0301_Duchaufour_Lawrance-_-stone_selection.pdfhttps:\/\/theinvisiblecollection.com\/wp-content\/uploads\/2022\/08\/TheInvisibleCollection_Noe\u0301_Duchaufour_Lawrance-_-stone_selection.pdf\" target=\"_blank\" rel=\"noopener\"><span style=\"text-decoration: underline;\">D\u00e9couvrez la s\u00e9lection de marbres ici<\/span><\/a><br \/>\nConviennent pour un usage ext\u00e9rieur<br \/>\nPeuvent \u00eatre assembl\u00e9es avec d&#8217;autres pi\u00e8ces de la <a href=\"https:\/\/theinvisiblecollection.com\/fr\/produits\/?query=phenix%20no%C3%A9%20duchaufour-lawrance\" target=\"_blank\" rel=\"noopener\"><span style=\"text-decoration: underline;\">collection<\/span><\/a><\/p>\n<p>Table basse &#8211; Basse : L 80 x l 90 x H 33 cm<br \/>\nTable basse &#8211; Moyenne : L 70 x l 82 x H 41 cm<br \/>\nTable d&#8217;appoint &#8211; Haute : L 55 x l 60 x H 68 cm<\/p>\n<p>Fabriqu\u00e9es \u00e0 la main en France par Ateliers Saint Jacques<br \/>\nD\u00e9lais de fabrication : 10 &#8211; 12 semaines<\/p>\n<p class=\"p1\"><span style=\"text-decoration: underline;\"><span class=\"s1\"><a href=\"https:\/\/www.theinvisiblecollection.com\/fr\/demande-de-devis\/?product_id=158055\" target=\"_blank\" rel=\"noopener\">Contactez-nous pour toute demande de devis ou de renseignements<\/a><\/span><\/span><\/p>\n","protected":false},"featured_media":1045699,"template":"","meta":{"_acf_changed":false,"content-type":"","_themeisle_gutenberg_block_has_review":false},"product_brand":[],"product_cat":[12332,12501,12503,12514],"product_tag":[31474,31477,33319],"product_designer":[18423],"comfabric":[],"manufacturer":[16842],"reporting_designer":[37745],"samplecomfabric":[],"designer_clubroom":[],"class_list":{"0":"post-158055","1":"product","2":"type-product","3":"status-publish","4":"has-post-thumbnail","6":"product_cat-tables-dappoint","7":"product_cat-chambre-a-coucher","8":"product_cat-tables-fr","9":"product_cat-tables-de-chevet","10":"product_tag-co-white-fr","11":"product_tag-st-curvy-fr","12":"product_tag-edition-limitee","13":"pa_size-basse-l-80-x-l-90-x-h-33-cm","14":"pa_size-haute-l-55-x-l-60-x-h-68-cm","15":"pa_size-moyenne-l-70-x-l-82-x-h-41-cm","16":"product_designer-noe-duchaufour-lawrance-fr","17":"manufacturer-ateliers-saint-jacques-fonderie-de-coubertin-fr","18":"reporting_designer-noe-duchaufour-lawrance","20":"first","21":"instock","22":"featured","23":"taxable","24":"shipping-taxable","25":"purchasable","26":"product-type-variable"},"acf":[],"_links":{"self":[{"href":"https:\/\/theinvisiblecollection.com\/fr\/wp-json\/wp\/v2\/product\/158055","targetHints":{"allow":["GET"]}}],"collection":[{"href":"https:\/\/theinvisiblecollection.com\/fr\/wp-json\/wp\/v2\/product"}],"about":[{"href":"https:\/\/theinvisiblecollection.com\/fr\/wp-json\/wp\/v2\/types\/product"}],"wp:featuredmedia":[{"embeddable":true,"href":"https:\/\/theinvisiblecollection.com\/fr\/wp-json\/wp\/v2\/media\/1045699"}],"wp:attachment":[{"href":"https:\/\/theinvisiblecollection.com\/fr\/wp-json\/wp\/v2\/media?parent=158055"}],"wp:term":[{"taxonomy":"product_brand","embeddable":true,"href":"https:\/\/theinvisiblecollection.com\/fr\/wp-json\/wp\/v2\/product_brand?post=158055"},{"taxonomy":"product_cat","embeddable":true,"href":"https:\/\/theinvisiblecollection.com\/fr\/wp-json\/wp\/v2\/product_cat?post=158055"},{"taxonomy":"product_tag","embeddable":true,"href":"https:\/\/theinvisiblecollection.com\/fr\/wp-json\/wp\/v2\/product_tag?post=158055"},{"taxonomy":"product_designer","embeddable":true,"href":"https:\/\/theinvisiblecollection.com\/fr\/wp-json\/wp\/v2\/product_designer?post=158055"},{"taxonomy":"comfabric","embeddable":true,"href":"https:\/\/theinvisiblecollection.com\/fr\/wp-json\/wp\/v2\/comfabric?post=158055"},{"taxonomy":"manufacturer","embeddable":true,"href":"https:\/\/theinvisiblecollection.com\/fr\/wp-json\/wp\/v2\/manufacturer?post=158055"},{"taxonomy":"reporting_designer","embeddable":true,"href":"https:\/\/theinvisiblecollection.com\/fr\/wp-json\/wp\/v2\/reporting_designer?post=158055"},{"taxonomy":"samplecomfabric","embeddable":true,"href":"https:\/\/theinvisiblecollection.com\/fr\/wp-json\/wp\/v2\/samplecomfabric?post=158055"},{"taxonomy":"clubroom_product_designer","embeddable":true,"href":"https:\/\/theinvisiblecollection.com\/fr\/wp-json\/wp\/v2\/designer_clubroom?post=158055"}],"curies":[{"name":"wp","href":"https:\/\/api.w.org\/{rel}","templated":true}]}}