{"id":158074,"date":"2022-08-22T12:08:09","date_gmt":"2022-08-22T11:08:09","guid":{"rendered":"https:\/\/theinvisiblecollection.com\/?post_type=product&#038;p=158074"},"modified":"2026-05-01T07:38:41","modified_gmt":"2026-05-01T07:38:41","slug":"noe-duchaufour-lawrance-fauteuil-phenix","status":"publish","type":"product","link":"https:\/\/theinvisiblecollection.com\/fr\/produit\/noe-duchaufour-lawrance-fauteuil-phenix\/","title":{"rendered":"Fauteuil Phenix"},"content":{"rendered":"","protected":false},"excerpt":{"rendered":"<p>\u00c9dition limit\u00e9e de 12 pi\u00e8ces<br \/>\nFauteuil photographi\u00e9 ici avec une base marbre sarracolin et tapiss\u00e9 en tissu Rubelli Coco (Argilla)<br \/>\nUn petit coussin inclus<br \/>\nDisponible en diff\u00e9rents tissus et marbres<br \/>\n<a href=\"https:\/\/theinvisiblecollection.com\/wp-content\/uploads\/2022\/08\/The-Invisible-Collection-_-Noe\u0301-Duchaufour-Lawrance-_-fabricSelection2.pdf\" target=\"_blank\" rel=\"noopener\"><span style=\"text-decoration: underline;\">D\u00e9couvrez la s\u00e9lection de tissus ici<\/span><\/a><br \/>\n<a href=\"https:\/\/theinvisiblecollection.com\/wp-content\/uploads\/2022\/08\/TheInvisibleCollection_Noe\u0301_Duchaufour_Lawrance-_-stone_selection.pdf\" target=\"_blank\" rel=\"noopener\"><span style=\"text-decoration: underline;\">D\u00e9couvrez la s\u00e9lection de marbres ici<\/span><\/a><br \/>\n<a href=\"https:\/\/theinvisiblecollection.com\/wp-content\/uploads\/2022\/08\/The-Invisible-Collection-_-Noe\u0301-Duchaufour-Lawrance-_-4-Leather-SelectionPhenix.pdf\" target=\"_blank\" rel=\"noopener\"><span style=\"text-decoration: underline;\">D\u00e9couvrez la s\u00e9lection de cuirs ici<\/span><\/a><br \/>\nConvient pour un usage ext\u00e9rieur<br \/>\nPeut \u00eatre assembl\u00e9e avec d&#8217;autres pi\u00e8ces de la <a href=\"https:\/\/theinvisiblecollection.com\/fr\/produits\/?query=phenix%20no%C3%A9%20duchaufour-lawrance\" target=\"_blank\" rel=\"noopener\"><span style=\"text-decoration: underline;\">collection<\/span><\/a><\/p>\n<p>L 94 x P 90 x H 70 cm<br \/>\nHauteur d&#8217;assise : 40 cm<br \/>\nPetit coussin : L 45 x l 25 x H 15 cm<\/p>\n<p>Fabriqu\u00e9 \u00e0 la main en France par Ateliers Saint Jacques<br \/>\nD\u00e9lais de fabrication : 16 &#8211; 18 semaines<\/p>\n<p class=\"p1\"><span style=\"text-decoration: underline;\"><span class=\"s1\"><a href=\"https:\/\/www.theinvisiblecollection.com\/fr\/demande-de-devis\/?product_id=158074\" target=\"_blank\" rel=\"noopener\">Contactez-nous pour toute demande de devis ou de renseignements<\/a><\/span><\/span><\/p>\n","protected":false},"featured_media":1045394,"template":"","meta":{"_acf_changed":false,"content-type":"","_themeisle_gutenberg_block_has_review":false},"product_brand":[],"product_cat":[8945,12499],"product_tag":[33319],"product_designer":[18423],"comfabric":[],"manufacturer":[16842],"reporting_designer":[37745],"samplecomfabric":[],"designer_clubroom":[],"class_list":{"0":"post-158074","1":"product","2":"type-product","3":"status-publish","4":"has-post-thumbnail","6":"product_cat-fauteuils","7":"product_cat-assises","8":"product_tag-edition-limitee","9":"pa_base-marbre-rosa-veios-verdes","10":"pa_base-marbre-verde-sempaio","11":"pa_base-marbre-verde-serpa","12":"pa_base-san-bernardino-quartzite-fr","13":"pa_fabric-bisson-bruneel-copenhague-fr","14":"pa_fabric-en-blanc-sans-tissu-fr","15":"pa_fabric-manufacture-royal-bonvallet-tissu-yosemite","16":"pa_fabric-pierre-frey-tissu-bridget","17":"pa_fabric-rubelli-laine-et-chanvre-fr","18":"pa_fabric-tissu-kvadrat-fiord-2","19":"pa_fabric-yarn-collective-tissu-ismay-boucle","20":"pa_fabric-yarn-collective-velours-marci-mohair","21":"pa_leather-sorensen-leather-envy-fr-2","22":"product_designer-noe-duchaufour-lawrance-fr","23":"manufacturer-ateliers-saint-jacques-fonderie-de-coubertin-fr","24":"reporting_designer-noe-duchaufour-lawrance","26":"first","27":"instock","28":"featured","29":"taxable","30":"shipping-taxable","31":"product-type-simple"},"acf":[],"_links":{"self":[{"href":"https:\/\/theinvisiblecollection.com\/fr\/wp-json\/wp\/v2\/product\/158074","targetHints":{"allow":["GET"]}}],"collection":[{"href":"https:\/\/theinvisiblecollection.com\/fr\/wp-json\/wp\/v2\/product"}],"about":[{"href":"https:\/\/theinvisiblecollection.com\/fr\/wp-json\/wp\/v2\/types\/product"}],"wp:featuredmedia":[{"embeddable":true,"href":"https:\/\/theinvisiblecollection.com\/fr\/wp-json\/wp\/v2\/media\/1045394"}],"wp:attachment":[{"href":"https:\/\/theinvisiblecollection.com\/fr\/wp-json\/wp\/v2\/media?parent=158074"}],"wp:term":[{"taxonomy":"product_brand","embeddable":true,"href":"https:\/\/theinvisiblecollection.com\/fr\/wp-json\/wp\/v2\/product_brand?post=158074"},{"taxonomy":"product_cat","embeddable":true,"href":"https:\/\/theinvisiblecollection.com\/fr\/wp-json\/wp\/v2\/product_cat?post=158074"},{"taxonomy":"product_tag","embeddable":true,"href":"https:\/\/theinvisiblecollection.com\/fr\/wp-json\/wp\/v2\/product_tag?post=158074"},{"taxonomy":"product_designer","embeddable":true,"href":"https:\/\/theinvisiblecollection.com\/fr\/wp-json\/wp\/v2\/product_designer?post=158074"},{"taxonomy":"comfabric","embeddable":true,"href":"https:\/\/theinvisiblecollection.com\/fr\/wp-json\/wp\/v2\/comfabric?post=158074"},{"taxonomy":"manufacturer","embeddable":true,"href":"https:\/\/theinvisiblecollection.com\/fr\/wp-json\/wp\/v2\/manufacturer?post=158074"},{"taxonomy":"reporting_designer","embeddable":true,"href":"https:\/\/theinvisiblecollection.com\/fr\/wp-json\/wp\/v2\/reporting_designer?post=158074"},{"taxonomy":"samplecomfabric","embeddable":true,"href":"https:\/\/theinvisiblecollection.com\/fr\/wp-json\/wp\/v2\/samplecomfabric?post=158074"},{"taxonomy":"clubroom_product_designer","embeddable":true,"href":"https:\/\/theinvisiblecollection.com\/fr\/wp-json\/wp\/v2\/designer_clubroom?post=158074"}],"curies":[{"name":"wp","href":"https:\/\/api.w.org\/{rel}","templated":true}]}}