{"id":158104,"date":"2022-08-22T13:43:52","date_gmt":"2022-08-22T12:43:52","guid":{"rendered":"https:\/\/theinvisiblecollection.com\/?post_type=product&#038;p=158104"},"modified":"2026-05-08T04:39:55","modified_gmt":"2026-05-08T04:39:55","slug":"noe-duchauffour-lawrence-fauteuil-perros","status":"publish","type":"product","link":"https:\/\/theinvisiblecollection.com\/fr\/produit\/noe-duchauffour-lawrence-fauteuil-perros\/","title":{"rendered":"Fauteuil Perros"},"content":{"rendered":"<p style=\"text-align: justify;\">Le fauteuil Perros de No\u00e9 Duchaufour-Lawrance est reconnaissable par ses formes sensuelles et apaisantes qui interagissent dans un \u00e9quilibre tout en fragilit\u00e9. Sa structure rappelle le jeu d&#8217;\u00e9quilibre des tours en pierre naturelle de Bretagne, polies et \u00e9rod\u00e9es par les embruns de l&#8217;oc\u00e9an.<\/p>\n","protected":false},"excerpt":{"rendered":"<p>\u00c9dition limit\u00e9e de 12 pi\u00e8ces<br \/>\nFauteuil tapiss\u00e9 ici en tissu Bruder, Jade avec pieds en laiton avec patine bronze, puis en cuir R\u00e9my Carriat Socoa avec pieds en bois<br \/>\n<a href=\"https:\/\/theinvisiblecollection.com\/wp-content\/uploads\/2022\/11\/The-Invisible-Collection-_-Noe\u0301-Duchaufour-Lawrance-_-Material-Selection_Perros-1.jpg\" target=\"_blank\" rel=\"noopener\"><span style=\"text-decoration: underline;\">D\u00e9couvrez la s\u00e9lection de tissus et de cuirs ici<\/span><\/a><br \/>\nPieds disponibles en bois ou en laiton avec patine bronze<br \/>\n<a href=\"https:\/\/theinvisiblecollection.com\/wp-content\/uploads\/2022\/10\/TheInvisibleCollection_Noe\u0301_Duchaufour_Lawrance_Wood_selection.pdf\" target=\"_blank\" rel=\"noopener\"><span style=\"text-decoration: underline;\">D\u00e9couvrez la s\u00e9lection de bois ici<\/span><\/a><br \/>\nTissus ou cuirs sur-mesure sur demande<br \/>\nPeut \u00eatre assembl\u00e9 avec d&#8217;autres \u00e9l\u00e9ment de la <span style=\"text-decoration: underline;\"><a href=\"https:\/\/theinvisiblecollection.com\/fr\/produits\/?query=perros\" target=\"_blank\" rel=\"noopener\">collection<\/a><\/span><\/p>\n<p>L 98.5 x P 84 x H 81.5 cm<br \/>\nHauteur d&#8217;assise : 42 cm<br \/>\nTissu requis : 8 m<br \/>\nCuir requis : 10 m\u00b2<\/p>\n<p>Fabriqu\u00e9 \u00e0 la main en France<br \/>\nD\u00e9lais de fabrication : 12 &#8211; 14 semaines<\/p>\n<p class=\"p1\"><span style=\"text-decoration: underline;\"><span class=\"s1\"><a href=\"https:\/\/www.theinvisiblecollection.com\/fr\/demande-de-devis\/?product_id=158104\" target=\"_blank\" rel=\"noopener\">Contactez-nous pour toute demande de devis ou de renseignements<\/a><\/span><\/span><\/p>\n","protected":false},"featured_media":5852804,"template":"","meta":{"_acf_changed":false,"content-type":"","_themeisle_gutenberg_block_has_review":false},"product_brand":[],"product_cat":[8945,12499],"product_tag":[7435,22790,31474,31477,33319],"product_designer":[18423],"comfabric":[],"manufacturer":[18495],"reporting_designer":[37745],"samplecomfabric":[],"designer_clubroom":[],"class_list":{"0":"post-158104","1":"product","2":"type-product","3":"status-publish","4":"has-post-thumbnail","6":"product_cat-fauteuils","7":"product_cat-assises","8":"product_tag-new-in-fr","9":"product_tag-disponible-immediatement","10":"product_tag-co-white-fr","11":"product_tag-st-curvy-fr","12":"product_tag-edition-limitee","13":"pa_feet-finish-laiton-avec-pieds-a-patine-en-bronze","14":"pa_feet-finish-pieds-en-bois","15":"product_designer-noe-duchaufour-lawrance-fr","16":"manufacturer-siegeair-fr","17":"reporting_designer-noe-duchaufour-lawrance","19":"first","20":"instock","21":"featured","22":"taxable","23":"shipping-taxable","24":"purchasable","25":"product-type-variable"},"acf":[],"_links":{"self":[{"href":"https:\/\/theinvisiblecollection.com\/fr\/wp-json\/wp\/v2\/product\/158104","targetHints":{"allow":["GET"]}}],"collection":[{"href":"https:\/\/theinvisiblecollection.com\/fr\/wp-json\/wp\/v2\/product"}],"about":[{"href":"https:\/\/theinvisiblecollection.com\/fr\/wp-json\/wp\/v2\/types\/product"}],"wp:featuredmedia":[{"embeddable":true,"href":"https:\/\/theinvisiblecollection.com\/fr\/wp-json\/wp\/v2\/media\/5852804"}],"wp:attachment":[{"href":"https:\/\/theinvisiblecollection.com\/fr\/wp-json\/wp\/v2\/media?parent=158104"}],"wp:term":[{"taxonomy":"product_brand","embeddable":true,"href":"https:\/\/theinvisiblecollection.com\/fr\/wp-json\/wp\/v2\/product_brand?post=158104"},{"taxonomy":"product_cat","embeddable":true,"href":"https:\/\/theinvisiblecollection.com\/fr\/wp-json\/wp\/v2\/product_cat?post=158104"},{"taxonomy":"product_tag","embeddable":true,"href":"https:\/\/theinvisiblecollection.com\/fr\/wp-json\/wp\/v2\/product_tag?post=158104"},{"taxonomy":"product_designer","embeddable":true,"href":"https:\/\/theinvisiblecollection.com\/fr\/wp-json\/wp\/v2\/product_designer?post=158104"},{"taxonomy":"comfabric","embeddable":true,"href":"https:\/\/theinvisiblecollection.com\/fr\/wp-json\/wp\/v2\/comfabric?post=158104"},{"taxonomy":"manufacturer","embeddable":true,"href":"https:\/\/theinvisiblecollection.com\/fr\/wp-json\/wp\/v2\/manufacturer?post=158104"},{"taxonomy":"reporting_designer","embeddable":true,"href":"https:\/\/theinvisiblecollection.com\/fr\/wp-json\/wp\/v2\/reporting_designer?post=158104"},{"taxonomy":"samplecomfabric","embeddable":true,"href":"https:\/\/theinvisiblecollection.com\/fr\/wp-json\/wp\/v2\/samplecomfabric?post=158104"},{"taxonomy":"clubroom_product_designer","embeddable":true,"href":"https:\/\/theinvisiblecollection.com\/fr\/wp-json\/wp\/v2\/designer_clubroom?post=158104"}],"curies":[{"name":"wp","href":"https:\/\/api.w.org\/{rel}","templated":true}]}}