{"id":158119,"date":"2022-08-24T14:35:31","date_gmt":"2022-08-24T13:35:31","guid":{"rendered":"https:\/\/theinvisiblecollection.com\/?post_type=product&#038;p=158119"},"modified":"2026-05-01T07:38:41","modified_gmt":"2026-05-01T07:38:41","slug":"natalia-criado-cuillere-threads-claire","status":"publish","type":"product","link":"https:\/\/theinvisiblecollection.com\/fr\/produit\/natalia-criado-cuillere-threads-claire\/","title":{"rendered":"Cuill\u00e8re Threads Claire"},"content":{"rendered":"<p style=\"text-align: justify;\">Cette cuill\u00e8re est fabriqu\u00e9e \u00e0 la main en Italie par les meilleurs artisans. Une cuill\u00e8re \u00e0 th\u00e9 en plaqu\u00e9 or, orn\u00e9e de quartz clair sculpt\u00e9 \u00e0 la main et d&#8217;un fin d\u00e9tail sur le manche.<\/p>\n","protected":false},"excerpt":{"rendered":"<ul>\n<li>Cuill\u00e8re<\/li>\n<li>Composition : Laiton plaqu\u00e9 or \/ quartz clair<\/li>\n<\/ul>\n","protected":false},"featured_media":1245187,"template":"","meta":{"_acf_changed":false,"content-type":"","_themeisle_gutenberg_block_has_review":false},"product_brand":[],"product_cat":[19981,19985],"product_tag":[22790],"product_designer":[],"comfabric":[],"manufacturer":[18270],"reporting_designer":[],"samplecomfabric":[],"designer_clubroom":[20509],"class_list":{"0":"post-158119","1":"product","2":"type-product","3":"status-publish","4":"has-post-thumbnail","6":"clubroom_taxonomies-gift-room","7":"product_cat-art-de-la-table","8":"product_cat-couverts","9":"product_tag-disponible-immediatement","10":"manufacturer-natalia-criado-fr","11":"clubroom_product_designer-natalia-criado-fr","12":"exhibitions-londres-fr","14":"first","15":"instock","16":"taxable","17":"shipping-taxable","18":"purchasable","19":"product-type-simple"},"acf":[],"_links":{"self":[{"href":"https:\/\/theinvisiblecollection.com\/fr\/wp-json\/wp\/v2\/product\/158119","targetHints":{"allow":["GET"]}}],"collection":[{"href":"https:\/\/theinvisiblecollection.com\/fr\/wp-json\/wp\/v2\/product"}],"about":[{"href":"https:\/\/theinvisiblecollection.com\/fr\/wp-json\/wp\/v2\/types\/product"}],"wp:featuredmedia":[{"embeddable":true,"href":"https:\/\/theinvisiblecollection.com\/fr\/wp-json\/wp\/v2\/media\/1245187"}],"wp:attachment":[{"href":"https:\/\/theinvisiblecollection.com\/fr\/wp-json\/wp\/v2\/media?parent=158119"}],"wp:term":[{"taxonomy":"product_brand","embeddable":true,"href":"https:\/\/theinvisiblecollection.com\/fr\/wp-json\/wp\/v2\/product_brand?post=158119"},{"taxonomy":"product_cat","embeddable":true,"href":"https:\/\/theinvisiblecollection.com\/fr\/wp-json\/wp\/v2\/product_cat?post=158119"},{"taxonomy":"product_tag","embeddable":true,"href":"https:\/\/theinvisiblecollection.com\/fr\/wp-json\/wp\/v2\/product_tag?post=158119"},{"taxonomy":"product_designer","embeddable":true,"href":"https:\/\/theinvisiblecollection.com\/fr\/wp-json\/wp\/v2\/product_designer?post=158119"},{"taxonomy":"comfabric","embeddable":true,"href":"https:\/\/theinvisiblecollection.com\/fr\/wp-json\/wp\/v2\/comfabric?post=158119"},{"taxonomy":"manufacturer","embeddable":true,"href":"https:\/\/theinvisiblecollection.com\/fr\/wp-json\/wp\/v2\/manufacturer?post=158119"},{"taxonomy":"reporting_designer","embeddable":true,"href":"https:\/\/theinvisiblecollection.com\/fr\/wp-json\/wp\/v2\/reporting_designer?post=158119"},{"taxonomy":"samplecomfabric","embeddable":true,"href":"https:\/\/theinvisiblecollection.com\/fr\/wp-json\/wp\/v2\/samplecomfabric?post=158119"},{"taxonomy":"clubroom_product_designer","embeddable":true,"href":"https:\/\/theinvisiblecollection.com\/fr\/wp-json\/wp\/v2\/designer_clubroom?post=158119"}],"curies":[{"name":"wp","href":"https:\/\/api.w.org\/{rel}","templated":true}]}}