{"id":158133,"date":"2022-08-22T15:13:53","date_gmt":"2022-08-22T14:13:53","guid":{"rendered":"https:\/\/theinvisiblecollection.com\/?post_type=product&#038;p=158133"},"modified":"2026-05-01T07:38:41","modified_gmt":"2026-05-01T07:38:41","slug":"natalia-criado-cuillere-sphere","status":"publish","type":"product","link":"https:\/\/theinvisiblecollection.com\/fr\/produit\/natalia-criado-cuillere-sphere\/","title":{"rendered":"Cuill\u00e8re Sph\u00e8re"},"content":{"rendered":"<p style=\"text-align: justify;\">Une cuill\u00e8re \u00e0 th\u00e9 plaqu\u00e9e or avec un quartz vert cisel\u00e9 \u00e0 la main, des d\u00e9tails de sph\u00e8res sur le manche. Cette cuill\u00e8re est fabriqu\u00e9e \u00e0 la main par le meilleur artisan, \u00e0 C\u00f4me, en Italie.<\/p>\n","protected":false},"excerpt":{"rendered":"<ul>\n<li>Cuill\u00e8re<\/li>\n<li>Composition : plaqu\u00e9 or \/ d\u00e9tail de quartz vert<\/li>\n<\/ul>\n","protected":false},"featured_media":1373910,"template":"","meta":{"_acf_changed":false,"content-type":"","_themeisle_gutenberg_block_has_review":false},"product_brand":[],"product_cat":[12535,19973,19981,19985],"product_tag":[22790],"product_designer":[],"comfabric":[],"manufacturer":[18270],"reporting_designer":[],"samplecomfabric":[],"designer_clubroom":[20509],"class_list":{"0":"post-158133","1":"product","2":"type-product","3":"status-publish","4":"has-post-thumbnail","6":"clubroom_taxonomies-gift-room","7":"product_cat-arts-de-la-table","8":"product_cat-accessoires-pour-la-maison","9":"product_cat-art-de-la-table","10":"product_cat-couverts","11":"product_tag-disponible-immediatement","12":"manufacturer-natalia-criado-fr","13":"clubroom_product_designer-natalia-criado-fr","14":"exhibitions-paris-fr","15":"exhibitions-new-york-fr","16":"exhibitions-londres-fr","18":"first","19":"instock","20":"taxable","21":"shipping-taxable","22":"purchasable","23":"product-type-simple"},"acf":[],"_links":{"self":[{"href":"https:\/\/theinvisiblecollection.com\/fr\/wp-json\/wp\/v2\/product\/158133","targetHints":{"allow":["GET"]}}],"collection":[{"href":"https:\/\/theinvisiblecollection.com\/fr\/wp-json\/wp\/v2\/product"}],"about":[{"href":"https:\/\/theinvisiblecollection.com\/fr\/wp-json\/wp\/v2\/types\/product"}],"wp:featuredmedia":[{"embeddable":true,"href":"https:\/\/theinvisiblecollection.com\/fr\/wp-json\/wp\/v2\/media\/1373910"}],"wp:attachment":[{"href":"https:\/\/theinvisiblecollection.com\/fr\/wp-json\/wp\/v2\/media?parent=158133"}],"wp:term":[{"taxonomy":"product_brand","embeddable":true,"href":"https:\/\/theinvisiblecollection.com\/fr\/wp-json\/wp\/v2\/product_brand?post=158133"},{"taxonomy":"product_cat","embeddable":true,"href":"https:\/\/theinvisiblecollection.com\/fr\/wp-json\/wp\/v2\/product_cat?post=158133"},{"taxonomy":"product_tag","embeddable":true,"href":"https:\/\/theinvisiblecollection.com\/fr\/wp-json\/wp\/v2\/product_tag?post=158133"},{"taxonomy":"product_designer","embeddable":true,"href":"https:\/\/theinvisiblecollection.com\/fr\/wp-json\/wp\/v2\/product_designer?post=158133"},{"taxonomy":"comfabric","embeddable":true,"href":"https:\/\/theinvisiblecollection.com\/fr\/wp-json\/wp\/v2\/comfabric?post=158133"},{"taxonomy":"manufacturer","embeddable":true,"href":"https:\/\/theinvisiblecollection.com\/fr\/wp-json\/wp\/v2\/manufacturer?post=158133"},{"taxonomy":"reporting_designer","embeddable":true,"href":"https:\/\/theinvisiblecollection.com\/fr\/wp-json\/wp\/v2\/reporting_designer?post=158133"},{"taxonomy":"samplecomfabric","embeddable":true,"href":"https:\/\/theinvisiblecollection.com\/fr\/wp-json\/wp\/v2\/samplecomfabric?post=158133"},{"taxonomy":"clubroom_product_designer","embeddable":true,"href":"https:\/\/theinvisiblecollection.com\/fr\/wp-json\/wp\/v2\/designer_clubroom?post=158133"}],"curies":[{"name":"wp","href":"https:\/\/api.w.org\/{rel}","templated":true}]}}