{"id":158139,"date":"2022-08-22T15:32:53","date_gmt":"2022-08-22T14:32:53","guid":{"rendered":"https:\/\/theinvisiblecollection.com\/?post_type=product&#038;p=158139"},"modified":"2026-05-08T04:39:55","modified_gmt":"2026-05-08T04:39:55","slug":"natalia-criado-set-de-2-tasses-perline","status":"publish","type":"product","link":"https:\/\/theinvisiblecollection.com\/fr\/produit\/natalia-criado-set-de-2-tasses-perline\/","title":{"rendered":"Set de 2 tasses Perline"},"content":{"rendered":"<p style=\"text-align: justify;\">Perlina est une tasse en plaqu\u00e9 or avec un d\u00e9tail en lapis-lazuli dans l&#8217;anse et un autre en forme de torche \u00e0 la base, fabriqu\u00e9e en Italie par les plus grands artisans selon la technique du rouet.<\/p>\n","protected":false},"excerpt":{"rendered":"<ul>\n<li>Set de 2 tasses<\/li>\n<li>Composition : Laiton plaqu\u00e9 or \/ Lapislazuli<\/li>\n<\/ul>\n","protected":false},"featured_media":1612928,"template":"","meta":{"_acf_changed":false,"content-type":"","_themeisle_gutenberg_block_has_review":false},"product_brand":[],"product_cat":[12535,19973,19981,19982],"product_tag":[22790],"product_designer":[],"comfabric":[],"manufacturer":[18270],"reporting_designer":[],"samplecomfabric":[],"designer_clubroom":[20509],"class_list":{"0":"post-158139","1":"product","2":"type-product","3":"status-publish","4":"has-post-thumbnail","6":"clubroom_taxonomies-gift-room","7":"product_cat-arts-de-la-table","8":"product_cat-accessoires-pour-la-maison","9":"product_cat-art-de-la-table","10":"product_cat-tasse-a-the-et-mugs","11":"product_tag-disponible-immediatement","12":"manufacturer-natalia-criado-fr","13":"clubroom_product_designer-natalia-criado-fr","14":"exhibitions-londres-fr","16":"first","17":"instock","18":"taxable","19":"shipping-taxable","20":"purchasable","21":"product-type-simple"},"acf":[],"_links":{"self":[{"href":"https:\/\/theinvisiblecollection.com\/fr\/wp-json\/wp\/v2\/product\/158139","targetHints":{"allow":["GET"]}}],"collection":[{"href":"https:\/\/theinvisiblecollection.com\/fr\/wp-json\/wp\/v2\/product"}],"about":[{"href":"https:\/\/theinvisiblecollection.com\/fr\/wp-json\/wp\/v2\/types\/product"}],"wp:featuredmedia":[{"embeddable":true,"href":"https:\/\/theinvisiblecollection.com\/fr\/wp-json\/wp\/v2\/media\/1612928"}],"wp:attachment":[{"href":"https:\/\/theinvisiblecollection.com\/fr\/wp-json\/wp\/v2\/media?parent=158139"}],"wp:term":[{"taxonomy":"product_brand","embeddable":true,"href":"https:\/\/theinvisiblecollection.com\/fr\/wp-json\/wp\/v2\/product_brand?post=158139"},{"taxonomy":"product_cat","embeddable":true,"href":"https:\/\/theinvisiblecollection.com\/fr\/wp-json\/wp\/v2\/product_cat?post=158139"},{"taxonomy":"product_tag","embeddable":true,"href":"https:\/\/theinvisiblecollection.com\/fr\/wp-json\/wp\/v2\/product_tag?post=158139"},{"taxonomy":"product_designer","embeddable":true,"href":"https:\/\/theinvisiblecollection.com\/fr\/wp-json\/wp\/v2\/product_designer?post=158139"},{"taxonomy":"comfabric","embeddable":true,"href":"https:\/\/theinvisiblecollection.com\/fr\/wp-json\/wp\/v2\/comfabric?post=158139"},{"taxonomy":"manufacturer","embeddable":true,"href":"https:\/\/theinvisiblecollection.com\/fr\/wp-json\/wp\/v2\/manufacturer?post=158139"},{"taxonomy":"reporting_designer","embeddable":true,"href":"https:\/\/theinvisiblecollection.com\/fr\/wp-json\/wp\/v2\/reporting_designer?post=158139"},{"taxonomy":"samplecomfabric","embeddable":true,"href":"https:\/\/theinvisiblecollection.com\/fr\/wp-json\/wp\/v2\/samplecomfabric?post=158139"},{"taxonomy":"clubroom_product_designer","embeddable":true,"href":"https:\/\/theinvisiblecollection.com\/fr\/wp-json\/wp\/v2\/designer_clubroom?post=158139"}],"curies":[{"name":"wp","href":"https:\/\/api.w.org\/{rel}","templated":true}]}}