{"id":158410,"date":"2022-08-23T16:16:15","date_gmt":"2022-08-23T15:16:15","guid":{"rendered":"https:\/\/theinvisiblecollection.com\/?post_type=product&#038;p=158410"},"modified":"2026-05-01T07:38:41","modified_gmt":"2026-05-01T07:38:41","slug":"ozone-suspension-embrun-s","status":"publish","type":"product","link":"https:\/\/theinvisiblecollection.com\/fr\/produit\/ozone-suspension-embrun-s\/","title":{"rendered":"Suspension Embrun S"},"content":{"rendered":"<p style=\"text-align: justify;\">Embrun est la nouvelle collection de luminaires dessin\u00e9e par Etienne Gounot et Eric J\u00e4hnke, cofondateurs d\u2019Ozone. Elle c\u00e9l\u00e8bre le 20\u00e8me anniversaire de leur soci\u00e9t\u00e9. Les premi\u00e8res pi\u00e8ces d\u2019Embrun sont compos\u00e9es d&#8217;une suspension, d\u2019une applique verticale et d\u2019un grand lustre carr\u00e9. Tout en prolongeant le style Ozone reconnu pour son \u00e9pure et sa pr\u00e9cision, Embrun vise un nouveau niveau d\u2019\u00e9l\u00e9gance intemporelle. Son nom \u00e9voque la lumi\u00e8re, la nature et le temps. L\u2019Onyx blanc a \u00e9t\u00e9 choisi par les deux designers pour sa texture unique et ses propri\u00e9t\u00e9s de diffusion de la lumi\u00e8re. En outre, la pierre Onyx est dit apporter confiance et protection. Pour l\u2019ouvrager avec soin, Ozone collabore avec les Ateliers Saint-Jacques, un artisan fran\u00e7ais r\u00e9put\u00e9, sp\u00e9cialis\u00e9 dans la r\u00e9novation du patrimoine et les projets exceptionnels d\u2019architecture d\u2019int\u00e9rieur. Ils s\u00e9lectionnent, taillent et finissent cette pierre d\u00e9licate comme personne d\u2019autre. La forme douce du diffusant en Onyx, comme si polie par le temps, est accroch\u00e9e \u00e0 une structure nette en laiton noirci. Cette alliance joue avec un \u00e9quilibre et une tension visuelle. La l\u00e9g\u00e8ret\u00e9 apparente fait dispara\u00eetre la complexit\u00e9 de la structure interne. Pour finir le tout, Etienne et Eric ont int\u00e9gr\u00e9 les derni\u00e8res technologies de blanc dynamique qui s\u2019adapte \u00e0 l\u2019ambiance donn\u00e9e par la lumi\u00e8re du jour. La lumi\u00e8re Embrun est \u00e0 la fois g\u00e9n\u00e9reuse et apaisante. Les vagues passent et Embrun reste.<\/p>\n","protected":false},"excerpt":{"rendered":"<p>Suspension avec structure en aluminium et laiton<br \/>\nFinition patin\u00e9e fonc\u00e9e<br \/>\nDiffusant onyx blanc adouci<br \/>\nEclairage LED variable blanc chaud, douce \u00e0 chaleureuse de 1900 \u00e0 2600 K, 192 W, 9000 Lumens<\/p>\n<p><strong>\u00a0<\/strong>L 19 x l 16.4 x H 41.9 cm<br \/>\n+ Hauteur de la structure d&#8217;accrochage<\/p>\n<p>Fabriqu\u00e9e \u00e0 la main en France<br \/>\nD\u00e9lais de fabrication : 12 \u2013 14 semaines<\/p>\n<p class=\"p1\"><span style=\"text-decoration: underline;\"><span class=\"s1\"><a href=\"https:\/\/www.theinvisiblecollection.com\/fr\/demande-de-devis\/?product_id=158410\" target=\"_blank\" rel=\"noopener\">Contactez-nous pour toute demande de devis ou de renseignements<\/a><\/span><\/span><\/p>\n","protected":false},"featured_media":1712209,"template":"","meta":{"_acf_changed":false,"content-type":"","_themeisle_gutenberg_block_has_review":false},"product_brand":[],"product_cat":[8961,12507],"product_tag":[7435,9200,9237,9319,9450,9728,11960,11961,31474,35206],"product_designer":[11898,11951],"comfabric":[],"manufacturer":[16738],"reporting_designer":[37576],"samplecomfabric":[],"designer_clubroom":[],"class_list":{"0":"post-158410","1":"product","2":"type-product","3":"status-publish","4":"has-post-thumbnail","6":"product_cat-suspensions","7":"product_cat-luminaires","8":"product_tag-new-in-fr","9":"product_tag-luminaire-fr-2","10":"product_tag-lampe-fr-2","11":"product_tag-plafond","12":"product_tag-suspension-fr-3","13":"product_tag-chandelier-fr","14":"product_tag-ozone-fr","15":"product_tag-gounot-et-jahnke","16":"product_tag-co-white-fr","17":"product_tag-exclusive-fr","18":"product_designer-ozone-fr","19":"product_designer-gounot-and-jahnke-par-ozone","20":"manufacturer-ozone-fr","21":"reporting_designer-ozone","23":"first","24":"instock","25":"taxable","26":"shipping-taxable","27":"purchasable","28":"product-type-variable"},"acf":[],"_links":{"self":[{"href":"https:\/\/theinvisiblecollection.com\/fr\/wp-json\/wp\/v2\/product\/158410","targetHints":{"allow":["GET"]}}],"collection":[{"href":"https:\/\/theinvisiblecollection.com\/fr\/wp-json\/wp\/v2\/product"}],"about":[{"href":"https:\/\/theinvisiblecollection.com\/fr\/wp-json\/wp\/v2\/types\/product"}],"wp:featuredmedia":[{"embeddable":true,"href":"https:\/\/theinvisiblecollection.com\/fr\/wp-json\/wp\/v2\/media\/1712209"}],"wp:attachment":[{"href":"https:\/\/theinvisiblecollection.com\/fr\/wp-json\/wp\/v2\/media?parent=158410"}],"wp:term":[{"taxonomy":"product_brand","embeddable":true,"href":"https:\/\/theinvisiblecollection.com\/fr\/wp-json\/wp\/v2\/product_brand?post=158410"},{"taxonomy":"product_cat","embeddable":true,"href":"https:\/\/theinvisiblecollection.com\/fr\/wp-json\/wp\/v2\/product_cat?post=158410"},{"taxonomy":"product_tag","embeddable":true,"href":"https:\/\/theinvisiblecollection.com\/fr\/wp-json\/wp\/v2\/product_tag?post=158410"},{"taxonomy":"product_designer","embeddable":true,"href":"https:\/\/theinvisiblecollection.com\/fr\/wp-json\/wp\/v2\/product_designer?post=158410"},{"taxonomy":"comfabric","embeddable":true,"href":"https:\/\/theinvisiblecollection.com\/fr\/wp-json\/wp\/v2\/comfabric?post=158410"},{"taxonomy":"manufacturer","embeddable":true,"href":"https:\/\/theinvisiblecollection.com\/fr\/wp-json\/wp\/v2\/manufacturer?post=158410"},{"taxonomy":"reporting_designer","embeddable":true,"href":"https:\/\/theinvisiblecollection.com\/fr\/wp-json\/wp\/v2\/reporting_designer?post=158410"},{"taxonomy":"samplecomfabric","embeddable":true,"href":"https:\/\/theinvisiblecollection.com\/fr\/wp-json\/wp\/v2\/samplecomfabric?post=158410"},{"taxonomy":"clubroom_product_designer","embeddable":true,"href":"https:\/\/theinvisiblecollection.com\/fr\/wp-json\/wp\/v2\/designer_clubroom?post=158410"}],"curies":[{"name":"wp","href":"https:\/\/api.w.org\/{rel}","templated":true}]}}