{"id":158569,"date":"2022-08-24T13:18:40","date_gmt":"2022-08-24T12:18:40","guid":{"rendered":"https:\/\/theinvisiblecollection.com\/?post_type=product&#038;p=158569"},"modified":"2026-05-01T07:38:41","modified_gmt":"2026-05-01T07:38:41","slug":"vis-a-vis-set-de-2-serviettes-mille-et-un-jours-de-bonheur","status":"publish","type":"product","link":"https:\/\/theinvisiblecollection.com\/fr\/produit\/vis-a-vis-set-de-2-serviettes-mille-et-un-jours-de-bonheur\/","title":{"rendered":"Set de 2 Serviettes Mille et un jours de bonheur"},"content":{"rendered":"<p style=\"text-align: justify\">Clover est une serviette porte bonheur d\u00e9clin\u00e9e dans des couleurs acidul\u00e9es. Symbole de la chance, le tr\u00e8fle \u00e0 quatre feuilles apporte aussi l\u2019amour, la renomm\u00e9e, la richesse et la sant\u00e9.<\/p>\n","protected":false},"excerpt":{"rendered":"<ul>\n<li>Composition : 100% lin<\/li>\n<\/ul>\n","protected":false},"featured_media":1115646,"template":"","meta":{"_acf_changed":false,"content-type":"","_themeisle_gutenberg_block_has_review":false},"product_brand":[],"product_cat":[19981,19989],"product_tag":[22790,31474],"product_designer":[14842],"comfabric":[],"manufacturer":[16717],"reporting_designer":[37619],"samplecomfabric":[],"designer_clubroom":[20465],"class_list":{"0":"post-158569","1":"product","2":"type-product","3":"status-publish","4":"has-post-thumbnail","6":"clubroom_taxonomies-gift-room","7":"product_cat-art-de-la-table","8":"product_cat-linge-de-table","9":"product_tag-disponible-immediatement","10":"product_tag-co-white-fr","11":"product_designer-vis-a-vis-paris-fr","12":"manufacturer-vis-a-vis-paris","13":"reporting_designer-vis-a-vis-paris","14":"clubroom_product_designer-vis-a-vis-paris-fr","15":"exhibitions-new-york-fr","16":"exhibitions-londres-fr","18":"first","19":"instock","20":"taxable","21":"shipping-taxable","22":"purchasable","23":"product-type-simple"},"acf":[],"_links":{"self":[{"href":"https:\/\/theinvisiblecollection.com\/fr\/wp-json\/wp\/v2\/product\/158569","targetHints":{"allow":["GET"]}}],"collection":[{"href":"https:\/\/theinvisiblecollection.com\/fr\/wp-json\/wp\/v2\/product"}],"about":[{"href":"https:\/\/theinvisiblecollection.com\/fr\/wp-json\/wp\/v2\/types\/product"}],"wp:featuredmedia":[{"embeddable":true,"href":"https:\/\/theinvisiblecollection.com\/fr\/wp-json\/wp\/v2\/media\/1115646"}],"wp:attachment":[{"href":"https:\/\/theinvisiblecollection.com\/fr\/wp-json\/wp\/v2\/media?parent=158569"}],"wp:term":[{"taxonomy":"product_brand","embeddable":true,"href":"https:\/\/theinvisiblecollection.com\/fr\/wp-json\/wp\/v2\/product_brand?post=158569"},{"taxonomy":"product_cat","embeddable":true,"href":"https:\/\/theinvisiblecollection.com\/fr\/wp-json\/wp\/v2\/product_cat?post=158569"},{"taxonomy":"product_tag","embeddable":true,"href":"https:\/\/theinvisiblecollection.com\/fr\/wp-json\/wp\/v2\/product_tag?post=158569"},{"taxonomy":"product_designer","embeddable":true,"href":"https:\/\/theinvisiblecollection.com\/fr\/wp-json\/wp\/v2\/product_designer?post=158569"},{"taxonomy":"comfabric","embeddable":true,"href":"https:\/\/theinvisiblecollection.com\/fr\/wp-json\/wp\/v2\/comfabric?post=158569"},{"taxonomy":"manufacturer","embeddable":true,"href":"https:\/\/theinvisiblecollection.com\/fr\/wp-json\/wp\/v2\/manufacturer?post=158569"},{"taxonomy":"reporting_designer","embeddable":true,"href":"https:\/\/theinvisiblecollection.com\/fr\/wp-json\/wp\/v2\/reporting_designer?post=158569"},{"taxonomy":"samplecomfabric","embeddable":true,"href":"https:\/\/theinvisiblecollection.com\/fr\/wp-json\/wp\/v2\/samplecomfabric?post=158569"},{"taxonomy":"clubroom_product_designer","embeddable":true,"href":"https:\/\/theinvisiblecollection.com\/fr\/wp-json\/wp\/v2\/designer_clubroom?post=158569"}],"curies":[{"name":"wp","href":"https:\/\/api.w.org\/{rel}","templated":true}]}}