{"id":158717,"date":"2022-08-24T15:43:43","date_gmt":"2022-08-24T14:43:43","guid":{"rendered":"https:\/\/theinvisiblecollection.com\/?post_type=product&#038;p=158717"},"modified":"2026-05-01T07:38:41","modified_gmt":"2026-05-01T07:38:41","slug":"atelier-pendhapa-canape-naksathra-chene","status":"publish","type":"product","link":"https:\/\/theinvisiblecollection.com\/fr\/produit\/atelier-pendhapa-canape-naksathra-chene\/","title":{"rendered":"Canap\u00e9 Naksathra Ch\u00eane"},"content":{"rendered":"<p style=\"text-align: justify;\">La collection Naksathra est un syst\u00e8me d\u2019assise qui a \u00e9t\u00e9 dessin\u00e9 afin de pouvoir \u00e9voluer au centre d\u2019une pi\u00e8ce. Son dos en bois massif a \u00e9t\u00e9 pens\u00e9 comme un exosquelette, r\u00e9v\u00e9lant la structure de l\u2019assise au fur et \u00e0 mesure que nous \u00e9voluons autour de ses courbes. Le coussin sup\u00e9rieur peut \u00eatre mis de c\u00f4t\u00e9, nous permettant de l\u2019utiliser \u00e0 la fois comme un lit de jour ou une assise plus formelle. Les images pr\u00e9sent\u00e9es sont des visuels\u00a03D\u00a0de grande qualit\u00e9 con\u00e7us pour repr\u00e9senter notre mobilier fid\u00e8lement, bien qu\u2019ils ne puissent saisir chaque d\u00e9tail avec une pr\u00e9cision absolue.<\/p>\n","protected":false},"excerpt":{"rendered":"<p>Canap\u00e9 en ch\u00ean<br \/>\nRecouvert ici en Tissu Louison Cr\u00e8me de Pierre Frey<br \/>\n\u00c9galement disponible en <span style=\"text-decoration: underline;\"><a href=\"https:\/\/theinvisiblecollection.com\/product\/atelier-pendhapa-naksathra-sofa\/\" target=\"_blank\" rel=\"noopener\">teck noir Javanais<\/a><\/span><br \/>\n<span style=\"text-decoration: underline;\"><a href=\"https:\/\/theinvisiblecollection.com\/wp-content\/uploads\/2021\/04\/TheInvisibleCollection_Atelier_Pendhapa_Fabric_Selection_Naksathra_Sofas.pdf\" target=\"_blank\" rel=\"noopener\">D\u00e9couvrez la selection de tissus ici<\/a><br \/>\n<\/span>Version en teck adapt\u00e9e \u00e0 un usage \u00e0 l&#8217;ext\u00e9rieur<span style=\"text-decoration: underline;\"><br \/>\n<\/span>Dimensions, tissus et mat\u00e9riaux sur-mesure sur demande<span style=\"text-decoration: underline;\"><br \/>\n<\/span><\/p>\n<p>Deux places : \u00a0L 170 x l 80 x H 65 cm<br \/>\nHauteur d&#8217;assise : 40 cm<br \/>\nTissu requis : 7 m<br \/>\nTrois places : L 210 x l 80 x H 65 cm<br \/>\nHauteur d&#8217;assise : 40 cm<br \/>\nTissu requis : 9 m<\/p>\n<p>Fabriqu\u00e9 \u00e0 la main en Indonesie<br \/>\nD\u00e9lais de production : 6 &#8211; 8 semaines<\/p>\n<p><span style=\"text-decoration: underline;\"><span class=\"s1\"><a href=\"https:\/\/www.theinvisiblecollection.com\/fr\/demande-de-devis\/?product_id=158717\">Contactez-nous pour toute demande de devis ou de renseignements<\/a><\/span><\/span><\/p>\n","protected":false},"featured_media":5392110,"template":"","meta":{"_acf_changed":false,"content-type":"","_themeisle_gutenberg_block_has_review":false},"product_brand":[],"product_cat":[8976,12499],"product_tag":[7435,9059],"product_designer":[13525],"comfabric":[],"manufacturer":[23071],"reporting_designer":[37189],"samplecomfabric":[],"designer_clubroom":[],"class_list":{"0":"post-158717","1":"product","2":"type-product","3":"status-publish","4":"has-post-thumbnail","6":"product_cat-canapes","7":"product_cat-assises","8":"product_tag-new-in-fr","9":"product_tag-gueridon-fr-2","10":"pa_size-l-280-x-l-100-x-h-80-fr","11":"pa_size-moyenne-l-70-x-l-82-x-h-41-cm","12":"pa_size-petit","13":"product_designer-atelier-pendhapa-fr","14":"manufacturer-atelier-pendhapa-pick-up-fr","15":"reporting_designer-atelier-pendhapa","17":"first","18":"instock","19":"taxable","20":"shipping-taxable","21":"purchasable","22":"product-type-variable"},"acf":[],"_links":{"self":[{"href":"https:\/\/theinvisiblecollection.com\/fr\/wp-json\/wp\/v2\/product\/158717","targetHints":{"allow":["GET"]}}],"collection":[{"href":"https:\/\/theinvisiblecollection.com\/fr\/wp-json\/wp\/v2\/product"}],"about":[{"href":"https:\/\/theinvisiblecollection.com\/fr\/wp-json\/wp\/v2\/types\/product"}],"wp:featuredmedia":[{"embeddable":true,"href":"https:\/\/theinvisiblecollection.com\/fr\/wp-json\/wp\/v2\/media\/5392110"}],"wp:attachment":[{"href":"https:\/\/theinvisiblecollection.com\/fr\/wp-json\/wp\/v2\/media?parent=158717"}],"wp:term":[{"taxonomy":"product_brand","embeddable":true,"href":"https:\/\/theinvisiblecollection.com\/fr\/wp-json\/wp\/v2\/product_brand?post=158717"},{"taxonomy":"product_cat","embeddable":true,"href":"https:\/\/theinvisiblecollection.com\/fr\/wp-json\/wp\/v2\/product_cat?post=158717"},{"taxonomy":"product_tag","embeddable":true,"href":"https:\/\/theinvisiblecollection.com\/fr\/wp-json\/wp\/v2\/product_tag?post=158717"},{"taxonomy":"product_designer","embeddable":true,"href":"https:\/\/theinvisiblecollection.com\/fr\/wp-json\/wp\/v2\/product_designer?post=158717"},{"taxonomy":"comfabric","embeddable":true,"href":"https:\/\/theinvisiblecollection.com\/fr\/wp-json\/wp\/v2\/comfabric?post=158717"},{"taxonomy":"manufacturer","embeddable":true,"href":"https:\/\/theinvisiblecollection.com\/fr\/wp-json\/wp\/v2\/manufacturer?post=158717"},{"taxonomy":"reporting_designer","embeddable":true,"href":"https:\/\/theinvisiblecollection.com\/fr\/wp-json\/wp\/v2\/reporting_designer?post=158717"},{"taxonomy":"samplecomfabric","embeddable":true,"href":"https:\/\/theinvisiblecollection.com\/fr\/wp-json\/wp\/v2\/samplecomfabric?post=158717"},{"taxonomy":"clubroom_product_designer","embeddable":true,"href":"https:\/\/theinvisiblecollection.com\/fr\/wp-json\/wp\/v2\/designer_clubroom?post=158717"}],"curies":[{"name":"wp","href":"https:\/\/api.w.org\/{rel}","templated":true}]}}