{"id":158915,"date":"2022-08-24T16:06:34","date_gmt":"2022-08-24T15:06:34","guid":{"rendered":"https:\/\/theinvisiblecollection.com\/?post_type=product&#038;p=158915"},"modified":"2026-05-01T07:38:41","modified_gmt":"2026-05-01T07:38:41","slug":"la-grange-bougie-pot-a-lait-annees-60-emile-masson","status":"publish","type":"product","link":"https:\/\/theinvisiblecollection.com\/fr\/produit\/la-grange-bougie-pot-a-lait-annees-60-emile-masson\/","title":{"rendered":"Bougie Pot \u00e0 Lait Ann\u00e9es 60 Emile Masson"},"content":{"rendered":"<p style=\"text-align: justify;\">Light me up ! Une nouvelle vie pour cette c\u00e9ramique unique des ann\u00e9es 60 sign\u00e9e Emile Masson. Int\u00e9grant pour un temps une bougie &#8221; feu de bois&#8221;, elle pourra ensuite retrouver sa fonction initiale.<\/p>\n","protected":false},"excerpt":{"rendered":"<ul>\n<li>Bougie<\/li>\n<li>Vintage<\/li>\n<li>Composition : C\u00e9ramique \/ cire de soja &amp; m\u00e8che en coton<\/li>\n<li>Parfum : signature &#8220;Feu de bois&#8221; \u00e9labor\u00e9 \u00e0 Grasse<\/li>\n<li>90 \u00e0 120 heures de combustion<\/li>\n<\/ul>\n","protected":false},"featured_media":1568199,"template":"","meta":{"_acf_changed":false,"content-type":"","_themeisle_gutenberg_block_has_review":false},"product_brand":[],"product_cat":[12529,19973],"product_tag":[22790],"product_designer":[],"comfabric":[],"manufacturer":[18394],"reporting_designer":[],"samplecomfabric":[],"designer_clubroom":[20473],"class_list":{"0":"post-158915","1":"product","2":"type-product","3":"status-publish","4":"has-post-thumbnail","6":"clubroom_taxonomies-vintage-room","7":"product_cat-bougies-bougeoirs","8":"product_cat-accessoires-pour-la-maison","9":"product_tag-disponible-immediatement","10":"manufacturer-la-grange-fr","11":"clubroom_product_designer-la-grange-fr","12":"exhibitions-londres-fr","14":"first","15":"instock","16":"taxable","17":"shipping-taxable","18":"purchasable","19":"product-type-simple"},"acf":[],"_links":{"self":[{"href":"https:\/\/theinvisiblecollection.com\/fr\/wp-json\/wp\/v2\/product\/158915","targetHints":{"allow":["GET"]}}],"collection":[{"href":"https:\/\/theinvisiblecollection.com\/fr\/wp-json\/wp\/v2\/product"}],"about":[{"href":"https:\/\/theinvisiblecollection.com\/fr\/wp-json\/wp\/v2\/types\/product"}],"wp:featuredmedia":[{"embeddable":true,"href":"https:\/\/theinvisiblecollection.com\/fr\/wp-json\/wp\/v2\/media\/1568199"}],"wp:attachment":[{"href":"https:\/\/theinvisiblecollection.com\/fr\/wp-json\/wp\/v2\/media?parent=158915"}],"wp:term":[{"taxonomy":"product_brand","embeddable":true,"href":"https:\/\/theinvisiblecollection.com\/fr\/wp-json\/wp\/v2\/product_brand?post=158915"},{"taxonomy":"product_cat","embeddable":true,"href":"https:\/\/theinvisiblecollection.com\/fr\/wp-json\/wp\/v2\/product_cat?post=158915"},{"taxonomy":"product_tag","embeddable":true,"href":"https:\/\/theinvisiblecollection.com\/fr\/wp-json\/wp\/v2\/product_tag?post=158915"},{"taxonomy":"product_designer","embeddable":true,"href":"https:\/\/theinvisiblecollection.com\/fr\/wp-json\/wp\/v2\/product_designer?post=158915"},{"taxonomy":"comfabric","embeddable":true,"href":"https:\/\/theinvisiblecollection.com\/fr\/wp-json\/wp\/v2\/comfabric?post=158915"},{"taxonomy":"manufacturer","embeddable":true,"href":"https:\/\/theinvisiblecollection.com\/fr\/wp-json\/wp\/v2\/manufacturer?post=158915"},{"taxonomy":"reporting_designer","embeddable":true,"href":"https:\/\/theinvisiblecollection.com\/fr\/wp-json\/wp\/v2\/reporting_designer?post=158915"},{"taxonomy":"samplecomfabric","embeddable":true,"href":"https:\/\/theinvisiblecollection.com\/fr\/wp-json\/wp\/v2\/samplecomfabric?post=158915"},{"taxonomy":"clubroom_product_designer","embeddable":true,"href":"https:\/\/theinvisiblecollection.com\/fr\/wp-json\/wp\/v2\/designer_clubroom?post=158915"}],"curies":[{"name":"wp","href":"https:\/\/api.w.org\/{rel}","templated":true}]}}