{"id":1619453,"date":"2023-01-13T11:41:10","date_gmt":"2023-01-13T10:41:10","guid":{"rendered":"https:\/\/theinvisiblecollection.com\/?post_type=product&#038;p=1619453"},"modified":"2026-05-01T07:38:22","modified_gmt":"2026-05-01T07:38:22","slug":"phaidon-postmodern-architecture-less-is-a-bore-2","status":"publish","type":"product","link":"https:\/\/theinvisiblecollection.com\/fr\/produit\/phaidon-postmodern-architecture-less-is-a-bore-2\/","title":{"rendered":"Postmodern Architecture: Less is a Bore"},"content":{"rendered":"<p style=\"text-align: justify\">Une collection de l&#8217;architecture postmoderne dans toute sa splendeur et sa non-conformit\u00e9&#8230; &#8220;More is a bore&#8221;, un livre sans pr\u00e9c\u00e9dent qui tire son sous-titre du dicton selon lequel &#8220;Less is More&#8221;.<\/p>\n","protected":false},"excerpt":{"rendered":"<ul>\n<li>Publi\u00e9 par Phaidon Press<\/li>\n<li>\u00c9diteur : Owen Hopkins<\/li>\n<li>14 F\u00e9v. 2020<\/li>\n<li>Langue : Anglais<\/li>\n<li>Couverture rigide<\/li>\n<li>224 pages<\/li>\n<\/ul>\n","protected":false},"featured_media":1619463,"template":"","meta":{"_acf_changed":false,"content-type":"","_themeisle_gutenberg_block_has_review":false},"product_brand":[],"product_cat":[12509,19973],"product_tag":[],"product_designer":[20166],"comfabric":[],"manufacturer":[20164],"reporting_designer":[37539],"samplecomfabric":[],"designer_clubroom":[21088],"class_list":{"0":"post-1619453","1":"product","2":"type-product","3":"status-publish","4":"has-post-thumbnail","6":"clubroom_taxonomies-gift-room","7":"clubroom_taxonomies-reading-room","8":"product_cat-livres","9":"product_cat-accessoires-pour-la-maison","10":"product_designer-phaidon-fr","11":"manufacturer-macmillan-distribution-fr","12":"reporting_designer-phaidon","13":"clubroom_product_designer-phaidon-fr","14":"exhibitions-londres-fr","16":"first","17":"outofstock","18":"taxable","19":"shipping-taxable","20":"purchasable","21":"product-type-simple"},"acf":[],"_links":{"self":[{"href":"https:\/\/theinvisiblecollection.com\/fr\/wp-json\/wp\/v2\/product\/1619453","targetHints":{"allow":["GET"]}}],"collection":[{"href":"https:\/\/theinvisiblecollection.com\/fr\/wp-json\/wp\/v2\/product"}],"about":[{"href":"https:\/\/theinvisiblecollection.com\/fr\/wp-json\/wp\/v2\/types\/product"}],"wp:featuredmedia":[{"embeddable":true,"href":"https:\/\/theinvisiblecollection.com\/fr\/wp-json\/wp\/v2\/media\/1619463"}],"wp:attachment":[{"href":"https:\/\/theinvisiblecollection.com\/fr\/wp-json\/wp\/v2\/media?parent=1619453"}],"wp:term":[{"taxonomy":"product_brand","embeddable":true,"href":"https:\/\/theinvisiblecollection.com\/fr\/wp-json\/wp\/v2\/product_brand?post=1619453"},{"taxonomy":"product_cat","embeddable":true,"href":"https:\/\/theinvisiblecollection.com\/fr\/wp-json\/wp\/v2\/product_cat?post=1619453"},{"taxonomy":"product_tag","embeddable":true,"href":"https:\/\/theinvisiblecollection.com\/fr\/wp-json\/wp\/v2\/product_tag?post=1619453"},{"taxonomy":"product_designer","embeddable":true,"href":"https:\/\/theinvisiblecollection.com\/fr\/wp-json\/wp\/v2\/product_designer?post=1619453"},{"taxonomy":"comfabric","embeddable":true,"href":"https:\/\/theinvisiblecollection.com\/fr\/wp-json\/wp\/v2\/comfabric?post=1619453"},{"taxonomy":"manufacturer","embeddable":true,"href":"https:\/\/theinvisiblecollection.com\/fr\/wp-json\/wp\/v2\/manufacturer?post=1619453"},{"taxonomy":"reporting_designer","embeddable":true,"href":"https:\/\/theinvisiblecollection.com\/fr\/wp-json\/wp\/v2\/reporting_designer?post=1619453"},{"taxonomy":"samplecomfabric","embeddable":true,"href":"https:\/\/theinvisiblecollection.com\/fr\/wp-json\/wp\/v2\/samplecomfabric?post=1619453"},{"taxonomy":"clubroom_product_designer","embeddable":true,"href":"https:\/\/theinvisiblecollection.com\/fr\/wp-json\/wp\/v2\/designer_clubroom?post=1619453"}],"curies":[{"name":"wp","href":"https:\/\/api.w.org\/{rel}","templated":true}]}}