{"id":1619607,"date":"2023-01-13T12:08:08","date_gmt":"2023-01-13T11:08:08","guid":{"rendered":"https:\/\/theinvisiblecollection.com\/?post_type=product&#038;p=1619607"},"modified":"2026-05-01T07:38:22","modified_gmt":"2026-05-01T07:38:22","slug":"phaidon-houses-extraordinary-living-2","status":"publish","type":"product","link":"https:\/\/theinvisiblecollection.com\/fr\/produit\/phaidon-houses-extraordinary-living-2\/","title":{"rendered":"Houses: Extraordinary Living"},"content":{"rendered":"<p style=\"text-align: justify;\">Les 400 maisons les plus influentes, innovantes et impressionnantes du d\u00e9but du XXe si\u00e8cle \u00e0 nos jours. Houses c\u00e9l\u00e8bre l&#8217;incroyable diversit\u00e9 et la beaut\u00e9 des lieux et des modes de vie.<\/p>\n","protected":false},"excerpt":{"rendered":"<div class=\"pro-extra-item\">\n<ul>\n<li>Livre<\/li>\n<li>Publi\u00e9 par Phaidon Press<\/li>\n<li>\u00c9diteur : Phaidon Editors<\/li>\n<li>16 Sept. 2021<\/li>\n<li>Langue : Anglais<\/li>\n<li>Couverture rigide<\/li>\n<li>256 pages<\/li>\n<\/ul>\n<\/div>\n<div class=\"pro-extra-item\"><\/div>\n","protected":false},"featured_media":1619617,"template":"","meta":{"_acf_changed":false,"content-type":"","_themeisle_gutenberg_block_has_review":false},"product_brand":[],"product_cat":[12509,19973],"product_tag":[22790],"product_designer":[20166],"comfabric":[],"manufacturer":[20164],"reporting_designer":[37539],"samplecomfabric":[],"designer_clubroom":[21088],"class_list":{"0":"post-1619607","1":"product","2":"type-product","3":"status-publish","4":"has-post-thumbnail","6":"clubroom_taxonomies-gift-room","7":"clubroom_taxonomies-reading-room","8":"product_cat-livres","9":"product_cat-accessoires-pour-la-maison","10":"product_tag-disponible-immediatement","11":"product_designer-phaidon-fr","12":"manufacturer-macmillan-distribution-fr","13":"reporting_designer-phaidon","14":"clubroom_product_designer-phaidon-fr","15":"exhibitions-londres-fr","17":"first","18":"instock","19":"featured","20":"taxable","21":"shipping-taxable","22":"purchasable","23":"product-type-simple"},"acf":[],"_links":{"self":[{"href":"https:\/\/theinvisiblecollection.com\/fr\/wp-json\/wp\/v2\/product\/1619607","targetHints":{"allow":["GET"]}}],"collection":[{"href":"https:\/\/theinvisiblecollection.com\/fr\/wp-json\/wp\/v2\/product"}],"about":[{"href":"https:\/\/theinvisiblecollection.com\/fr\/wp-json\/wp\/v2\/types\/product"}],"wp:featuredmedia":[{"embeddable":true,"href":"https:\/\/theinvisiblecollection.com\/fr\/wp-json\/wp\/v2\/media\/1619617"}],"wp:attachment":[{"href":"https:\/\/theinvisiblecollection.com\/fr\/wp-json\/wp\/v2\/media?parent=1619607"}],"wp:term":[{"taxonomy":"product_brand","embeddable":true,"href":"https:\/\/theinvisiblecollection.com\/fr\/wp-json\/wp\/v2\/product_brand?post=1619607"},{"taxonomy":"product_cat","embeddable":true,"href":"https:\/\/theinvisiblecollection.com\/fr\/wp-json\/wp\/v2\/product_cat?post=1619607"},{"taxonomy":"product_tag","embeddable":true,"href":"https:\/\/theinvisiblecollection.com\/fr\/wp-json\/wp\/v2\/product_tag?post=1619607"},{"taxonomy":"product_designer","embeddable":true,"href":"https:\/\/theinvisiblecollection.com\/fr\/wp-json\/wp\/v2\/product_designer?post=1619607"},{"taxonomy":"comfabric","embeddable":true,"href":"https:\/\/theinvisiblecollection.com\/fr\/wp-json\/wp\/v2\/comfabric?post=1619607"},{"taxonomy":"manufacturer","embeddable":true,"href":"https:\/\/theinvisiblecollection.com\/fr\/wp-json\/wp\/v2\/manufacturer?post=1619607"},{"taxonomy":"reporting_designer","embeddable":true,"href":"https:\/\/theinvisiblecollection.com\/fr\/wp-json\/wp\/v2\/reporting_designer?post=1619607"},{"taxonomy":"samplecomfabric","embeddable":true,"href":"https:\/\/theinvisiblecollection.com\/fr\/wp-json\/wp\/v2\/samplecomfabric?post=1619607"},{"taxonomy":"clubroom_product_designer","embeddable":true,"href":"https:\/\/theinvisiblecollection.com\/fr\/wp-json\/wp\/v2\/designer_clubroom?post=1619607"}],"curies":[{"name":"wp","href":"https:\/\/api.w.org\/{rel}","templated":true}]}}