{"id":1621053,"date":"2023-01-13T16:28:38","date_gmt":"2023-01-13T15:28:38","guid":{"rendered":"https:\/\/theinvisiblecollection.com\/?post_type=product&#038;p=1621053"},"modified":"2026-05-01T07:38:19","modified_gmt":"2026-05-01T07:38:19","slug":"phaidon-african-artists-from-1882-to-now-2","status":"publish","type":"product","link":"https:\/\/theinvisiblecollection.com\/fr\/produit\/phaidon-african-artists-from-1882-to-now-2\/","title":{"rendered":"African Artists: From 1882 to Now"},"content":{"rendered":"<p>La florissante sc\u00e8ne artistique africaine inspire cette \u00e9tude compl\u00e8te et sans pr\u00e9c\u00e9dent des artistes modernes et contemporains n\u00e9s ou actifs en Afrique. Fruit d&#8217;une collaboration avec des experts.<\/p>\n","protected":false},"excerpt":{"rendered":"<ul>\n<li>Publi\u00e9 par Phaidon Press<\/li>\n<li>\u00c9diteur : Phaidon Editors, Joseph L. Underwood &amp; Chika Okeke-Agulu<\/li>\n<li>21 Oct. 2021<\/li>\n<li>Langue : Anglais<\/li>\n<li>Couverture rigide<\/li>\n<li>352 pages<\/li>\n<\/ul>\n","protected":false},"featured_media":1621077,"template":"","meta":{"_acf_changed":false,"content-type":"","_themeisle_gutenberg_block_has_review":false},"product_brand":[],"product_cat":[12509,19973],"product_tag":[22790],"product_designer":[20166],"comfabric":[],"manufacturer":[20164],"reporting_designer":[37539],"samplecomfabric":[],"designer_clubroom":[21088],"class_list":{"0":"post-1621053","1":"product","2":"type-product","3":"status-publish","4":"has-post-thumbnail","6":"clubroom_taxonomies-gift-room","7":"clubroom_taxonomies-reading-room","8":"product_cat-livres","9":"product_cat-accessoires-pour-la-maison","10":"product_tag-disponible-immediatement","11":"product_designer-phaidon-fr","12":"manufacturer-macmillan-distribution-fr","13":"reporting_designer-phaidon","14":"clubroom_product_designer-phaidon-fr","15":"exhibitions-londres-fr","17":"first","18":"instock","19":"taxable","20":"shipping-taxable","21":"purchasable","22":"product-type-simple"},"acf":[],"_links":{"self":[{"href":"https:\/\/theinvisiblecollection.com\/fr\/wp-json\/wp\/v2\/product\/1621053","targetHints":{"allow":["GET"]}}],"collection":[{"href":"https:\/\/theinvisiblecollection.com\/fr\/wp-json\/wp\/v2\/product"}],"about":[{"href":"https:\/\/theinvisiblecollection.com\/fr\/wp-json\/wp\/v2\/types\/product"}],"wp:featuredmedia":[{"embeddable":true,"href":"https:\/\/theinvisiblecollection.com\/fr\/wp-json\/wp\/v2\/media\/1621077"}],"wp:attachment":[{"href":"https:\/\/theinvisiblecollection.com\/fr\/wp-json\/wp\/v2\/media?parent=1621053"}],"wp:term":[{"taxonomy":"product_brand","embeddable":true,"href":"https:\/\/theinvisiblecollection.com\/fr\/wp-json\/wp\/v2\/product_brand?post=1621053"},{"taxonomy":"product_cat","embeddable":true,"href":"https:\/\/theinvisiblecollection.com\/fr\/wp-json\/wp\/v2\/product_cat?post=1621053"},{"taxonomy":"product_tag","embeddable":true,"href":"https:\/\/theinvisiblecollection.com\/fr\/wp-json\/wp\/v2\/product_tag?post=1621053"},{"taxonomy":"product_designer","embeddable":true,"href":"https:\/\/theinvisiblecollection.com\/fr\/wp-json\/wp\/v2\/product_designer?post=1621053"},{"taxonomy":"comfabric","embeddable":true,"href":"https:\/\/theinvisiblecollection.com\/fr\/wp-json\/wp\/v2\/comfabric?post=1621053"},{"taxonomy":"manufacturer","embeddable":true,"href":"https:\/\/theinvisiblecollection.com\/fr\/wp-json\/wp\/v2\/manufacturer?post=1621053"},{"taxonomy":"reporting_designer","embeddable":true,"href":"https:\/\/theinvisiblecollection.com\/fr\/wp-json\/wp\/v2\/reporting_designer?post=1621053"},{"taxonomy":"samplecomfabric","embeddable":true,"href":"https:\/\/theinvisiblecollection.com\/fr\/wp-json\/wp\/v2\/samplecomfabric?post=1621053"},{"taxonomy":"clubroom_product_designer","embeddable":true,"href":"https:\/\/theinvisiblecollection.com\/fr\/wp-json\/wp\/v2\/designer_clubroom?post=1621053"}],"curies":[{"name":"wp","href":"https:\/\/api.w.org\/{rel}","templated":true}]}}