{"id":1621332,"date":"2023-01-13T17:12:23","date_gmt":"2023-01-13T16:12:23","guid":{"rendered":"https:\/\/theinvisiblecollection.com\/?post_type=product&#038;p=1621332"},"modified":"2026-05-01T07:38:19","modified_gmt":"2026-05-01T07:38:19","slug":"phaidon-interiors-the-greatest-rooms-of-the-century-black-edition-2","status":"publish","type":"product","link":"https:\/\/theinvisiblecollection.com\/fr\/produit\/phaidon-interiors-the-greatest-rooms-of-the-century-black-edition-2\/","title":{"rendered":"Interiors: The Greatest Rooms of the Century (Black Edition)"},"content":{"rendered":"<p style=\"text-align: justify\">Ultime c\u00e9l\u00e9bration mondiale du design et de la d\u00e9coration d&#8217;int\u00e9rieurs r\u00e9sidentiels, ce livre met en lumi\u00e8re des int\u00e9rieurs con\u00e7us par des cr\u00e9ateurs qui ont tous apport\u00e9 une contribution unique.<\/p>\n","protected":false},"excerpt":{"rendered":"<ul>\n<li>Publi\u00e9 par Phaidon Press<\/li>\n<li>\u00c9diteur : Phaidon Editors &amp; William Norwich<\/li>\n<li>21 Juillet 2022<\/li>\n<li>Langue : Anglais<\/li>\n<li>Couverture rigide<\/li>\n<li>448 pages<\/li>\n<\/ul>\n","protected":false},"featured_media":1621351,"template":"","meta":{"_acf_changed":false,"content-type":"","_themeisle_gutenberg_block_has_review":false},"product_brand":[],"product_cat":[12509,19973],"product_tag":[22790],"product_designer":[20166],"comfabric":[],"manufacturer":[20164],"reporting_designer":[37539],"samplecomfabric":[],"designer_clubroom":[21088],"class_list":{"0":"post-1621332","1":"product","2":"type-product","3":"status-publish","4":"has-post-thumbnail","6":"clubroom_taxonomies-gift-room","7":"clubroom_taxonomies-reading-room","8":"product_cat-livres","9":"product_cat-accessoires-pour-la-maison","10":"product_tag-disponible-immediatement","11":"product_designer-phaidon-fr","12":"manufacturer-macmillan-distribution-fr","13":"reporting_designer-phaidon","14":"clubroom_product_designer-phaidon-fr","15":"exhibitions-londres-fr","17":"first","18":"instock","19":"taxable","20":"shipping-taxable","21":"purchasable","22":"product-type-simple"},"acf":[],"_links":{"self":[{"href":"https:\/\/theinvisiblecollection.com\/fr\/wp-json\/wp\/v2\/product\/1621332","targetHints":{"allow":["GET"]}}],"collection":[{"href":"https:\/\/theinvisiblecollection.com\/fr\/wp-json\/wp\/v2\/product"}],"about":[{"href":"https:\/\/theinvisiblecollection.com\/fr\/wp-json\/wp\/v2\/types\/product"}],"wp:featuredmedia":[{"embeddable":true,"href":"https:\/\/theinvisiblecollection.com\/fr\/wp-json\/wp\/v2\/media\/1621351"}],"wp:attachment":[{"href":"https:\/\/theinvisiblecollection.com\/fr\/wp-json\/wp\/v2\/media?parent=1621332"}],"wp:term":[{"taxonomy":"product_brand","embeddable":true,"href":"https:\/\/theinvisiblecollection.com\/fr\/wp-json\/wp\/v2\/product_brand?post=1621332"},{"taxonomy":"product_cat","embeddable":true,"href":"https:\/\/theinvisiblecollection.com\/fr\/wp-json\/wp\/v2\/product_cat?post=1621332"},{"taxonomy":"product_tag","embeddable":true,"href":"https:\/\/theinvisiblecollection.com\/fr\/wp-json\/wp\/v2\/product_tag?post=1621332"},{"taxonomy":"product_designer","embeddable":true,"href":"https:\/\/theinvisiblecollection.com\/fr\/wp-json\/wp\/v2\/product_designer?post=1621332"},{"taxonomy":"comfabric","embeddable":true,"href":"https:\/\/theinvisiblecollection.com\/fr\/wp-json\/wp\/v2\/comfabric?post=1621332"},{"taxonomy":"manufacturer","embeddable":true,"href":"https:\/\/theinvisiblecollection.com\/fr\/wp-json\/wp\/v2\/manufacturer?post=1621332"},{"taxonomy":"reporting_designer","embeddable":true,"href":"https:\/\/theinvisiblecollection.com\/fr\/wp-json\/wp\/v2\/reporting_designer?post=1621332"},{"taxonomy":"samplecomfabric","embeddable":true,"href":"https:\/\/theinvisiblecollection.com\/fr\/wp-json\/wp\/v2\/samplecomfabric?post=1621332"},{"taxonomy":"clubroom_product_designer","embeddable":true,"href":"https:\/\/theinvisiblecollection.com\/fr\/wp-json\/wp\/v2\/designer_clubroom?post=1621332"}],"curies":[{"name":"wp","href":"https:\/\/api.w.org\/{rel}","templated":true}]}}