{"id":1621475,"date":"2023-01-13T17:31:41","date_gmt":"2023-01-13T16:31:41","guid":{"rendered":"https:\/\/theinvisiblecollection.com\/?post_type=product&#038;p=1621475"},"modified":"2026-05-08T04:39:35","modified_gmt":"2026-05-08T04:39:35","slug":"phaidon-atlas-of-brutalist-architecture-classic-format-2","status":"publish","type":"product","link":"https:\/\/theinvisiblecollection.com\/fr\/produit\/phaidon-atlas-of-brutalist-architecture-classic-format-2\/","title":{"rendered":"Atlas of Brutalist Architecture: Classic format"},"content":{"rendered":"<p>Une \u00e9tude historique sur plus de 850 b\u00e2timents brutalistes &#8211; existants et d\u00e9molis, classiques et contemporains &#8211; dans le cadre de la plus vaste enqu\u00eate jamais entreprise sur un atlas d&#8217;architecture.<\/p>\n","protected":false},"excerpt":{"rendered":"<ul>\n<li>Publi\u00e9 par Phaidon Press<\/li>\n<li>\u00c9diteur : Phaidon Editors<\/li>\n<li>30 Oct. 2020<\/li>\n<li>Langue : Anglais<\/li>\n<li>Couverture rigide<\/li>\n<li>528 pages<\/li>\n<\/ul>\n","protected":false},"featured_media":1621486,"template":"","meta":{"_acf_changed":false,"content-type":"","_themeisle_gutenberg_block_has_review":false},"product_brand":[],"product_cat":[12509,19973],"product_tag":[22790],"product_designer":[20166],"comfabric":[],"manufacturer":[20164],"reporting_designer":[37539],"samplecomfabric":[],"designer_clubroom":[21088],"class_list":{"0":"post-1621475","1":"product","2":"type-product","3":"status-publish","4":"has-post-thumbnail","6":"clubroom_taxonomies-gift-room","7":"clubroom_taxonomies-reading-room","8":"product_cat-livres","9":"product_cat-accessoires-pour-la-maison","10":"product_tag-disponible-immediatement","11":"product_designer-phaidon-fr","12":"manufacturer-macmillan-distribution-fr","13":"reporting_designer-phaidon","14":"clubroom_product_designer-phaidon-fr","15":"exhibitions-londres-fr","17":"first","18":"instock","19":"taxable","20":"shipping-taxable","21":"purchasable","22":"product-type-simple"},"acf":[],"_links":{"self":[{"href":"https:\/\/theinvisiblecollection.com\/fr\/wp-json\/wp\/v2\/product\/1621475","targetHints":{"allow":["GET"]}}],"collection":[{"href":"https:\/\/theinvisiblecollection.com\/fr\/wp-json\/wp\/v2\/product"}],"about":[{"href":"https:\/\/theinvisiblecollection.com\/fr\/wp-json\/wp\/v2\/types\/product"}],"wp:featuredmedia":[{"embeddable":true,"href":"https:\/\/theinvisiblecollection.com\/fr\/wp-json\/wp\/v2\/media\/1621486"}],"wp:attachment":[{"href":"https:\/\/theinvisiblecollection.com\/fr\/wp-json\/wp\/v2\/media?parent=1621475"}],"wp:term":[{"taxonomy":"product_brand","embeddable":true,"href":"https:\/\/theinvisiblecollection.com\/fr\/wp-json\/wp\/v2\/product_brand?post=1621475"},{"taxonomy":"product_cat","embeddable":true,"href":"https:\/\/theinvisiblecollection.com\/fr\/wp-json\/wp\/v2\/product_cat?post=1621475"},{"taxonomy":"product_tag","embeddable":true,"href":"https:\/\/theinvisiblecollection.com\/fr\/wp-json\/wp\/v2\/product_tag?post=1621475"},{"taxonomy":"product_designer","embeddable":true,"href":"https:\/\/theinvisiblecollection.com\/fr\/wp-json\/wp\/v2\/product_designer?post=1621475"},{"taxonomy":"comfabric","embeddable":true,"href":"https:\/\/theinvisiblecollection.com\/fr\/wp-json\/wp\/v2\/comfabric?post=1621475"},{"taxonomy":"manufacturer","embeddable":true,"href":"https:\/\/theinvisiblecollection.com\/fr\/wp-json\/wp\/v2\/manufacturer?post=1621475"},{"taxonomy":"reporting_designer","embeddable":true,"href":"https:\/\/theinvisiblecollection.com\/fr\/wp-json\/wp\/v2\/reporting_designer?post=1621475"},{"taxonomy":"samplecomfabric","embeddable":true,"href":"https:\/\/theinvisiblecollection.com\/fr\/wp-json\/wp\/v2\/samplecomfabric?post=1621475"},{"taxonomy":"clubroom_product_designer","embeddable":true,"href":"https:\/\/theinvisiblecollection.com\/fr\/wp-json\/wp\/v2\/designer_clubroom?post=1621475"}],"curies":[{"name":"wp","href":"https:\/\/api.w.org\/{rel}","templated":true}]}}