{"id":166036,"date":"2022-08-26T10:05:25","date_gmt":"2022-08-26T09:05:25","guid":{"rendered":"https:\/\/theinvisiblecollection.com\/?post_type=product&#038;p=166036"},"modified":"2026-05-15T05:03:18","modified_gmt":"2026-05-15T05:03:18","slug":"garce-dimofski-fauteuil-helios","status":"publish","type":"product","link":"https:\/\/theinvisiblecollection.com\/fr\/produit\/garce-dimofski-fauteuil-helios\/","title":{"rendered":"Fauteuil Helios"},"content":{"rendered":"<p style=\"text-align: justify;\"><span class=\"TextRun SCXW240789022 BCX0\" lang=\"FR-FR\" xml:lang=\"FR-FR\" data-contrast=\"auto\"><span class=\"NormalTextRun SCXW240789022 BCX0\">Le fauteuil <\/span><span class=\"NormalTextRun SpellingErrorV2Themed SCXW240789022 BCX0\">Helios<\/span><span class=\"NormalTextRun SCXW240789022 BCX0\"> de <\/span><span class=\"NormalTextRun SpellingErrorV2Themed SCXW240789022 BCX0\">Garc\u00e9<\/span><span class=\"NormalTextRun SCXW240789022 BCX0\"> &amp; <\/span><span class=\"NormalTextRun SpellingErrorV2Themed SCXW240789022 BCX0\">Dimofski<\/span> <span class=\"NormalTextRun SCXW240789022 BCX0\">est<\/span> <span class=\"NormalTextRun SCXW240789022 BCX0\">une<\/span> <span class=\"NormalTextRun SCXW240789022 BCX0\">relecture<\/span> <\/span><span class=\"TextRun SCXW240789022 BCX0\" lang=\"FR-FR\" xml:lang=\"FR-FR\" data-contrast=\"auto\"><span class=\"NormalTextRun SCXW240789022 BCX0\">\u00e9l\u00e9gante<\/span><\/span><span class=\"TextRun SCXW240789022 BCX0\" lang=\"FR-FR\" xml:lang=\"FR-FR\" data-contrast=\"auto\"><span class=\"NormalTextRun SCXW240789022 BCX0\"> de <\/span><span class=\"NormalTextRun SCXW240789022 BCX0\">l\u2019esth\u00e9tique<\/span> <span class=\"NormalTextRun SCXW240789022 BCX0\">m\u00e9diterran\u00e9enne<\/span><span class=\"NormalTextRun SCXW240789022 BCX0\">, avec <\/span><span class=\"NormalTextRun SCXW240789022 BCX0\">une<\/span><span class=\"NormalTextRun SCXW240789022 BCX0\"> assise <\/span><span class=\"NormalTextRun SCXW240789022 BCX0\">basse<\/span><span class=\"NormalTextRun SCXW240789022 BCX0\"> et des <\/span><span class=\"NormalTextRun SCXW240789022 BCX0\">pieds<\/span> <span class=\"NormalTextRun SCXW240789022 BCX0\">en<\/span> <span class=\"NormalTextRun SCXW240789022 BCX0\">c\u00e9ramique<\/span> <span class=\"NormalTextRun SCXW240789022 BCX0\">color\u00e9s<\/span><span class=\"NormalTextRun SCXW240789022 BCX0\">. <\/span><span class=\"NormalTextRun SCXW240789022 BCX0\">Sa <\/span><span class=\"NormalTextRun SCXW240789022 BCX0\">forme<\/span><span class=\"NormalTextRun SCXW240789022 BCX0\">, <\/span><span class=\"NormalTextRun SCXW240789022 BCX0\">l\u00e9g\u00e8rement<\/span> <span class=\"NormalTextRun SCXW240789022 BCX0\">en<\/span><span class=\"NormalTextRun SCXW240789022 BCX0\"> angle se <\/span><span class=\"NormalTextRun SCXW240789022 BCX0\">suffit<\/span><\/span><span class=\"TextRun SCXW240789022 BCX0\" lang=\"FR-FR\" xml:lang=\"FR-FR\" data-contrast=\"auto\"><span class=\"NormalTextRun SCXW240789022 BCX0\"> \u00e0 <\/span><\/span><span class=\"TextRun SCXW240789022 BCX0\" lang=\"FR-FR\" xml:lang=\"FR-FR\" data-contrast=\"auto\"><span class=\"NormalTextRun SCXW240789022 BCX0\">elle-m\u00eame<\/span> <span class=\"NormalTextRun SCXW240789022 BCX0\">ou<\/span> <span class=\"NormalTextRun SCXW240789022 BCX0\">peut<\/span> <span class=\"NormalTextRun SCXW240789022 BCX0\">ais\u00e9ment<\/span> <\/span><span class=\"TextRun SCXW240789022 BCX0\" lang=\"FR-FR\" xml:lang=\"FR-FR\" data-contrast=\"auto\"><span class=\"NormalTextRun SCXW240789022 BCX0\">\u00eatre<\/span><\/span><span class=\"TextRun SCXW240789022 BCX0\" lang=\"FR-FR\" xml:lang=\"FR-FR\" data-contrast=\"auto\"> <span class=\"NormalTextRun SCXW240789022 BCX0\">associ\u00e9e<\/span><\/span><span class=\"TextRun SCXW240789022 BCX0\" lang=\"FR-FR\" xml:lang=\"FR-FR\" data-contrast=\"auto\"><span class=\"NormalTextRun SCXW240789022 BCX0\"> \u00e0 un <\/span><\/span><span class=\"TextRun SCXW240789022 BCX0\" lang=\"FR-FR\" xml:lang=\"FR-FR\" data-contrast=\"auto\"><span class=\"NormalTextRun SCXW240789022 BCX0\">deuxi\u00e8me<\/span><span class=\"NormalTextRun SCXW240789022 BCX0\"> fauteuil <\/span><span class=\"NormalTextRun SCXW240789022 BCX0\">afin<\/span><span class=\"NormalTextRun SCXW240789022 BCX0\"> de <\/span><span class=\"NormalTextRun SCXW240789022 BCX0\">cr\u00e9er<\/span> <span class=\"NormalTextRun SCXW240789022 BCX0\">un double<\/span><span class=\"NormalTextRun SCXW240789022 BCX0\"> salon.<\/span> <span class=\"NormalTextRun SpellingErrorV2Themed SCXW240789022 BCX0\">Helios<\/span> <span class=\"NormalTextRun SCXW240789022 BCX0\">est<\/span> <span class=\"NormalTextRun SCXW240789022 BCX0\">con\u00e7u<\/span><span class=\"NormalTextRun SCXW240789022 BCX0\"> dans un esprit slow life.<\/span><\/span><span class=\"EOP SCXW240789022 BCX0\" data-ccp-props=\"{&quot;201341983&quot;:0,&quot;335559740&quot;:259}\">\u00a0<\/span><\/p>\n","protected":false},"excerpt":{"rendered":"<p>Fauteuil photographi\u00e9 ici en tissu Leli\u00e8vre &#8211; Lama naturel<br \/>\n<a href=\"https:\/\/theinvisiblecollection.com\/wp-content\/uploads\/2022\/09\/Garce\u0301-Dimofski-Helios-Sofa.jpg\" target=\"_blank\" rel=\"noopener\"><span style=\"text-decoration: underline;\">D\u00e9couvrez la s\u00e9lection de tissus ici<\/span><\/a><br \/>\nStructure en ch\u00e2taignier massif, \u00e9galement disponible en ch\u00eane (dossier sci\u00e9, assise et tablette vernis mat)<br \/>\n<a href=\"https:\/\/theinvisiblecollection.com\/wp-content\/uploads\/2022\/03\/TheInvisibleCollection_WoodSelection_Garce\u0301Dimofski_HeliosSofa-1.pdf\" target=\"_blank\" rel=\"noopener\"><span style=\"text-decoration: underline;\">D\u00e9couvrez la s\u00e9lection de bois ici<\/span><\/a><br \/>\nTable d&#8217;appoint int\u00e9gr\u00e9e<br \/>\nPlateau et pieds en argile \u00e9maill\u00e9e orange d\u00e9grad\u00e9, couleur wavy sand<br \/>\n<a href=\"https:\/\/theinvisiblecollection.com\/wp-content\/uploads\/2022\/03\/TheInvisibleCollection_Garse\u0301Dimofski_ClaySelection.pdf\" target=\"_blank\" rel=\"noopener\"><span style=\"text-decoration: underline;\">D\u00e9couvrez la s\u00e9lection d&#8217;argiles ici<\/span><\/a><br \/>\nChaque pi\u00e8ce est unique en raison de sa nature artisanale, la taille, les vernis et les teintes varient l\u00e9g\u00e8rement<br \/>\nMat\u00e9riaux et dimensions sur-mesure sur demande<\/p>\n<p>L 190 x P 124 x H 65 cm<br \/>\nHauteur d&#8217;assise : 41 cm<br \/>\nTissu requis : 8 m<\/p>\n<p>Fabriqu\u00e9 \u00e0 la main en Europe<br \/>\nD\u00e9lais de production : 12 &#8211; 16 semaines<\/p>\n<p class=\"p1\"><span style=\"text-decoration: underline;\"><span class=\"s1\"><a href=\"https:\/\/www.theinvisiblecollection.com\/fr\/demande-de-devis\/?product_id=166036\" target=\"_blank\" rel=\"noopener\">Contactez-nous pour toute demande de devis ou de renseignements<\/a><\/span><\/span><\/p>\n","protected":false},"featured_media":166048,"template":"","meta":{"_acf_changed":false,"content-type":"","_themeisle_gutenberg_block_has_review":false},"product_brand":[],"product_cat":[8945,12499],"product_tag":[7435,22790,35206],"product_designer":[15857],"comfabric":[29342],"manufacturer":[22038],"reporting_designer":[37463],"samplecomfabric":[30764],"designer_clubroom":[],"class_list":{"0":"post-166036","1":"product","2":"type-product","3":"status-publish","4":"has-post-thumbnail","6":"product_cat-fauteuils","7":"product_cat-assises","8":"product_tag-new-in-fr","9":"product_tag-disponible-immediatement","10":"product_tag-exclusive-fr","11":"pa_choice-argile-mousse-bleu-fonce","12":"pa_choice-argile-orange-degrade-wavy-sand","13":"pa_choice-argile-sunset","14":"pa_fabric-en-blanc-sans-tissu-fr","15":"pa_fabric-tissu-bisson-bruneel-bali-col-3459","16":"pa_fabric-lelievre-tissu-lama-naturel","17":"pa_fabric-tissu-rogers-and-goffigon-fabric-cambon","18":"pa_structure-chataignier-massif-scie","19":"pa_structure-chene","20":"product_designer-garce-dimofski-fr","21":"comfabric-garc-dimofski-atelier-so-pedro-da-cova-fr","22":"manufacturer-garc-dimofski-atelier-so-pedro-da-cova-fr","23":"reporting_designer-garce-dimofski","24":"samplecomfabric-garc-dimofski-atelier-porto-fr","25":"exhibitions-new-york-fr","27":"first","28":"instock","29":"taxable","30":"shipping-taxable","31":"purchasable","32":"product-type-variable"},"acf":[],"_links":{"self":[{"href":"https:\/\/theinvisiblecollection.com\/fr\/wp-json\/wp\/v2\/product\/166036","targetHints":{"allow":["GET"]}}],"collection":[{"href":"https:\/\/theinvisiblecollection.com\/fr\/wp-json\/wp\/v2\/product"}],"about":[{"href":"https:\/\/theinvisiblecollection.com\/fr\/wp-json\/wp\/v2\/types\/product"}],"wp:featuredmedia":[{"embeddable":true,"href":"https:\/\/theinvisiblecollection.com\/fr\/wp-json\/wp\/v2\/media\/166048"}],"wp:attachment":[{"href":"https:\/\/theinvisiblecollection.com\/fr\/wp-json\/wp\/v2\/media?parent=166036"}],"wp:term":[{"taxonomy":"product_brand","embeddable":true,"href":"https:\/\/theinvisiblecollection.com\/fr\/wp-json\/wp\/v2\/product_brand?post=166036"},{"taxonomy":"product_cat","embeddable":true,"href":"https:\/\/theinvisiblecollection.com\/fr\/wp-json\/wp\/v2\/product_cat?post=166036"},{"taxonomy":"product_tag","embeddable":true,"href":"https:\/\/theinvisiblecollection.com\/fr\/wp-json\/wp\/v2\/product_tag?post=166036"},{"taxonomy":"product_designer","embeddable":true,"href":"https:\/\/theinvisiblecollection.com\/fr\/wp-json\/wp\/v2\/product_designer?post=166036"},{"taxonomy":"comfabric","embeddable":true,"href":"https:\/\/theinvisiblecollection.com\/fr\/wp-json\/wp\/v2\/comfabric?post=166036"},{"taxonomy":"manufacturer","embeddable":true,"href":"https:\/\/theinvisiblecollection.com\/fr\/wp-json\/wp\/v2\/manufacturer?post=166036"},{"taxonomy":"reporting_designer","embeddable":true,"href":"https:\/\/theinvisiblecollection.com\/fr\/wp-json\/wp\/v2\/reporting_designer?post=166036"},{"taxonomy":"samplecomfabric","embeddable":true,"href":"https:\/\/theinvisiblecollection.com\/fr\/wp-json\/wp\/v2\/samplecomfabric?post=166036"},{"taxonomy":"clubroom_product_designer","embeddable":true,"href":"https:\/\/theinvisiblecollection.com\/fr\/wp-json\/wp\/v2\/designer_clubroom?post=166036"}],"curies":[{"name":"wp","href":"https:\/\/api.w.org\/{rel}","templated":true}]}}