{"id":1661081,"date":"2023-01-18T11:10:30","date_gmt":"2023-01-18T10:10:30","guid":{"rendered":"https:\/\/theinvisiblecollection.com\/?post_type=product&#038;p=1661081"},"modified":"2026-05-01T07:38:19","modified_gmt":"2026-05-01T07:38:19","slug":"phaidon-the-ecal-manual-of-style-how-to-best-teach-design-today-2","status":"publish","type":"product","link":"https:\/\/theinvisiblecollection.com\/fr\/produit\/phaidon-the-ecal-manual-of-style-how-to-best-teach-design-today-2\/","title":{"rendered":"The ECAL Manual of Style: How to best teach design today?"},"content":{"rendered":"<p style=\"text-align: justify;\">Lorsque l&#8217;une des \u00e9coles de design les plus cr\u00e9atives du monde pose la question essentielle &#8220;Comment enseigner le design aujourd&#8217;hui&#8221;, ce livre propose des \u00e9l\u00e9ments de r\u00e9ponse passionnants.<\/p>\n","protected":false},"excerpt":{"rendered":"<ul>\n<li>Livre<\/li>\n<li>Publi\u00e9 par Phaidon Press<\/li>\n<li>\u00c9diteur : Jonathan Olivares &amp; Alexis Georgacopoulos<\/li>\n<li>9 Juin 2022<\/li>\n<li>Langue : Anglais<\/li>\n<li>Couverture rigide<\/li>\n<li>204 pages<\/li>\n<\/ul>\n","protected":false},"featured_media":1661092,"template":"","meta":{"_acf_changed":false,"content-type":"","_themeisle_gutenberg_block_has_review":false},"product_brand":[],"product_cat":[12509,19973],"product_tag":[22790],"product_designer":[20166],"comfabric":[],"manufacturer":[20164],"reporting_designer":[37539],"samplecomfabric":[],"designer_clubroom":[21088],"class_list":{"0":"post-1661081","1":"product","2":"type-product","3":"status-publish","4":"has-post-thumbnail","6":"clubroom_taxonomies-gift-room","7":"clubroom_taxonomies-reading-room","8":"product_cat-livres","9":"product_cat-accessoires-pour-la-maison","10":"product_tag-disponible-immediatement","11":"product_designer-phaidon-fr","12":"manufacturer-macmillan-distribution-fr","13":"reporting_designer-phaidon","14":"clubroom_product_designer-phaidon-fr","15":"exhibitions-londres-fr","17":"first","18":"instock","19":"taxable","20":"shipping-taxable","21":"purchasable","22":"product-type-simple"},"acf":[],"_links":{"self":[{"href":"https:\/\/theinvisiblecollection.com\/fr\/wp-json\/wp\/v2\/product\/1661081","targetHints":{"allow":["GET"]}}],"collection":[{"href":"https:\/\/theinvisiblecollection.com\/fr\/wp-json\/wp\/v2\/product"}],"about":[{"href":"https:\/\/theinvisiblecollection.com\/fr\/wp-json\/wp\/v2\/types\/product"}],"wp:featuredmedia":[{"embeddable":true,"href":"https:\/\/theinvisiblecollection.com\/fr\/wp-json\/wp\/v2\/media\/1661092"}],"wp:attachment":[{"href":"https:\/\/theinvisiblecollection.com\/fr\/wp-json\/wp\/v2\/media?parent=1661081"}],"wp:term":[{"taxonomy":"product_brand","embeddable":true,"href":"https:\/\/theinvisiblecollection.com\/fr\/wp-json\/wp\/v2\/product_brand?post=1661081"},{"taxonomy":"product_cat","embeddable":true,"href":"https:\/\/theinvisiblecollection.com\/fr\/wp-json\/wp\/v2\/product_cat?post=1661081"},{"taxonomy":"product_tag","embeddable":true,"href":"https:\/\/theinvisiblecollection.com\/fr\/wp-json\/wp\/v2\/product_tag?post=1661081"},{"taxonomy":"product_designer","embeddable":true,"href":"https:\/\/theinvisiblecollection.com\/fr\/wp-json\/wp\/v2\/product_designer?post=1661081"},{"taxonomy":"comfabric","embeddable":true,"href":"https:\/\/theinvisiblecollection.com\/fr\/wp-json\/wp\/v2\/comfabric?post=1661081"},{"taxonomy":"manufacturer","embeddable":true,"href":"https:\/\/theinvisiblecollection.com\/fr\/wp-json\/wp\/v2\/manufacturer?post=1661081"},{"taxonomy":"reporting_designer","embeddable":true,"href":"https:\/\/theinvisiblecollection.com\/fr\/wp-json\/wp\/v2\/reporting_designer?post=1661081"},{"taxonomy":"samplecomfabric","embeddable":true,"href":"https:\/\/theinvisiblecollection.com\/fr\/wp-json\/wp\/v2\/samplecomfabric?post=1661081"},{"taxonomy":"clubroom_product_designer","embeddable":true,"href":"https:\/\/theinvisiblecollection.com\/fr\/wp-json\/wp\/v2\/designer_clubroom?post=1661081"}],"curies":[{"name":"wp","href":"https:\/\/api.w.org\/{rel}","templated":true}]}}