{"id":1667868,"date":"2023-01-19T10:31:27","date_gmt":"2023-01-19T09:31:27","guid":{"rendered":"https:\/\/theinvisiblecollection.com\/?post_type=product&#038;p=1667868"},"modified":"2026-05-01T07:38:19","modified_gmt":"2026-05-01T07:38:19","slug":"hestia-paris-set-de-2-bougeoirs-or","status":"publish","type":"product","link":"https:\/\/theinvisiblecollection.com\/fr\/produit\/hestia-paris-set-de-2-bougeoirs-or\/","title":{"rendered":"Set de 2 Bougeoirs Or"},"content":{"rendered":"<p style=\"text-align: justify;\">Bougeoir en verre peints \u00e0 la main, repr\u00e9sentant un univers romantique et v\u00e9g\u00e9tal, mettant en sc\u00e8ne des libellules. Les reliefs et reflets des feuilles cr\u00e9ent une ambiance magique sur votre table.<\/p>\n","protected":false},"excerpt":{"rendered":"<ul>\n<li>Set de 2 Bougeoirs<\/li>\n<li>Composition : verre \/ peint \u00e0 la main<\/li>\n<li>Couleur : or<\/li>\n<\/ul>\n","protected":false},"featured_media":1915260,"template":"","meta":{"_acf_changed":false,"content-type":"","_themeisle_gutenberg_block_has_review":false},"product_brand":[],"product_cat":[12529,19973],"product_tag":[22790],"product_designer":[],"comfabric":[],"manufacturer":[],"reporting_designer":[],"samplecomfabric":[],"designer_clubroom":[20859],"class_list":{"0":"post-1667868","1":"product","2":"type-product","3":"status-publish","4":"has-post-thumbnail","6":"clubroom_taxonomies-gift-room","7":"product_cat-bougies-bougeoirs","8":"product_cat-accessoires-pour-la-maison","9":"product_tag-disponible-immediatement","10":"clubroom_product_designer-hestia-paris-fr","11":"exhibitions-paris-fr","13":"first","14":"instock","15":"taxable","16":"shipping-taxable","17":"purchasable","18":"product-type-simple"},"acf":[],"_links":{"self":[{"href":"https:\/\/theinvisiblecollection.com\/fr\/wp-json\/wp\/v2\/product\/1667868","targetHints":{"allow":["GET"]}}],"collection":[{"href":"https:\/\/theinvisiblecollection.com\/fr\/wp-json\/wp\/v2\/product"}],"about":[{"href":"https:\/\/theinvisiblecollection.com\/fr\/wp-json\/wp\/v2\/types\/product"}],"wp:featuredmedia":[{"embeddable":true,"href":"https:\/\/theinvisiblecollection.com\/fr\/wp-json\/wp\/v2\/media\/1915260"}],"wp:attachment":[{"href":"https:\/\/theinvisiblecollection.com\/fr\/wp-json\/wp\/v2\/media?parent=1667868"}],"wp:term":[{"taxonomy":"product_brand","embeddable":true,"href":"https:\/\/theinvisiblecollection.com\/fr\/wp-json\/wp\/v2\/product_brand?post=1667868"},{"taxonomy":"product_cat","embeddable":true,"href":"https:\/\/theinvisiblecollection.com\/fr\/wp-json\/wp\/v2\/product_cat?post=1667868"},{"taxonomy":"product_tag","embeddable":true,"href":"https:\/\/theinvisiblecollection.com\/fr\/wp-json\/wp\/v2\/product_tag?post=1667868"},{"taxonomy":"product_designer","embeddable":true,"href":"https:\/\/theinvisiblecollection.com\/fr\/wp-json\/wp\/v2\/product_designer?post=1667868"},{"taxonomy":"comfabric","embeddable":true,"href":"https:\/\/theinvisiblecollection.com\/fr\/wp-json\/wp\/v2\/comfabric?post=1667868"},{"taxonomy":"manufacturer","embeddable":true,"href":"https:\/\/theinvisiblecollection.com\/fr\/wp-json\/wp\/v2\/manufacturer?post=1667868"},{"taxonomy":"reporting_designer","embeddable":true,"href":"https:\/\/theinvisiblecollection.com\/fr\/wp-json\/wp\/v2\/reporting_designer?post=1667868"},{"taxonomy":"samplecomfabric","embeddable":true,"href":"https:\/\/theinvisiblecollection.com\/fr\/wp-json\/wp\/v2\/samplecomfabric?post=1667868"},{"taxonomy":"clubroom_product_designer","embeddable":true,"href":"https:\/\/theinvisiblecollection.com\/fr\/wp-json\/wp\/v2\/designer_clubroom?post=1667868"}],"curies":[{"name":"wp","href":"https:\/\/api.w.org\/{rel}","templated":true}]}}