{"id":1668863,"date":"2023-01-19T12:44:19","date_gmt":"2023-01-19T11:44:19","guid":{"rendered":"https:\/\/theinvisiblecollection.com\/?post_type=product&#038;p=1668863"},"modified":"2026-05-08T04:39:33","modified_gmt":"2026-05-08T04:39:33","slug":"hestia-paris-set-de-6-verres-bleu","status":"publish","type":"product","link":"https:\/\/theinvisiblecollection.com\/fr\/produit\/hestia-paris-set-de-6-verres-bleu\/","title":{"rendered":"Set de 6 Verres \u00e0 Eau Bleu"},"content":{"rendered":"<p style=\"text-align: justify\">Verre \u00e0 eau d\u00e9licatement peint \u00e0 la main, associ\u00e9 \u00e0 un univers romantique et v\u00e9g\u00e9tal, mettant en sc\u00e8ne de petites libellules en vol. Une cr\u00e9ation pleine de po\u00e9sie pour une table raffin\u00e9e.<\/p>\n","protected":false},"excerpt":{"rendered":"<ul>\n<li>Composition : verre \/ peint \u00e0 la main<\/li>\n<li>Couleur: bleu<\/li>\n<\/ul>\n","protected":false},"featured_media":1668851,"template":"","meta":{"_acf_changed":false,"content-type":"","_themeisle_gutenberg_block_has_review":false},"product_brand":[],"product_cat":[19981,19986],"product_tag":[22790],"product_designer":[],"comfabric":[],"manufacturer":[],"reporting_designer":[],"samplecomfabric":[],"designer_clubroom":[20859],"class_list":{"0":"post-1668863","1":"product","2":"type-product","3":"status-publish","4":"has-post-thumbnail","6":"clubroom_taxonomies-gift-room","7":"product_cat-art-de-la-table","8":"product_cat-verres","9":"product_tag-disponible-immediatement","10":"clubroom_product_designer-hestia-paris-fr","11":"exhibitions-paris-fr","13":"first","14":"instock","15":"taxable","16":"shipping-taxable","17":"purchasable","18":"product-type-simple"},"acf":[],"_links":{"self":[{"href":"https:\/\/theinvisiblecollection.com\/fr\/wp-json\/wp\/v2\/product\/1668863","targetHints":{"allow":["GET"]}}],"collection":[{"href":"https:\/\/theinvisiblecollection.com\/fr\/wp-json\/wp\/v2\/product"}],"about":[{"href":"https:\/\/theinvisiblecollection.com\/fr\/wp-json\/wp\/v2\/types\/product"}],"wp:featuredmedia":[{"embeddable":true,"href":"https:\/\/theinvisiblecollection.com\/fr\/wp-json\/wp\/v2\/media\/1668851"}],"wp:attachment":[{"href":"https:\/\/theinvisiblecollection.com\/fr\/wp-json\/wp\/v2\/media?parent=1668863"}],"wp:term":[{"taxonomy":"product_brand","embeddable":true,"href":"https:\/\/theinvisiblecollection.com\/fr\/wp-json\/wp\/v2\/product_brand?post=1668863"},{"taxonomy":"product_cat","embeddable":true,"href":"https:\/\/theinvisiblecollection.com\/fr\/wp-json\/wp\/v2\/product_cat?post=1668863"},{"taxonomy":"product_tag","embeddable":true,"href":"https:\/\/theinvisiblecollection.com\/fr\/wp-json\/wp\/v2\/product_tag?post=1668863"},{"taxonomy":"product_designer","embeddable":true,"href":"https:\/\/theinvisiblecollection.com\/fr\/wp-json\/wp\/v2\/product_designer?post=1668863"},{"taxonomy":"comfabric","embeddable":true,"href":"https:\/\/theinvisiblecollection.com\/fr\/wp-json\/wp\/v2\/comfabric?post=1668863"},{"taxonomy":"manufacturer","embeddable":true,"href":"https:\/\/theinvisiblecollection.com\/fr\/wp-json\/wp\/v2\/manufacturer?post=1668863"},{"taxonomy":"reporting_designer","embeddable":true,"href":"https:\/\/theinvisiblecollection.com\/fr\/wp-json\/wp\/v2\/reporting_designer?post=1668863"},{"taxonomy":"samplecomfabric","embeddable":true,"href":"https:\/\/theinvisiblecollection.com\/fr\/wp-json\/wp\/v2\/samplecomfabric?post=1668863"},{"taxonomy":"clubroom_product_designer","embeddable":true,"href":"https:\/\/theinvisiblecollection.com\/fr\/wp-json\/wp\/v2\/designer_clubroom?post=1668863"}],"curies":[{"name":"wp","href":"https:\/\/api.w.org\/{rel}","templated":true}]}}