{"id":1744369,"date":"2023-12-01T13:40:47","date_gmt":"2023-12-01T13:40:47","guid":{"rendered":"https:\/\/theinvisiblecollection.com\/?post_type=product&#038;p=1744369"},"modified":"2026-05-01T07:38:19","modified_gmt":"2026-05-01T07:38:19","slug":"fleur-delesalle-table-peony-chrome","status":"publish","type":"product","link":"https:\/\/theinvisiblecollection.com\/fr\/produit\/fleur-delesalle-table-peony-chrome\/","title":{"rendered":"Table Peony Chrome"},"content":{"rendered":"<p style=\"text-align: justify;\">Avec ses lignes g\u00e9n\u00e9reuses et simples, la table Peony de Fleur Delesalle se caract\u00e9rise par un jeu de plateaux qui associent diff\u00e9rents mat\u00e9riaux et couleurs et quatre pieds \u00ab \u00e9l\u00e9phantesques \u00bb.<\/p>\n","protected":false},"excerpt":{"rendered":"<p>Table avec pieds en acier chrom\u00e9<br \/>\nPlateau en mix de laque, noyer et marbre<br \/>\n\u00c9galement disponible avec pieds en m\u00e9tal laqu\u00e9 et plateau en mix de laque, de ch\u00eane et de marbre<br \/>\n<a href=\"https:\/\/theinvisiblecollection.com\/wp-content\/uploads\/2023\/01\/TheInvisibleCollection_Fleur_Delesalle_Finishes_Selection_Peony_Table.pdf\" target=\"_blank\" rel=\"noopener\"><span style=\"text-decoration: underline;\">D\u00e9couvrez la s\u00e9lection de finitions ici<\/span><\/a><\/p>\n<p>Petite : L 230 x l 85 x H 76 cm<br \/>\nGrande : L 260 x l 100 x H 76 cm<\/p>\n<p>Fabriqu\u00e9e \u00e0 la main en Italie<br \/>\nD\u00e9lais de fabrication : 8 semaines<\/p>\n<p class=\"p1\"><span style=\"text-decoration: underline;\"><span class=\"s1\"><a href=\"https:\/\/www.theinvisiblecollection.com\/fr\/demande-de-devis\/?product_id=1744369\">Contactez-nous pour toute demande de devis ou de renseignements<\/a><\/span><\/span><\/p>\n","protected":false},"featured_media":5882399,"template":"","meta":{"_acf_changed":false,"content-type":"","_themeisle_gutenberg_block_has_review":false},"product_brand":[],"product_cat":[8977,12503],"product_tag":[31474],"product_designer":[21318],"comfabric":[],"manufacturer":[26712],"reporting_designer":[37481],"samplecomfabric":[],"designer_clubroom":[],"class_list":{"0":"post-1744369","1":"product","2":"type-product","3":"status-publish","4":"has-post-thumbnail","6":"product_cat-tables-salle-a-manger","7":"product_cat-tables-fr","8":"product_tag-co-white-fr","9":"pa_size-l-280-x-l-100-x-h-80-fr","10":"pa_size-petit","11":"product_designer-fleur-delesalle-fr","12":"manufacturer-laurent-transport-fr","13":"reporting_designer-fleur-delesalle","15":"first","16":"instock","17":"taxable","18":"shipping-taxable","19":"purchasable","20":"product-type-variable"},"acf":[],"_links":{"self":[{"href":"https:\/\/theinvisiblecollection.com\/fr\/wp-json\/wp\/v2\/product\/1744369","targetHints":{"allow":["GET"]}}],"collection":[{"href":"https:\/\/theinvisiblecollection.com\/fr\/wp-json\/wp\/v2\/product"}],"about":[{"href":"https:\/\/theinvisiblecollection.com\/fr\/wp-json\/wp\/v2\/types\/product"}],"wp:featuredmedia":[{"embeddable":true,"href":"https:\/\/theinvisiblecollection.com\/fr\/wp-json\/wp\/v2\/media\/5882399"}],"wp:attachment":[{"href":"https:\/\/theinvisiblecollection.com\/fr\/wp-json\/wp\/v2\/media?parent=1744369"}],"wp:term":[{"taxonomy":"product_brand","embeddable":true,"href":"https:\/\/theinvisiblecollection.com\/fr\/wp-json\/wp\/v2\/product_brand?post=1744369"},{"taxonomy":"product_cat","embeddable":true,"href":"https:\/\/theinvisiblecollection.com\/fr\/wp-json\/wp\/v2\/product_cat?post=1744369"},{"taxonomy":"product_tag","embeddable":true,"href":"https:\/\/theinvisiblecollection.com\/fr\/wp-json\/wp\/v2\/product_tag?post=1744369"},{"taxonomy":"product_designer","embeddable":true,"href":"https:\/\/theinvisiblecollection.com\/fr\/wp-json\/wp\/v2\/product_designer?post=1744369"},{"taxonomy":"comfabric","embeddable":true,"href":"https:\/\/theinvisiblecollection.com\/fr\/wp-json\/wp\/v2\/comfabric?post=1744369"},{"taxonomy":"manufacturer","embeddable":true,"href":"https:\/\/theinvisiblecollection.com\/fr\/wp-json\/wp\/v2\/manufacturer?post=1744369"},{"taxonomy":"reporting_designer","embeddable":true,"href":"https:\/\/theinvisiblecollection.com\/fr\/wp-json\/wp\/v2\/reporting_designer?post=1744369"},{"taxonomy":"samplecomfabric","embeddable":true,"href":"https:\/\/theinvisiblecollection.com\/fr\/wp-json\/wp\/v2\/samplecomfabric?post=1744369"},{"taxonomy":"clubroom_product_designer","embeddable":true,"href":"https:\/\/theinvisiblecollection.com\/fr\/wp-json\/wp\/v2\/designer_clubroom?post=1744369"}],"curies":[{"name":"wp","href":"https:\/\/api.w.org\/{rel}","templated":true}]}}