{"id":1745055,"date":"2023-12-01T13:40:44","date_gmt":"2023-12-01T13:40:44","guid":{"rendered":"https:\/\/theinvisiblecollection.com\/?post_type=product&#038;p=1745055"},"modified":"2026-05-01T07:38:19","modified_gmt":"2026-05-01T07:38:19","slug":"fleur-delesalle-table-basse-water-lily","status":"publish","type":"product","link":"https:\/\/theinvisiblecollection.com\/fr\/produit\/fleur-delesalle-table-basse-water-lily\/","title":{"rendered":"Table Basse Water Lily"},"content":{"rendered":"<p style=\"text-align: justify;\">La table Waterlily de Fleur Delesalle avec un design aux lignes simples. Ses pieds en bois fonc\u00e9 (aspect bois br\u00fbl\u00e9) mettent en valeur la beaut\u00e9 min\u00e9rale du plateau en marbre Antigua Verde.<\/p>\n","protected":false},"excerpt":{"rendered":"<p>Table basse avec plateau en marbre Antigua Verde<br \/>\nBase en bois noir<\/p>\n<p>L 120 x l 80 x H 38 cm<\/p>\n<p>Fabriqu\u00e9e \u00e0 la main en Italie<br \/>\nD\u00e9lais de fabrication : 8 semaines<\/p>\n<p class=\"p1\"><span style=\"text-decoration: underline;\"><span class=\"s1\"><a href=\"https:\/\/www.theinvisiblecollection.com\/fr\/demande-de-devis\/?product_id=1745055\">Contactez-nous pour toute demande de devis ou de renseignements<\/a><\/span><\/span><\/p>\n","protected":false},"featured_media":1744940,"template":"","meta":{"_acf_changed":false,"content-type":"","_themeisle_gutenberg_block_has_review":false},"product_brand":[],"product_cat":[7509,12503],"product_tag":[31474,31477],"product_designer":[21318],"comfabric":[],"manufacturer":[26712],"reporting_designer":[37481],"samplecomfabric":[],"designer_clubroom":[],"class_list":{"0":"post-1745055","1":"product","2":"type-product","3":"status-publish","4":"has-post-thumbnail","6":"product_cat-tables-basses-dappoint","7":"product_cat-tables-fr","8":"product_tag-co-white-fr","9":"product_tag-st-curvy-fr","10":"product_designer-fleur-delesalle-fr","11":"manufacturer-laurent-transport-fr","12":"reporting_designer-fleur-delesalle","14":"first","15":"instock","16":"taxable","17":"shipping-taxable","18":"purchasable","19":"product-type-simple"},"acf":[],"_links":{"self":[{"href":"https:\/\/theinvisiblecollection.com\/fr\/wp-json\/wp\/v2\/product\/1745055","targetHints":{"allow":["GET"]}}],"collection":[{"href":"https:\/\/theinvisiblecollection.com\/fr\/wp-json\/wp\/v2\/product"}],"about":[{"href":"https:\/\/theinvisiblecollection.com\/fr\/wp-json\/wp\/v2\/types\/product"}],"wp:featuredmedia":[{"embeddable":true,"href":"https:\/\/theinvisiblecollection.com\/fr\/wp-json\/wp\/v2\/media\/1744940"}],"wp:attachment":[{"href":"https:\/\/theinvisiblecollection.com\/fr\/wp-json\/wp\/v2\/media?parent=1745055"}],"wp:term":[{"taxonomy":"product_brand","embeddable":true,"href":"https:\/\/theinvisiblecollection.com\/fr\/wp-json\/wp\/v2\/product_brand?post=1745055"},{"taxonomy":"product_cat","embeddable":true,"href":"https:\/\/theinvisiblecollection.com\/fr\/wp-json\/wp\/v2\/product_cat?post=1745055"},{"taxonomy":"product_tag","embeddable":true,"href":"https:\/\/theinvisiblecollection.com\/fr\/wp-json\/wp\/v2\/product_tag?post=1745055"},{"taxonomy":"product_designer","embeddable":true,"href":"https:\/\/theinvisiblecollection.com\/fr\/wp-json\/wp\/v2\/product_designer?post=1745055"},{"taxonomy":"comfabric","embeddable":true,"href":"https:\/\/theinvisiblecollection.com\/fr\/wp-json\/wp\/v2\/comfabric?post=1745055"},{"taxonomy":"manufacturer","embeddable":true,"href":"https:\/\/theinvisiblecollection.com\/fr\/wp-json\/wp\/v2\/manufacturer?post=1745055"},{"taxonomy":"reporting_designer","embeddable":true,"href":"https:\/\/theinvisiblecollection.com\/fr\/wp-json\/wp\/v2\/reporting_designer?post=1745055"},{"taxonomy":"samplecomfabric","embeddable":true,"href":"https:\/\/theinvisiblecollection.com\/fr\/wp-json\/wp\/v2\/samplecomfabric?post=1745055"},{"taxonomy":"clubroom_product_designer","embeddable":true,"href":"https:\/\/theinvisiblecollection.com\/fr\/wp-json\/wp\/v2\/designer_clubroom?post=1745055"}],"curies":[{"name":"wp","href":"https:\/\/api.w.org\/{rel}","templated":true}]}}