{"id":1799086,"date":"2023-01-31T11:52:57","date_gmt":"2023-01-31T10:52:57","guid":{"rendered":"https:\/\/theinvisiblecollection.com\/?post_type=product&#038;p=1799086"},"modified":"2026-05-01T07:38:19","modified_gmt":"2026-05-01T07:38:19","slug":"la-chance-canape-snow-modulable","status":"publish","type":"product","link":"https:\/\/theinvisiblecollection.com\/fr\/produit\/la-chance-canape-snow-modulable\/","title":{"rendered":"Canap\u00e9 Snow Modulable"},"content":{"rendered":"<p>Les \u00e9l\u00e9ments incurv\u00e9s \u00e0 30\u00b0 du canap\u00e9 Snow permettent de cr\u00e9er un canap\u00e9 circulaire qui rappelle les salons de conversation des ann\u00e9es 70. La collection Snow v\u00e9hicule cette id\u00e9e d&#8217;opulence d\u00e9contract\u00e9e typique de cette \u00e9poque.<\/p>\n","protected":false},"excerpt":{"rendered":"<p>Canap\u00e9 tapiss\u00e9 ici en tissu Nobilis, Douna Antalya<br \/>\nLe pi\u00e8tement peut \u00eatre tapiss\u00e9 dans un tissu diff\u00e9rent sur demande<br \/>\nDisponible en tissu sur-mesure<br \/>\n<a href=\"https:\/\/theinvisiblecollection.com\/wp-content\/uploads\/2023\/01\/InvisibleCollection_LaChance_SnowSofa_FabricsSelection.pdf\" target=\"_blank\" rel=\"noopener\"><span style=\"text-decoration: underline;\">D\u00e9couvrez la s\u00e9lection de tissus ici<\/span><\/a><br \/>\nDeux modules disponibles : module 01 Droit et module 02 Incurv\u00e9 30\u00b0<br \/>\nChaque module peut \u00eatre positionn\u00e9 seul ou en combinaison<br \/>\n<a href=\"https:\/\/theinvisiblecollection.com\/wp-content\/uploads\/2023\/01\/InvisibleCollection_LaChance_SnowSofa_Materials-selection.pdf\" target=\"_blank\" rel=\"noopener\"><span style=\"text-decoration: underline;\">D\u00e9couvrez des ensembles de combinaisons ici<\/span><\/a><br \/>\nCompositions sur-mesure sur demande<\/p>\n<div class=\"pro-extra-item\">\n<p>Module 01 Droit :<br \/>\nL 100 x P 100 x H 74 cm<br \/>\nModule 02 Incurv\u00e9 30\u00b0:<br \/>\nL 78\/129 x P 100 x H 74 cm<\/p>\n<p>Hauteur d&#8217;assise : 65 cm<\/p>\n<\/div>\n<div class=\"pro-extra-item pro-manufacturing\"><\/div>\n<p>Fabriqu\u00e9 \u00e0 la main<br \/>\nD\u00e9lais de production : 8 \u2013 10 semaines<br \/>\n<span style=\"text-decoration: underline;\"><a href=\"https:\/\/www.theinvisiblecollection.com\/fr\/demande-de-devis\/?product_id=1619340\">Contactez-nous pour toute demande de devis ou de renseignements<\/a><\/span><\/p>\n","protected":false},"featured_media":1798704,"template":"","meta":{"_acf_changed":false,"content-type":"","_themeisle_gutenberg_block_has_review":false},"product_brand":[],"product_cat":[8976,12499],"product_tag":[14925],"product_designer":[13254],"comfabric":[29542],"manufacturer":[21949],"reporting_designer":[37467],"samplecomfabric":[30568],"designer_clubroom":[],"class_list":{"0":"post-1799086","1":"product","2":"type-product","3":"status-publish","4":"has-post-thumbnail","6":"product_cat-canapes","7":"product_cat-assises","8":"product_tag-hpfav-fr","9":"pa_size-1-module-courbe-30","10":"pa_size-1-module-droit","11":"pa_size-canape-quatre-places-courbe-composition-4-modules","12":"pa_size-canape-trois-places-droit-composition-3-modules","13":"pa_size-canape-trois-places-droit-courbe-composition-3-modules","14":"product_designer-la-chance-fr","15":"comfabric-la-chance-fr","16":"manufacturer-shipea-chez-sylvania-fr","17":"reporting_designer-la-chance","18":"samplecomfabric-la-chance-fr","20":"first","21":"instock","22":"taxable","23":"shipping-taxable","24":"purchasable","25":"product-type-variable"},"acf":[],"_links":{"self":[{"href":"https:\/\/theinvisiblecollection.com\/fr\/wp-json\/wp\/v2\/product\/1799086","targetHints":{"allow":["GET"]}}],"collection":[{"href":"https:\/\/theinvisiblecollection.com\/fr\/wp-json\/wp\/v2\/product"}],"about":[{"href":"https:\/\/theinvisiblecollection.com\/fr\/wp-json\/wp\/v2\/types\/product"}],"wp:featuredmedia":[{"embeddable":true,"href":"https:\/\/theinvisiblecollection.com\/fr\/wp-json\/wp\/v2\/media\/1798704"}],"wp:attachment":[{"href":"https:\/\/theinvisiblecollection.com\/fr\/wp-json\/wp\/v2\/media?parent=1799086"}],"wp:term":[{"taxonomy":"product_brand","embeddable":true,"href":"https:\/\/theinvisiblecollection.com\/fr\/wp-json\/wp\/v2\/product_brand?post=1799086"},{"taxonomy":"product_cat","embeddable":true,"href":"https:\/\/theinvisiblecollection.com\/fr\/wp-json\/wp\/v2\/product_cat?post=1799086"},{"taxonomy":"product_tag","embeddable":true,"href":"https:\/\/theinvisiblecollection.com\/fr\/wp-json\/wp\/v2\/product_tag?post=1799086"},{"taxonomy":"product_designer","embeddable":true,"href":"https:\/\/theinvisiblecollection.com\/fr\/wp-json\/wp\/v2\/product_designer?post=1799086"},{"taxonomy":"comfabric","embeddable":true,"href":"https:\/\/theinvisiblecollection.com\/fr\/wp-json\/wp\/v2\/comfabric?post=1799086"},{"taxonomy":"manufacturer","embeddable":true,"href":"https:\/\/theinvisiblecollection.com\/fr\/wp-json\/wp\/v2\/manufacturer?post=1799086"},{"taxonomy":"reporting_designer","embeddable":true,"href":"https:\/\/theinvisiblecollection.com\/fr\/wp-json\/wp\/v2\/reporting_designer?post=1799086"},{"taxonomy":"samplecomfabric","embeddable":true,"href":"https:\/\/theinvisiblecollection.com\/fr\/wp-json\/wp\/v2\/samplecomfabric?post=1799086"},{"taxonomy":"clubroom_product_designer","embeddable":true,"href":"https:\/\/theinvisiblecollection.com\/fr\/wp-json\/wp\/v2\/designer_clubroom?post=1799086"}],"curies":[{"name":"wp","href":"https:\/\/api.w.org\/{rel}","templated":true}]}}