{"id":1835250,"date":"2023-02-02T09:48:19","date_gmt":"2023-02-02T08:48:19","guid":{"rendered":"https:\/\/theinvisiblecollection.com\/?post_type=product&#038;p=1835250"},"modified":"2026-05-01T07:38:19","modified_gmt":"2026-05-01T07:38:19","slug":"pierre-augustin-rose-ottoman-cadillac","status":"publish","type":"product","link":"https:\/\/theinvisiblecollection.com\/fr\/produit\/pierre-augustin-rose-ottoman-cadillac\/","title":{"rendered":"Ottoman Cadillac"},"content":{"rendered":"<div class=\"pro-content-txt below-product-slide\">\n<div class=\"pro-content-area readmore-full\">\n<p style=\"text-align: justify;\"><span data-contrast=\"auto\">Le fauteuil et Ottoman Cadillac, cr\u00e9\u00e9s par la Maison Erton dans les ann\u00e9es 1950, sont la toute premi\u00e8re<\/span><span data-ccp-props=\"{&quot;201341983&quot;:0,&quot;335559740&quot;:259}\">\u00a0<\/span><span data-contrast=\"auto\">r\u00e9\u00e9dition de Pierre Augustin Rose. Une alliance d\u2019esth\u00e9tique, de fantaisie et de rigueur.<\/span><\/p>\n<\/div>\n<\/div>\n","protected":false},"excerpt":{"rendered":"<p>Ottoman r\u00e9\u00e9dit\u00e9 par Pierre Augustin Rose<br \/>\nCr\u00e9\u00e9 \u00e0 l&#8217;origine par la Maison Erton dans les ann\u00e9es 50<br \/>\nPeut \u00eatre assembl\u00e9 avec le <a href=\"https:\/\/theinvisiblecollection.com\/fr\/produit\/pierre-augustin-rose-fauteuil-cadillac\/\" target=\"_blank\" rel=\"noopener\"><span style=\"text-decoration: underline;\">Fauteuil Cadillac<\/span><\/a><br \/>\nPhotographi\u00e9 ici en tissu Teddy Mohair de Pierre Frey, couleur : Sable 026<br \/>\n<span style=\"text-decoration: underline;\"><a href=\"https:\/\/theinvisiblecollection.com\/wp-content\/uploads\/2022\/02\/TheInvisibleCollection_PierreAugustinRose_PierreFrey_FabricSelection_compressed-compresse.pdf\" target=\"_blank\" rel=\"noopener\">D\u00e9couvrez la s\u00e9lection de tissus ici<\/a><\/span><br \/>\nPi\u00e8tement en ch\u00eane peints en noir<\/p>\n<p>L 65 x l 54 x H 38 cm<\/p>\n<p>Tissu requis : 2 m<\/p>\n<p>Fabriqu\u00e9 \u00e0 la main en Europe<br \/>\nD\u00e9lais de production : 12 &#8211; 14 semaines<\/p>\n<p><span style=\"text-decoration: underline;\"><a href=\"https:\/\/www.theinvisiblecollection.com\/fr\/demande-de-devis\/?product_id=1835250\" target=\"_blank\" rel=\"noopener\">Contactez-nous pour toute demande de devis ou de renseignement<\/a><\/span><\/p>\n","protected":false},"featured_media":1835357,"template":"","meta":{"_acf_changed":false,"content-type":"","_themeisle_gutenberg_block_has_review":false},"product_brand":[],"product_cat":[8969,12499],"product_tag":[35206,8942,9275,9409,9776,9788,11349,14546],"product_designer":[8908],"comfabric":[29018],"manufacturer":[16828],"reporting_designer":[37608],"samplecomfabric":[30018],"designer_clubroom":[],"class_list":{"0":"post-1835250","1":"product","2":"type-product","3":"status-publish","4":"has-post-thumbnail","6":"product_cat-ottomans-tabourets","7":"product_cat-assises","8":"product_tag-exclusive-fr","9":"product_tag-assise","10":"product_tag-tabouret-fr-2","11":"product_tag-pierre-augustin-rose-fr-2","12":"product_tag-pierre-frey-fr","13":"product_tag-palais-royal-fr","14":"product_tag-pierre-augustine-rose-fr","15":"product_tag-ottoman-fr-2","16":"product_designer-pierre-augustin-rose-fr","17":"comfabric-pierre-augustin-rose-fr","18":"manufacturer-charvin-logistics-saint-ouen-la-ex-egetra-fr","19":"reporting_designer-pierre-augustin-rose","20":"samplecomfabric-pierre-augustin-rose-fr","22":"first","23":"instock","24":"taxable","25":"shipping-taxable","26":"purchasable","27":"product-type-variable"},"acf":[],"_links":{"self":[{"href":"https:\/\/theinvisiblecollection.com\/fr\/wp-json\/wp\/v2\/product\/1835250","targetHints":{"allow":["GET"]}}],"collection":[{"href":"https:\/\/theinvisiblecollection.com\/fr\/wp-json\/wp\/v2\/product"}],"about":[{"href":"https:\/\/theinvisiblecollection.com\/fr\/wp-json\/wp\/v2\/types\/product"}],"wp:featuredmedia":[{"embeddable":true,"href":"https:\/\/theinvisiblecollection.com\/fr\/wp-json\/wp\/v2\/media\/1835357"}],"wp:attachment":[{"href":"https:\/\/theinvisiblecollection.com\/fr\/wp-json\/wp\/v2\/media?parent=1835250"}],"wp:term":[{"taxonomy":"product_brand","embeddable":true,"href":"https:\/\/theinvisiblecollection.com\/fr\/wp-json\/wp\/v2\/product_brand?post=1835250"},{"taxonomy":"product_cat","embeddable":true,"href":"https:\/\/theinvisiblecollection.com\/fr\/wp-json\/wp\/v2\/product_cat?post=1835250"},{"taxonomy":"product_tag","embeddable":true,"href":"https:\/\/theinvisiblecollection.com\/fr\/wp-json\/wp\/v2\/product_tag?post=1835250"},{"taxonomy":"product_designer","embeddable":true,"href":"https:\/\/theinvisiblecollection.com\/fr\/wp-json\/wp\/v2\/product_designer?post=1835250"},{"taxonomy":"comfabric","embeddable":true,"href":"https:\/\/theinvisiblecollection.com\/fr\/wp-json\/wp\/v2\/comfabric?post=1835250"},{"taxonomy":"manufacturer","embeddable":true,"href":"https:\/\/theinvisiblecollection.com\/fr\/wp-json\/wp\/v2\/manufacturer?post=1835250"},{"taxonomy":"reporting_designer","embeddable":true,"href":"https:\/\/theinvisiblecollection.com\/fr\/wp-json\/wp\/v2\/reporting_designer?post=1835250"},{"taxonomy":"samplecomfabric","embeddable":true,"href":"https:\/\/theinvisiblecollection.com\/fr\/wp-json\/wp\/v2\/samplecomfabric?post=1835250"},{"taxonomy":"clubroom_product_designer","embeddable":true,"href":"https:\/\/theinvisiblecollection.com\/fr\/wp-json\/wp\/v2\/designer_clubroom?post=1835250"}],"curies":[{"name":"wp","href":"https:\/\/api.w.org\/{rel}","templated":true}]}}