{"id":1836487,"date":"2023-02-08T11:52:33","date_gmt":"2023-02-08T10:52:33","guid":{"rendered":"https:\/\/theinvisiblecollection.com\/?post_type=product&#038;p=1836487"},"modified":"2026-05-01T07:38:19","modified_gmt":"2026-05-01T07:38:19","slug":"pierre-augustin-rose-fauteuil-fumoir-tissu","status":"publish","type":"product","link":"https:\/\/theinvisiblecollection.com\/fr\/produit\/pierre-augustin-rose-fauteuil-fumoir-tissu\/","title":{"rendered":"Fauteuil Fumoir Tissu"},"content":{"rendered":"<p style=\"text-align: justify;\"><span dir=\"ltr\" role=\"presentation\">Graphique<\/span><span dir=\"ltr\" role=\"presentation\">, ce fauteuil d&#8217;inspiration <\/span><span dir=\"ltr\" role=\"presentation\">Bauhaus pr\u00e9sente un assemblage<\/span> <span dir=\"ltr\" role=\"presentation\">unique <\/span><span dir=\"ltr\" role=\"presentation\">de parchemins. Les coussins sculpturaux <\/span><span dir=\"ltr\" role=\"presentation\">sont recouverts du tissu Angkor de <\/span><span dir=\"ltr\" role=\"presentation\">l\u2019\u00e9diteur parisien Pierre Frey.<\/span><\/p>\n","protected":false},"excerpt":{"rendered":"<p>Fauteuil avec une structure lacque blanc cass\u00e9 tr\u00e8s finement<br \/>\n\u00c9galement disponible en <a href=\"https:\/\/theinvisiblecollection.com\/fr\/produit\/pierre-augustin-rose-fauteuil-fumoir\/\" target=\"_blank\" rel=\"noopener\"><span style=\"text-decoration: underline;\">parchemin<\/span><\/a> et <a href=\"https:\/\/theinvisiblecollection.com\/fr\/produit\/pierre-augustin-rose-fauteuil-fumoir-laque\/\" target=\"_blank\" rel=\"noopener\"><u>laque<\/u><\/a><br \/>\nPi\u00e8tement finition laqu\u00e9e blanc cass\u00e9 tr\u00e8s finement<br \/>\nPhotographi\u00e9 ici en tissu Pierre Frey, Teddy Mohair couleur Cr\u00e8me<br \/>\n<a href=\"https:\/\/theinvisiblecollection.com\/wp-content\/uploads\/2022\/02\/TheInvisibleCollection_PierreAugustinRose_PierreFrey_FabricSelection_compressed-compresse.pdf\" target=\"_blank\" rel=\"noopener\"><span style=\"text-decoration: underline;\">D\u00e9couvrez la s\u00e9lection de tissus ici<\/span><\/a><br \/>\nCoussin inclus<\/p>\n<p>L 94.5 x l 94.5 x H 68.3 cm<br \/>\nHauteur d&#8217;assise : 37 cm<br \/>\nTissu requis : 5.5 m<\/p>\n<p>Fabriqu\u00e9 \u00e0 la main en Europe<br \/>\nD\u00e9lais de production : 12 &#8211; 14 semaines<\/p>\n<p><span style=\"text-decoration: underline;\"><a href=\"https:\/\/www.theinvisiblecollection.com\/fr\/demande-de-devis\/?product_id=1836487\" target=\"_blank\" rel=\"noopener\">Contactez-nous pour toute demande de devis ou de renseignement<\/a><\/span><\/p>\n","protected":false},"featured_media":1836047,"template":"","meta":{"_acf_changed":false,"content-type":"","_themeisle_gutenberg_block_has_review":false},"product_brand":[],"product_cat":[8945,12499],"product_tag":[14925,31474,31477,35206],"product_designer":[8908],"comfabric":[29018],"manufacturer":[16828],"reporting_designer":[37607],"samplecomfabric":[30018],"designer_clubroom":[],"class_list":{"0":"post-1836487","1":"product","2":"type-product","3":"status-publish","4":"has-post-thumbnail","6":"product_cat-fauteuils","7":"product_cat-assises","8":"product_tag-hpfav-fr","9":"product_tag-co-white-fr","10":"product_tag-st-curvy-fr","11":"product_tag-exclusive-fr","12":"pa_fabric-en-blanc-sans-tissu-fr","13":"pa_fabric-pierre-frey-angkor-fr","14":"pa_fabric-pierre-frey-arsene-fr","15":"pa_fabric-pierre-frey-loft-fr","16":"pa_fabric-pierre-frey-tissu-louison","17":"pa_fabric-pierre-frey-opio-fr","18":"pa_fabric-pierre-frey-valreas-fr","19":"pa_fabric-pierre-frey-teddy-mohair-fr","20":"product_designer-pierre-augustin-rose-fr","21":"comfabric-pierre-augustin-rose-fr","22":"manufacturer-charvin-logistics-saint-ouen-la-ex-egetra-fr","23":"reporting_designer-pierre-augustin-rose","24":"samplecomfabric-pierre-augustin-rose-fr","26":"first","27":"instock","28":"taxable","29":"shipping-taxable","30":"purchasable","31":"product-type-variable"},"acf":[],"_links":{"self":[{"href":"https:\/\/theinvisiblecollection.com\/fr\/wp-json\/wp\/v2\/product\/1836487","targetHints":{"allow":["GET"]}}],"collection":[{"href":"https:\/\/theinvisiblecollection.com\/fr\/wp-json\/wp\/v2\/product"}],"about":[{"href":"https:\/\/theinvisiblecollection.com\/fr\/wp-json\/wp\/v2\/types\/product"}],"wp:featuredmedia":[{"embeddable":true,"href":"https:\/\/theinvisiblecollection.com\/fr\/wp-json\/wp\/v2\/media\/1836047"}],"wp:attachment":[{"href":"https:\/\/theinvisiblecollection.com\/fr\/wp-json\/wp\/v2\/media?parent=1836487"}],"wp:term":[{"taxonomy":"product_brand","embeddable":true,"href":"https:\/\/theinvisiblecollection.com\/fr\/wp-json\/wp\/v2\/product_brand?post=1836487"},{"taxonomy":"product_cat","embeddable":true,"href":"https:\/\/theinvisiblecollection.com\/fr\/wp-json\/wp\/v2\/product_cat?post=1836487"},{"taxonomy":"product_tag","embeddable":true,"href":"https:\/\/theinvisiblecollection.com\/fr\/wp-json\/wp\/v2\/product_tag?post=1836487"},{"taxonomy":"product_designer","embeddable":true,"href":"https:\/\/theinvisiblecollection.com\/fr\/wp-json\/wp\/v2\/product_designer?post=1836487"},{"taxonomy":"comfabric","embeddable":true,"href":"https:\/\/theinvisiblecollection.com\/fr\/wp-json\/wp\/v2\/comfabric?post=1836487"},{"taxonomy":"manufacturer","embeddable":true,"href":"https:\/\/theinvisiblecollection.com\/fr\/wp-json\/wp\/v2\/manufacturer?post=1836487"},{"taxonomy":"reporting_designer","embeddable":true,"href":"https:\/\/theinvisiblecollection.com\/fr\/wp-json\/wp\/v2\/reporting_designer?post=1836487"},{"taxonomy":"samplecomfabric","embeddable":true,"href":"https:\/\/theinvisiblecollection.com\/fr\/wp-json\/wp\/v2\/samplecomfabric?post=1836487"},{"taxonomy":"clubroom_product_designer","embeddable":true,"href":"https:\/\/theinvisiblecollection.com\/fr\/wp-json\/wp\/v2\/designer_clubroom?post=1836487"}],"curies":[{"name":"wp","href":"https:\/\/api.w.org\/{rel}","templated":true}]}}