{"id":1886449,"date":"2023-02-07T13:36:05","date_gmt":"2023-02-07T12:36:05","guid":{"rendered":"https:\/\/theinvisiblecollection.com\/?post_type=product&#038;p=1886449"},"modified":"2026-05-01T07:38:19","modified_gmt":"2026-05-01T07:38:19","slug":"semeur-detoiles-lustre-ligne-de-perles","status":"publish","type":"product","link":"https:\/\/theinvisiblecollection.com\/fr\/produit\/semeur-detoiles-lustre-ligne-de-perles\/","title":{"rendered":"Lustre Ligne de Perles"},"content":{"rendered":"<p style=\"text-align: justify;\">Le Lustre Ligne de Perles de Semeur d&#8217;\u00c9toiles est un \u00e9l\u00e9ment architectural simple qui participe \u00e0 la structuration d\u2019un espace.<\/p>\n","protected":false},"excerpt":{"rendered":"<p>Chaque pi\u00e8ce est sign\u00e9e et num\u00e9rot\u00e9e par le designer<br \/>\nLustre en verre souffl\u00e9, LEDs<br \/>\nLaiton bross\u00e9<br \/>\nLumi\u00e8res LED, option dimmable sur demande, 50W<br \/>\n\u00c9lectrification adapt\u00e9e aux \u00c9tats-Unis, au Royaume-Uni et \u00e0 l&#8217;Europe<br \/>\nDimensions, mat\u00e9riaux et finitions sur-mesure sur demande<\/p>\n<p>L 130 x l 12 x H 55 cm<br \/>\n\u00d8 Perles : 12 cm<\/p>\n<p>Fabriqu\u00e9 \u00e0 la main en France<br \/>\nD\u00e9lais de production : 8 &#8211; 10 semaines<\/p>\n<p><span style=\"text-decoration: underline;\"><span class=\"s1\"><a href=\"https:\/\/www.theinvisiblecollection.com\/fr\/demande-de-devis\/?product_id=1886449\">Contactez-nous pour toute demande de devis ou de renseignements<\/a><\/span><\/span><\/p>\n","protected":false},"featured_media":1886535,"template":"","meta":{"_acf_changed":false,"content-type":"","_themeisle_gutenberg_block_has_review":false},"product_brand":[],"product_cat":[8961,12507,19977],"product_tag":[9052,9200,9237,9450,9728,10910,11010,11302,11706,11707],"product_designer":[11388],"comfabric":[],"manufacturer":[19677],"reporting_designer":[37883],"samplecomfabric":[],"designer_clubroom":[],"class_list":{"0":"post-1886449","1":"product","2":"type-product","3":"status-publish","4":"has-post-thumbnail","6":"product_cat-suspensions","7":"product_cat-luminaires","8":"product_cat-accessoires-de-salle-de-bain","9":"product_tag-verre-souffle","10":"product_tag-luminaire-fr-2","11":"product_tag-lampe-fr-2","12":"product_tag-suspension-fr-3","13":"product_tag-chandelier-fr","14":"product_tag-salle-de-bain","15":"product_tag-decoration-de-plafond","16":"product_tag-semeur-detoiles","17":"product_tag-moon","18":"product_tag-lune-fr-2","19":"product_designer-semeur-detoiles-fr","20":"manufacturer-semeur-dtoiles-warehouse-fr","21":"reporting_designer-semeur-detoiles","23":"first","24":"instock","25":"taxable","26":"shipping-taxable","27":"purchasable","28":"product-type-variable"},"acf":[],"_links":{"self":[{"href":"https:\/\/theinvisiblecollection.com\/fr\/wp-json\/wp\/v2\/product\/1886449","targetHints":{"allow":["GET"]}}],"collection":[{"href":"https:\/\/theinvisiblecollection.com\/fr\/wp-json\/wp\/v2\/product"}],"about":[{"href":"https:\/\/theinvisiblecollection.com\/fr\/wp-json\/wp\/v2\/types\/product"}],"wp:featuredmedia":[{"embeddable":true,"href":"https:\/\/theinvisiblecollection.com\/fr\/wp-json\/wp\/v2\/media\/1886535"}],"wp:attachment":[{"href":"https:\/\/theinvisiblecollection.com\/fr\/wp-json\/wp\/v2\/media?parent=1886449"}],"wp:term":[{"taxonomy":"product_brand","embeddable":true,"href":"https:\/\/theinvisiblecollection.com\/fr\/wp-json\/wp\/v2\/product_brand?post=1886449"},{"taxonomy":"product_cat","embeddable":true,"href":"https:\/\/theinvisiblecollection.com\/fr\/wp-json\/wp\/v2\/product_cat?post=1886449"},{"taxonomy":"product_tag","embeddable":true,"href":"https:\/\/theinvisiblecollection.com\/fr\/wp-json\/wp\/v2\/product_tag?post=1886449"},{"taxonomy":"product_designer","embeddable":true,"href":"https:\/\/theinvisiblecollection.com\/fr\/wp-json\/wp\/v2\/product_designer?post=1886449"},{"taxonomy":"comfabric","embeddable":true,"href":"https:\/\/theinvisiblecollection.com\/fr\/wp-json\/wp\/v2\/comfabric?post=1886449"},{"taxonomy":"manufacturer","embeddable":true,"href":"https:\/\/theinvisiblecollection.com\/fr\/wp-json\/wp\/v2\/manufacturer?post=1886449"},{"taxonomy":"reporting_designer","embeddable":true,"href":"https:\/\/theinvisiblecollection.com\/fr\/wp-json\/wp\/v2\/reporting_designer?post=1886449"},{"taxonomy":"samplecomfabric","embeddable":true,"href":"https:\/\/theinvisiblecollection.com\/fr\/wp-json\/wp\/v2\/samplecomfabric?post=1886449"},{"taxonomy":"clubroom_product_designer","embeddable":true,"href":"https:\/\/theinvisiblecollection.com\/fr\/wp-json\/wp\/v2\/designer_clubroom?post=1886449"}],"curies":[{"name":"wp","href":"https:\/\/api.w.org\/{rel}","templated":true}]}}