{"id":1888928,"date":"2023-02-07T16:50:04","date_gmt":"2023-02-07T15:50:04","guid":{"rendered":"https:\/\/theinvisiblecollection.com\/?post_type=product&#038;p=1888928"},"modified":"2026-05-01T07:38:19","modified_gmt":"2026-05-01T07:38:19","slug":"semeur-detoiles-paire-dappliques-boucle-doreille-etagee","status":"publish","type":"product","link":"https:\/\/theinvisiblecollection.com\/fr\/produit\/semeur-detoiles-paire-dappliques-boucle-doreille-etagee\/","title":{"rendered":"Paire d&#8217;Appliques Boucle d&#8217;Oreille \u00c9tag\u00e9e"},"content":{"rendered":"<p style=\"text-align: justify;\">Les appliques Boucle d&#8217;Oreille de Semeur d&#8217;\u00c9toiles sont discr\u00e8tes et \u00e9l\u00e9gantes. Nos appliques Perles sont comme des boucles d\u2019oreille pour vos murs. Un grand choix de longueurs, de diam\u00e8tres et de syst\u00e8mes d\u2019accrochage permet de concevoir l\u2019applique la plus adapt\u00e9e \u00e0 vos envies.<\/p>\n","protected":false},"excerpt":{"rendered":"<p>Chaque pi\u00e8ce est sign\u00e9e et num\u00e9rot\u00e9e par le designer<br \/>\nLustre en verre souffl\u00e9, LEDs<br \/>\nLaiton bross\u00e9<br \/>\nLumi\u00e8res LED, 17W<br \/>\n\u00c9lectrification adapt\u00e9e aux \u00c9tats-Unis, au Royaume-Uni et \u00e0 l&#8217;Europe<br \/>\nDimensions, mat\u00e9riaux et finitions sur-mesure sur demande<\/p>\n<p>L 20 x l 14 x H 56 cm<br \/>\n\u00d8 Perles : 8 \/ 10 \/ 12 \/ 14 cm<\/p>\n<p>Fabriqu\u00e9e \u00e0 la main en France<br \/>\nD\u00e9lais de production : 6 &#8211; 8 semaines<\/p>\n<p><span style=\"text-decoration: underline;\"><span class=\"s1\"><a href=\"https:\/\/www.theinvisiblecollection.com\/fr\/demande-de-devis\/?product_id=1888928\">Contactez-nous pour toute demande de devis ou de renseignements<\/a><\/span><\/span><\/p>\n","protected":false},"featured_media":5677516,"template":"","meta":{"_acf_changed":false,"content-type":"","_themeisle_gutenberg_block_has_review":false},"product_brand":[],"product_cat":[8975,12507,19977],"product_tag":[9052,9200,9237,9450,9728,10910,11010,11302,11706,11707],"product_designer":[11388],"comfabric":[],"manufacturer":[19677],"reporting_designer":[37883],"samplecomfabric":[],"designer_clubroom":[],"class_list":{"0":"post-1888928","1":"product","2":"type-product","3":"status-publish","4":"has-post-thumbnail","6":"product_cat-appliques-murales","7":"product_cat-luminaires","8":"product_cat-accessoires-de-salle-de-bain","9":"product_tag-verre-souffle","10":"product_tag-luminaire-fr-2","11":"product_tag-lampe-fr-2","12":"product_tag-suspension-fr-3","13":"product_tag-chandelier-fr","14":"product_tag-salle-de-bain","15":"product_tag-decoration-de-plafond","16":"product_tag-semeur-detoiles","17":"product_tag-moon","18":"product_tag-lune-fr-2","19":"product_designer-semeur-detoiles-fr","20":"manufacturer-semeur-dtoiles-warehouse-fr","21":"reporting_designer-semeur-detoiles","23":"first","24":"instock","25":"taxable","26":"shipping-taxable","27":"purchasable","28":"product-type-variable"},"acf":[],"_links":{"self":[{"href":"https:\/\/theinvisiblecollection.com\/fr\/wp-json\/wp\/v2\/product\/1888928","targetHints":{"allow":["GET"]}}],"collection":[{"href":"https:\/\/theinvisiblecollection.com\/fr\/wp-json\/wp\/v2\/product"}],"about":[{"href":"https:\/\/theinvisiblecollection.com\/fr\/wp-json\/wp\/v2\/types\/product"}],"wp:featuredmedia":[{"embeddable":true,"href":"https:\/\/theinvisiblecollection.com\/fr\/wp-json\/wp\/v2\/media\/5677516"}],"wp:attachment":[{"href":"https:\/\/theinvisiblecollection.com\/fr\/wp-json\/wp\/v2\/media?parent=1888928"}],"wp:term":[{"taxonomy":"product_brand","embeddable":true,"href":"https:\/\/theinvisiblecollection.com\/fr\/wp-json\/wp\/v2\/product_brand?post=1888928"},{"taxonomy":"product_cat","embeddable":true,"href":"https:\/\/theinvisiblecollection.com\/fr\/wp-json\/wp\/v2\/product_cat?post=1888928"},{"taxonomy":"product_tag","embeddable":true,"href":"https:\/\/theinvisiblecollection.com\/fr\/wp-json\/wp\/v2\/product_tag?post=1888928"},{"taxonomy":"product_designer","embeddable":true,"href":"https:\/\/theinvisiblecollection.com\/fr\/wp-json\/wp\/v2\/product_designer?post=1888928"},{"taxonomy":"comfabric","embeddable":true,"href":"https:\/\/theinvisiblecollection.com\/fr\/wp-json\/wp\/v2\/comfabric?post=1888928"},{"taxonomy":"manufacturer","embeddable":true,"href":"https:\/\/theinvisiblecollection.com\/fr\/wp-json\/wp\/v2\/manufacturer?post=1888928"},{"taxonomy":"reporting_designer","embeddable":true,"href":"https:\/\/theinvisiblecollection.com\/fr\/wp-json\/wp\/v2\/reporting_designer?post=1888928"},{"taxonomy":"samplecomfabric","embeddable":true,"href":"https:\/\/theinvisiblecollection.com\/fr\/wp-json\/wp\/v2\/samplecomfabric?post=1888928"},{"taxonomy":"clubroom_product_designer","embeddable":true,"href":"https:\/\/theinvisiblecollection.com\/fr\/wp-json\/wp\/v2\/designer_clubroom?post=1888928"}],"curies":[{"name":"wp","href":"https:\/\/api.w.org\/{rel}","templated":true}]}}