{"id":1899097,"date":"2023-02-08T10:33:10","date_gmt":"2023-02-08T09:33:10","guid":{"rendered":"https:\/\/theinvisiblecollection.com\/?post_type=product&#038;p=1899097"},"modified":"2026-05-08T04:39:33","modified_gmt":"2026-05-08T04:39:33","slug":"korner-interiors-applique-lagoon","status":"publish","type":"product","link":"https:\/\/theinvisiblecollection.com\/fr\/produit\/korner-interiors-applique-lagoon\/","title":{"rendered":"Applique Lagoon"},"content":{"rendered":"","protected":false},"excerpt":{"rendered":"<p style=\"text-align: justify;\">Applique murale \u00e0 trois niveaux en forme de lagon en s\u00e9l\u00e9nite satur\u00e9e<br \/>\nLED int\u00e9gr\u00e9e, peut \u00eatre adapt\u00e9e pour une utilisation dans l&#8217;UE, au Royaume-Uni et aux \u00c9tats-Unis Class\u00e9e<br \/>\nIP et dimmable sur demande<br \/>\nCouleurs disponibles : <a href=\"https:\/\/theinvisiblecollection.com\/fr\/produit\/korner-interiors-applique-lagoon-nude\/\" target=\"_blank\" rel=\"noopener\"><span style=\"text-decoration: underline;\">Nude<\/span><\/a>, <a href=\"https:\/\/theinvisiblecollection.com\/fr\/produit\/korner-interiors-applique-lagoon-violet\/\" target=\"_blank\" rel=\"noopener\"><span style=\"text-decoration: underline;\">Violet<\/span><\/a> ou <a href=\"https:\/\/theinvisiblecollection.com\/fr\/produit\/korner-interiors-applique-lagoon-cafe-au-lait\/\" target=\"_blank\" rel=\"noopener\"><span style=\"text-decoration: underline;\">Caf\u00e9 au lait<\/span><\/a><br \/>\n<a href=\"https:\/\/theinvisiblecollection.com\/wp-content\/uploads\/2023\/02\/InvisibleCollection_Korner-Interiors_Lagoon_WallSconce_ColourSelection.pdf\" target=\"_blank\" rel=\"noopener\"><span style=\"text-decoration: underline;\">D\u00e9couvrez la s\u00e9lection de culeurs ici<\/span><\/a><br \/>\nCouleurs sur-mesure sur demande<\/p>\n<p>Disponible en quatre dimensions<br \/>\nPetit : L 42 x l 12.5 x H 51 cm<br \/>\nMoyen : L 52 x l 12.5 x H 64 cm<br \/>\nGrand : L65 x l 12.5 x H 80 cm<br \/>\nExtra large : L 80 x l 12.5 x H 100 cm<\/p>\n<p>Fabriqu\u00e9e \u00e0 la main au Royaume-Uni<br \/>\nD\u00e9lais de fabrication : 16 semaines<\/p>\n<p class=\"p1\"><span style=\"text-decoration: underline;\"><span class=\"s1\"><a href=\"https:\/\/www.theinvisiblecollection.com\/fr\/demande-de-devis\/?product_id=1899097\">Contactez-nous pour toute demande de devis ou de renseignements<\/a><\/span><\/span><\/p>\n","protected":false},"featured_media":1882083,"template":"","meta":{"_acf_changed":false,"content-type":"","_themeisle_gutenberg_block_has_review":false},"product_brand":[],"product_cat":[8975,12507],"product_tag":[31476,31477],"product_designer":[12048],"comfabric":[],"manufacturer":[22718],"reporting_designer":[37235],"samplecomfabric":[],"designer_clubroom":[],"class_list":{"0":"post-1899097","1":"product","2":"type-product","3":"status-publish","4":"has-post-thumbnail","6":"product_cat-appliques-murales","7":"product_cat-luminaires","8":"product_tag-st-collectible-fr","9":"product_tag-st-curvy-fr","10":"pa_size-extra-large-fr","11":"pa_size-large-fr-2","12":"pa_size-moyen-fr","13":"pa_size-petit","14":"product_designer-korner-interiors-fr","15":"manufacturer-krner-wimbledon-fr","16":"reporting_designer-korner-interiors","18":"first","19":"instock","20":"taxable","21":"shipping-taxable","22":"purchasable","23":"product-type-variable"},"acf":[],"_links":{"self":[{"href":"https:\/\/theinvisiblecollection.com\/fr\/wp-json\/wp\/v2\/product\/1899097","targetHints":{"allow":["GET"]}}],"collection":[{"href":"https:\/\/theinvisiblecollection.com\/fr\/wp-json\/wp\/v2\/product"}],"about":[{"href":"https:\/\/theinvisiblecollection.com\/fr\/wp-json\/wp\/v2\/types\/product"}],"wp:featuredmedia":[{"embeddable":true,"href":"https:\/\/theinvisiblecollection.com\/fr\/wp-json\/wp\/v2\/media\/1882083"}],"wp:attachment":[{"href":"https:\/\/theinvisiblecollection.com\/fr\/wp-json\/wp\/v2\/media?parent=1899097"}],"wp:term":[{"taxonomy":"product_brand","embeddable":true,"href":"https:\/\/theinvisiblecollection.com\/fr\/wp-json\/wp\/v2\/product_brand?post=1899097"},{"taxonomy":"product_cat","embeddable":true,"href":"https:\/\/theinvisiblecollection.com\/fr\/wp-json\/wp\/v2\/product_cat?post=1899097"},{"taxonomy":"product_tag","embeddable":true,"href":"https:\/\/theinvisiblecollection.com\/fr\/wp-json\/wp\/v2\/product_tag?post=1899097"},{"taxonomy":"product_designer","embeddable":true,"href":"https:\/\/theinvisiblecollection.com\/fr\/wp-json\/wp\/v2\/product_designer?post=1899097"},{"taxonomy":"comfabric","embeddable":true,"href":"https:\/\/theinvisiblecollection.com\/fr\/wp-json\/wp\/v2\/comfabric?post=1899097"},{"taxonomy":"manufacturer","embeddable":true,"href":"https:\/\/theinvisiblecollection.com\/fr\/wp-json\/wp\/v2\/manufacturer?post=1899097"},{"taxonomy":"reporting_designer","embeddable":true,"href":"https:\/\/theinvisiblecollection.com\/fr\/wp-json\/wp\/v2\/reporting_designer?post=1899097"},{"taxonomy":"samplecomfabric","embeddable":true,"href":"https:\/\/theinvisiblecollection.com\/fr\/wp-json\/wp\/v2\/samplecomfabric?post=1899097"},{"taxonomy":"clubroom_product_designer","embeddable":true,"href":"https:\/\/theinvisiblecollection.com\/fr\/wp-json\/wp\/v2\/designer_clubroom?post=1899097"}],"curies":[{"name":"wp","href":"https:\/\/api.w.org\/{rel}","templated":true}]}}