{"id":1899588,"date":"2023-02-08T11:28:14","date_gmt":"2023-02-08T10:28:14","guid":{"rendered":"https:\/\/theinvisiblecollection.com\/?post_type=product&#038;p=1899588"},"modified":"2026-05-01T07:38:19","modified_gmt":"2026-05-01T07:38:19","slug":"jean-roger-vase-alesia-2","status":"publish","type":"product","link":"https:\/\/theinvisiblecollection.com\/fr\/produit\/jean-roger-vase-alesia-2\/","title":{"rendered":"Vase Al\u00e9sia"},"content":{"rendered":"<p style=\"text-align: justify;\">Fabriqu\u00e9 \u00e0 la main dans le c\u00e9l\u00e8bre atelier parisien de Jean Roger &#8211; le c\u00e9ramiste attitr\u00e9 de Coco Chanel &#8211; ce motif orn\u00e9 en fa\u00efence rappelle avec fantaisie la forme h\u00e9riss\u00e9e des cactus.<\/p>\n","protected":false},"excerpt":{"rendered":"<ul>\n<li>Cr\u00e9ation 1950, r\u00e9\u00e9dition 2020<\/li>\n<li>Composition : fa\u00efence blanche \/ \u00e9mail ivoire<\/li>\n<\/ul>\n","protected":false},"featured_media":3214899,"template":"","meta":{"_acf_changed":false,"content-type":"","_themeisle_gutenberg_block_has_review":false},"product_brand":[],"product_cat":[19975,19973],"product_tag":[22790],"product_designer":[11654],"comfabric":[],"manufacturer":[16924],"reporting_designer":[37281],"samplecomfabric":[],"designer_clubroom":[20486],"class_list":{"0":"post-1899588","1":"product","2":"type-product","3":"status-publish","4":"has-post-thumbnail","6":"clubroom_taxonomies-gift-room","7":"product_cat-vases-fr","8":"product_cat-accessoires-pour-la-maison","9":"product_tag-disponible-immediatement","10":"product_designer-jean-roger-fr","11":"manufacturer-jean-roger-fr","12":"reporting_designer-jean-roger","13":"clubroom_product_designer-jean-roger-fr","14":"exhibitions-londres-fr","16":"first","17":"instock","18":"taxable","19":"shipping-taxable","20":"purchasable","21":"product-type-simple"},"acf":[],"_links":{"self":[{"href":"https:\/\/theinvisiblecollection.com\/fr\/wp-json\/wp\/v2\/product\/1899588","targetHints":{"allow":["GET"]}}],"collection":[{"href":"https:\/\/theinvisiblecollection.com\/fr\/wp-json\/wp\/v2\/product"}],"about":[{"href":"https:\/\/theinvisiblecollection.com\/fr\/wp-json\/wp\/v2\/types\/product"}],"wp:featuredmedia":[{"embeddable":true,"href":"https:\/\/theinvisiblecollection.com\/fr\/wp-json\/wp\/v2\/media\/3214899"}],"wp:attachment":[{"href":"https:\/\/theinvisiblecollection.com\/fr\/wp-json\/wp\/v2\/media?parent=1899588"}],"wp:term":[{"taxonomy":"product_brand","embeddable":true,"href":"https:\/\/theinvisiblecollection.com\/fr\/wp-json\/wp\/v2\/product_brand?post=1899588"},{"taxonomy":"product_cat","embeddable":true,"href":"https:\/\/theinvisiblecollection.com\/fr\/wp-json\/wp\/v2\/product_cat?post=1899588"},{"taxonomy":"product_tag","embeddable":true,"href":"https:\/\/theinvisiblecollection.com\/fr\/wp-json\/wp\/v2\/product_tag?post=1899588"},{"taxonomy":"product_designer","embeddable":true,"href":"https:\/\/theinvisiblecollection.com\/fr\/wp-json\/wp\/v2\/product_designer?post=1899588"},{"taxonomy":"comfabric","embeddable":true,"href":"https:\/\/theinvisiblecollection.com\/fr\/wp-json\/wp\/v2\/comfabric?post=1899588"},{"taxonomy":"manufacturer","embeddable":true,"href":"https:\/\/theinvisiblecollection.com\/fr\/wp-json\/wp\/v2\/manufacturer?post=1899588"},{"taxonomy":"reporting_designer","embeddable":true,"href":"https:\/\/theinvisiblecollection.com\/fr\/wp-json\/wp\/v2\/reporting_designer?post=1899588"},{"taxonomy":"samplecomfabric","embeddable":true,"href":"https:\/\/theinvisiblecollection.com\/fr\/wp-json\/wp\/v2\/samplecomfabric?post=1899588"},{"taxonomy":"clubroom_product_designer","embeddable":true,"href":"https:\/\/theinvisiblecollection.com\/fr\/wp-json\/wp\/v2\/designer_clubroom?post=1899588"}],"curies":[{"name":"wp","href":"https:\/\/api.w.org\/{rel}","templated":true}]}}