{"id":1945112,"date":"2023-02-14T10:06:44","date_gmt":"2023-02-14T09:06:44","guid":{"rendered":"https:\/\/theinvisiblecollection.com\/?post_type=product&#038;p=1945112"},"modified":"2026-05-01T07:38:16","modified_gmt":"2026-05-01T07:38:16","slug":"lobmeyr-set-de-6-verres-fleurs-orientales-perse","status":"publish","type":"product","link":"https:\/\/theinvisiblecollection.com\/fr\/produit\/lobmeyr-set-de-6-verres-fleurs-orientales-perse\/","title":{"rendered":"Set de 6 Verres Fleurs Orientales Perse"},"content":{"rendered":"<p style=\"text-align: justify;\">Con\u00e7us par Gustav Schmoranz pour Lobmeyrin en 1898, les ornements floraux et color\u00e9s de ces gobelets s&#8217;inspirent de l&#8217;esth\u00e9tique orientale populaire \u00e0 l&#8217;\u00e9poque de l&#8217;ouverture du canal de Suez.<\/p>\n","protected":false},"excerpt":{"rendered":"<ul>\n<li>Lot de 6 verres<\/li>\n<li>Composition : cristal sans plomb \/ souffl\u00e9 \u00e0 la main<\/li>\n<li>D\u00e9tail : motif de lapin grav\u00e9<\/li>\n<\/ul>\n","protected":false},"featured_media":1945145,"template":"","meta":{"_acf_changed":false,"content-type":"","_themeisle_gutenberg_block_has_review":false},"product_brand":[],"product_cat":[19981,19986],"product_tag":[22790],"product_designer":[],"comfabric":[],"manufacturer":[21570],"reporting_designer":[],"samplecomfabric":[],"designer_clubroom":[21578],"class_list":{"0":"post-1945112","1":"product","2":"type-product","3":"status-publish","4":"has-post-thumbnail","6":"clubroom_taxonomies-gift-room","7":"product_cat-art-de-la-table","8":"product_cat-verres","9":"product_tag-disponible-immediatement","10":"manufacturer-lobmeyr-fr","11":"clubroom_product_designer-lobmeyr-fr","12":"exhibitions-paris-fr","13":"exhibitions-new-york-fr","14":"exhibitions-londres-fr","16":"first","17":"instock","18":"taxable","19":"shipping-taxable","20":"purchasable","21":"product-type-simple"},"acf":[],"_links":{"self":[{"href":"https:\/\/theinvisiblecollection.com\/fr\/wp-json\/wp\/v2\/product\/1945112","targetHints":{"allow":["GET"]}}],"collection":[{"href":"https:\/\/theinvisiblecollection.com\/fr\/wp-json\/wp\/v2\/product"}],"about":[{"href":"https:\/\/theinvisiblecollection.com\/fr\/wp-json\/wp\/v2\/types\/product"}],"wp:featuredmedia":[{"embeddable":true,"href":"https:\/\/theinvisiblecollection.com\/fr\/wp-json\/wp\/v2\/media\/1945145"}],"wp:attachment":[{"href":"https:\/\/theinvisiblecollection.com\/fr\/wp-json\/wp\/v2\/media?parent=1945112"}],"wp:term":[{"taxonomy":"product_brand","embeddable":true,"href":"https:\/\/theinvisiblecollection.com\/fr\/wp-json\/wp\/v2\/product_brand?post=1945112"},{"taxonomy":"product_cat","embeddable":true,"href":"https:\/\/theinvisiblecollection.com\/fr\/wp-json\/wp\/v2\/product_cat?post=1945112"},{"taxonomy":"product_tag","embeddable":true,"href":"https:\/\/theinvisiblecollection.com\/fr\/wp-json\/wp\/v2\/product_tag?post=1945112"},{"taxonomy":"product_designer","embeddable":true,"href":"https:\/\/theinvisiblecollection.com\/fr\/wp-json\/wp\/v2\/product_designer?post=1945112"},{"taxonomy":"comfabric","embeddable":true,"href":"https:\/\/theinvisiblecollection.com\/fr\/wp-json\/wp\/v2\/comfabric?post=1945112"},{"taxonomy":"manufacturer","embeddable":true,"href":"https:\/\/theinvisiblecollection.com\/fr\/wp-json\/wp\/v2\/manufacturer?post=1945112"},{"taxonomy":"reporting_designer","embeddable":true,"href":"https:\/\/theinvisiblecollection.com\/fr\/wp-json\/wp\/v2\/reporting_designer?post=1945112"},{"taxonomy":"samplecomfabric","embeddable":true,"href":"https:\/\/theinvisiblecollection.com\/fr\/wp-json\/wp\/v2\/samplecomfabric?post=1945112"},{"taxonomy":"clubroom_product_designer","embeddable":true,"href":"https:\/\/theinvisiblecollection.com\/fr\/wp-json\/wp\/v2\/designer_clubroom?post=1945112"}],"curies":[{"name":"wp","href":"https:\/\/api.w.org\/{rel}","templated":true}]}}