{"id":1945453,"date":"2023-02-14T10:42:15","date_gmt":"2023-02-14T09:42:15","guid":{"rendered":"https:\/\/theinvisiblecollection.com\/?post_type=product&#038;p=1945453"},"modified":"2026-05-01T07:38:16","modified_gmt":"2026-05-01T07:38:16","slug":"lobmeyr-bonbonniere-ii","status":"publish","type":"product","link":"https:\/\/theinvisiblecollection.com\/fr\/produit\/lobmeyr-bonbonniere-ii\/","title":{"rendered":"Bonbonni\u00e8re II"},"content":{"rendered":"<p style=\"text-align: justify;\">Expos\u00e9e pour la premi\u00e8re fois \u00e0 l&#8217;Exposition des Arts D\u00e9coratifs de Paris en 1925, cette\u00a0 bonbonni\u00e8re simple mais ing\u00e9nieuse, fabriqu\u00e9e en verre souffl\u00e9 \u00e0 la bouche, s\u00e9duit par son \u00e9l\u00e9gante l\u00e9g\u00e8ret\u00e9.<\/p>\n","protected":false},"excerpt":{"rendered":"<ul>\n<li>Composition : cristal sans plomb \/ souffl\u00e9 \u00e0 la main<\/li>\n<li>Design par Oswald Haerdtl, 1925<\/li>\n<\/ul>\n","protected":false},"featured_media":1945519,"template":"","meta":{"_acf_changed":false,"content-type":"","_themeisle_gutenberg_block_has_review":false},"product_brand":[],"product_cat":[19981,19986,19990],"product_tag":[22790],"product_designer":[],"comfabric":[],"manufacturer":[21570],"reporting_designer":[],"samplecomfabric":[],"designer_clubroom":[21578],"class_list":{"0":"post-1945453","1":"product","2":"type-product","3":"status-publish","4":"has-post-thumbnail","6":"clubroom_taxonomies-gift-room","7":"product_cat-art-de-la-table","8":"product_cat-verres","9":"product_cat-accessoires-de-cuisine","10":"product_tag-disponible-immediatement","11":"pa_size-moyen","12":"pa_size-petit-fr","13":"manufacturer-lobmeyr-fr","14":"clubroom_product_designer-lobmeyr-fr","15":"exhibitions-paris-fr","16":"exhibitions-new-york-fr","17":"exhibitions-londres-fr","19":"first","20":"instock","21":"taxable","22":"shipping-taxable","23":"purchasable","24":"product-type-variable"},"acf":[],"_links":{"self":[{"href":"https:\/\/theinvisiblecollection.com\/fr\/wp-json\/wp\/v2\/product\/1945453","targetHints":{"allow":["GET"]}}],"collection":[{"href":"https:\/\/theinvisiblecollection.com\/fr\/wp-json\/wp\/v2\/product"}],"about":[{"href":"https:\/\/theinvisiblecollection.com\/fr\/wp-json\/wp\/v2\/types\/product"}],"wp:featuredmedia":[{"embeddable":true,"href":"https:\/\/theinvisiblecollection.com\/fr\/wp-json\/wp\/v2\/media\/1945519"}],"wp:attachment":[{"href":"https:\/\/theinvisiblecollection.com\/fr\/wp-json\/wp\/v2\/media?parent=1945453"}],"wp:term":[{"taxonomy":"product_brand","embeddable":true,"href":"https:\/\/theinvisiblecollection.com\/fr\/wp-json\/wp\/v2\/product_brand?post=1945453"},{"taxonomy":"product_cat","embeddable":true,"href":"https:\/\/theinvisiblecollection.com\/fr\/wp-json\/wp\/v2\/product_cat?post=1945453"},{"taxonomy":"product_tag","embeddable":true,"href":"https:\/\/theinvisiblecollection.com\/fr\/wp-json\/wp\/v2\/product_tag?post=1945453"},{"taxonomy":"product_designer","embeddable":true,"href":"https:\/\/theinvisiblecollection.com\/fr\/wp-json\/wp\/v2\/product_designer?post=1945453"},{"taxonomy":"comfabric","embeddable":true,"href":"https:\/\/theinvisiblecollection.com\/fr\/wp-json\/wp\/v2\/comfabric?post=1945453"},{"taxonomy":"manufacturer","embeddable":true,"href":"https:\/\/theinvisiblecollection.com\/fr\/wp-json\/wp\/v2\/manufacturer?post=1945453"},{"taxonomy":"reporting_designer","embeddable":true,"href":"https:\/\/theinvisiblecollection.com\/fr\/wp-json\/wp\/v2\/reporting_designer?post=1945453"},{"taxonomy":"samplecomfabric","embeddable":true,"href":"https:\/\/theinvisiblecollection.com\/fr\/wp-json\/wp\/v2\/samplecomfabric?post=1945453"},{"taxonomy":"clubroom_product_designer","embeddable":true,"href":"https:\/\/theinvisiblecollection.com\/fr\/wp-json\/wp\/v2\/designer_clubroom?post=1945453"}],"curies":[{"name":"wp","href":"https:\/\/api.w.org\/{rel}","templated":true}]}}