{"id":1949065,"date":"2023-02-14T15:31:20","date_gmt":"2023-02-14T14:31:20","guid":{"rendered":"https:\/\/theinvisiblecollection.com\/?post_type=product&#038;p=1949065"},"modified":"2026-05-01T07:38:16","modified_gmt":"2026-05-01T07:38:16","slug":"luhdo-plateau-cuir-laguna-tempesta","status":"publish","type":"product","link":"https:\/\/theinvisiblecollection.com\/fr\/produit\/luhdo-plateau-cuir-laguna-tempesta\/","title":{"rendered":"Plateau Cuir Laguna Tempesta"},"content":{"rendered":"<p style=\"text-align: justify\">Un ravissant plateau \u00e0 bibelots en cuir de veau souple cousu \u00e0 la main, repr\u00e9sentant un animal miniature. L&#8217;objet parfait pour d\u00e9corer une table basse ou un bureau d&#8217;atelier.<\/p>\n","protected":false},"excerpt":{"rendered":"<ul>\n<li>Composition : 100% peau de veau souple \/ cuir svuotatasche<\/li>\n<li>Couleur : tempesta<\/li>\n<\/ul>\n","protected":false},"featured_media":1949115,"template":"","meta":{"_acf_changed":false,"content-type":"","_themeisle_gutenberg_block_has_review":false},"product_brand":[],"product_cat":[12536,19973],"product_tag":[22790],"product_designer":[],"comfabric":[],"manufacturer":[21665],"reporting_designer":[],"samplecomfabric":[],"designer_clubroom":[21673],"class_list":{"0":"post-1949065","1":"product","2":"type-product","3":"status-publish","4":"has-post-thumbnail","6":"clubroom_taxonomies-gift-room","7":"product_cat-plateaux-vide-poche","8":"product_cat-accessoires-pour-la-maison","9":"product_tag-disponible-immediatement","10":"manufacturer-luhdo-fr","11":"clubroom_product_designer-luhdo-fr","12":"exhibitions-londres-fr","14":"first","15":"instock","16":"taxable","17":"shipping-taxable","18":"purchasable","19":"product-type-simple"},"acf":[],"_links":{"self":[{"href":"https:\/\/theinvisiblecollection.com\/fr\/wp-json\/wp\/v2\/product\/1949065","targetHints":{"allow":["GET"]}}],"collection":[{"href":"https:\/\/theinvisiblecollection.com\/fr\/wp-json\/wp\/v2\/product"}],"about":[{"href":"https:\/\/theinvisiblecollection.com\/fr\/wp-json\/wp\/v2\/types\/product"}],"wp:featuredmedia":[{"embeddable":true,"href":"https:\/\/theinvisiblecollection.com\/fr\/wp-json\/wp\/v2\/media\/1949115"}],"wp:attachment":[{"href":"https:\/\/theinvisiblecollection.com\/fr\/wp-json\/wp\/v2\/media?parent=1949065"}],"wp:term":[{"taxonomy":"product_brand","embeddable":true,"href":"https:\/\/theinvisiblecollection.com\/fr\/wp-json\/wp\/v2\/product_brand?post=1949065"},{"taxonomy":"product_cat","embeddable":true,"href":"https:\/\/theinvisiblecollection.com\/fr\/wp-json\/wp\/v2\/product_cat?post=1949065"},{"taxonomy":"product_tag","embeddable":true,"href":"https:\/\/theinvisiblecollection.com\/fr\/wp-json\/wp\/v2\/product_tag?post=1949065"},{"taxonomy":"product_designer","embeddable":true,"href":"https:\/\/theinvisiblecollection.com\/fr\/wp-json\/wp\/v2\/product_designer?post=1949065"},{"taxonomy":"comfabric","embeddable":true,"href":"https:\/\/theinvisiblecollection.com\/fr\/wp-json\/wp\/v2\/comfabric?post=1949065"},{"taxonomy":"manufacturer","embeddable":true,"href":"https:\/\/theinvisiblecollection.com\/fr\/wp-json\/wp\/v2\/manufacturer?post=1949065"},{"taxonomy":"reporting_designer","embeddable":true,"href":"https:\/\/theinvisiblecollection.com\/fr\/wp-json\/wp\/v2\/reporting_designer?post=1949065"},{"taxonomy":"samplecomfabric","embeddable":true,"href":"https:\/\/theinvisiblecollection.com\/fr\/wp-json\/wp\/v2\/samplecomfabric?post=1949065"},{"taxonomy":"clubroom_product_designer","embeddable":true,"href":"https:\/\/theinvisiblecollection.com\/fr\/wp-json\/wp\/v2\/designer_clubroom?post=1949065"}],"curies":[{"name":"wp","href":"https:\/\/api.w.org\/{rel}","templated":true}]}}