{"id":1960439,"date":"2023-02-15T16:13:03","date_gmt":"2023-02-15T15:13:03","guid":{"rendered":"https:\/\/theinvisiblecollection.com\/?post_type=product&#038;p=1960439"},"modified":"2026-05-01T07:38:16","modified_gmt":"2026-05-01T07:38:16","slug":"charlotte-biltgen-fauteuil-elena","status":"publish","type":"product","link":"https:\/\/theinvisiblecollection.com\/fr\/produit\/charlotte-biltgen-fauteuil-elena\/","title":{"rendered":"Fauteuil Elena"},"content":{"rendered":"<p style=\"text-align: justify;\">Avec sa coque en rotin tress\u00e9 comme une carapace d\u2019osier, le fauteuil Elena marie charme r\u00e9tro et modernit\u00e9. Ses courbes g\u00e9n\u00e9reuses sont sublim\u00e9es par une structure l\u00e9g\u00e8re et naturelle, pour une \u00e9l\u00e9gance chic et d\u00e9tendue. Sign\u00e9 Charlotte Biltgen, il incarne un design intemporel, \u00e0 la fois chaleureux, raffin\u00e9 et confortable.<\/p>\n","protected":false},"excerpt":{"rendered":"<p>Fauteuil photographi\u00e9s ici en tissu Dedar Campus, couleur Foresta<br \/>\n\u00c9galement disponible en tissu Dedar, Young &amp; Lovely ou Soft Place<br \/>\n<a href=\"https:\/\/theinvisiblecollection.com\/wp-content\/uploads\/2023\/02\/InvisibleCollection_CharlotteBiltgen_Materials-selection_ElenaArmchair.pdf\" target=\"_blank\" rel=\"noopener\"><span style=\"text-decoration: underline;\">D\u00e9couvrez la s\u00e9lection de tissus ici<\/span><\/a><br \/>\n\u00c9galement disponible <a href=\"https:\/\/theinvisiblecollection.com\/fr\/produit\/fauteuil-eileen\/\" target=\"_blank\" rel=\"noopener\"><span style=\"text-decoration: underline;\">enti\u00e8rement en tissu\u00a0<\/span><\/a><br \/>\nStructure en rotin<br \/>\nCoussin inclus<br \/>\nPossible pour un usage ext\u00e9rieur sur demande<\/p>\n<p>L 104 x P 85 x H 65 cm<br \/>\nHauteur d\u2019assise : 43 cm<br \/>\nTissu requis : 6.5 m<\/p>\n<p>Fabriqu\u00e9 \u00e0 la main en France<br \/>\nD\u00e9lais de production : 10 &#8211; 12 semaines<\/p>\n<p><span style=\"text-decoration: underline;\"><a href=\"https:\/\/www.theinvisiblecollection.com\/fr\/demande-de-devis\/?product_id=1960439\" target=\"_blank\" rel=\"noopener\">Contactez-nous pour toute demande de devis ou de renseignements<\/a><\/span><\/p>\n","protected":false},"featured_media":5854787,"template":"","meta":{"_acf_changed":false,"content-type":"","_themeisle_gutenberg_block_has_review":false},"product_brand":[],"product_cat":[8945,10549,12499,13076],"product_tag":[9150,10481,10482],"product_designer":[8923],"comfabric":[29352],"manufacturer":[20337],"reporting_designer":[37451],"samplecomfabric":[30114],"designer_clubroom":[],"class_list":{"0":"post-1960439","1":"product","2":"type-product","3":"status-publish","4":"has-post-thumbnail","6":"product_cat-fauteuils","7":"product_cat-mobilier-dexterieur","8":"product_cat-assises","9":"product_cat-bureau-a-la-maison","10":"product_tag-fauteuil-fr-2","11":"product_tag-charlotte-biltgen-fr","12":"product_tag-eileen","13":"product_designer-charlotte-biltgen-fr","14":"comfabric-aura-fr","15":"manufacturer-roissy-emballage-c-o-consulttransport-fr","16":"reporting_designer-charlotte-biltgen","17":"samplecomfabric-charlotte-biltgen-fr","18":"exhibitions-paris-fr","20":"first","21":"instock","22":"taxable","23":"shipping-taxable","24":"purchasable","25":"product-type-variable"},"acf":[],"_links":{"self":[{"href":"https:\/\/theinvisiblecollection.com\/fr\/wp-json\/wp\/v2\/product\/1960439","targetHints":{"allow":["GET"]}}],"collection":[{"href":"https:\/\/theinvisiblecollection.com\/fr\/wp-json\/wp\/v2\/product"}],"about":[{"href":"https:\/\/theinvisiblecollection.com\/fr\/wp-json\/wp\/v2\/types\/product"}],"wp:featuredmedia":[{"embeddable":true,"href":"https:\/\/theinvisiblecollection.com\/fr\/wp-json\/wp\/v2\/media\/5854787"}],"wp:attachment":[{"href":"https:\/\/theinvisiblecollection.com\/fr\/wp-json\/wp\/v2\/media?parent=1960439"}],"wp:term":[{"taxonomy":"product_brand","embeddable":true,"href":"https:\/\/theinvisiblecollection.com\/fr\/wp-json\/wp\/v2\/product_brand?post=1960439"},{"taxonomy":"product_cat","embeddable":true,"href":"https:\/\/theinvisiblecollection.com\/fr\/wp-json\/wp\/v2\/product_cat?post=1960439"},{"taxonomy":"product_tag","embeddable":true,"href":"https:\/\/theinvisiblecollection.com\/fr\/wp-json\/wp\/v2\/product_tag?post=1960439"},{"taxonomy":"product_designer","embeddable":true,"href":"https:\/\/theinvisiblecollection.com\/fr\/wp-json\/wp\/v2\/product_designer?post=1960439"},{"taxonomy":"comfabric","embeddable":true,"href":"https:\/\/theinvisiblecollection.com\/fr\/wp-json\/wp\/v2\/comfabric?post=1960439"},{"taxonomy":"manufacturer","embeddable":true,"href":"https:\/\/theinvisiblecollection.com\/fr\/wp-json\/wp\/v2\/manufacturer?post=1960439"},{"taxonomy":"reporting_designer","embeddable":true,"href":"https:\/\/theinvisiblecollection.com\/fr\/wp-json\/wp\/v2\/reporting_designer?post=1960439"},{"taxonomy":"samplecomfabric","embeddable":true,"href":"https:\/\/theinvisiblecollection.com\/fr\/wp-json\/wp\/v2\/samplecomfabric?post=1960439"},{"taxonomy":"clubroom_product_designer","embeddable":true,"href":"https:\/\/theinvisiblecollection.com\/fr\/wp-json\/wp\/v2\/designer_clubroom?post=1960439"}],"curies":[{"name":"wp","href":"https:\/\/api.w.org\/{rel}","templated":true}]}}